{"id":7552,"date":"2024-02-28T17:45:14","date_gmt":"2024-02-28T16:45:14","guid":{"rendered":"https:\/\/ferrettogroup.websitesimple.it\/installazione-e-direzione-lavori\/"},"modified":"2024-05-03T15:01:32","modified_gmt":"2024-05-03T13:01:32","slug":"gestion-de-linstallation-et-de-la-construction","status":"publish","type":"page","link":"https:\/\/ferretto.com\/fr\/services\/gestion-de-linstallation-et-de-la-construction\/","title":{"rendered":"Gestion de l&rsquo;installation et de la construction"},"content":{"rendered":"\n<p><strong>Une attention maximale aux d\u00e9tails pour garantir la s\u00e9curit\u00e9 et la fiabilit\u00e9<\/strong><\/p>\n\n\n\n<p>Nous accordons une attention particuli\u00e8re aux op\u00e9rations d&rsquo;installation et de montage.&nbsp;Nous coordonnons toutes les phases, en nous appuyant sur un r\u00e9seau de partenaires certifi\u00e9s ou en activant des \u00e9quipes internes qui se d\u00e9placent sur le site pour g\u00e9rer et superviser les op\u00e9rations.&nbsp;Gr\u00e2ce \u00e0 l&rsquo;expertise de nos techniciens, nous effectuons \u00e9galement des contr\u00f4les sur les travaux de construction, \u00e0 commencer par les fondations et les radiers.&nbsp;C&rsquo;est \u00e9galement en prenant soin de cette phase que nous r\u00e9alisons des entrep\u00f4ts s\u00fbrs, fiables dans le temps et adapt\u00e9s aux besoins du client<em>.<\/em><\/p>\n","protected":false},"excerpt":{"rendered":"<p>Une attention maximale aux d\u00e9tails pour garantir la s\u00e9curit\u00e9 et la fiabilit\u00e9 Nous accordons une attention particuli\u00e8re aux op\u00e9rations d&rsquo;installation et de montage.&nbsp;Nous coordonnons toutes les phases, en nous appuyant sur un r\u00e9seau de partenaires certifi\u00e9s ou en activant des \u00e9quipes internes qui se d\u00e9placent sur le site pour g\u00e9rer et superviser les op\u00e9rations.&nbsp;Gr\u00e2ce \u00e0 [&hellip;]<\/p>\n","protected":false},"author":1,"featured_media":5544,"parent":4980,"menu_order":0,"comment_status":"closed","ping_status":"closed","template":"page-templates\/template-servizi.php","meta":{"_acf_changed":false,"footnotes":""},"class_list":["post-7552","page","type-page","status-publish","has-post-thumbnail","hentry"],"acf":[],"yoast_head":"<!-- This site is optimized with the Yoast SEO plugin v27.0 - https:\/\/yoast.com\/product\/yoast-seo-wordpress\/ -->\n<title>Gestion de l&#039;installation et de la construction - Ferretto SpA<\/title>\n<meta name=\"robots\" content=\"index, follow, max-snippet:-1, max-image-preview:large, max-video-preview:-1\" \/>\n<link rel=\"canonical\" href=\"https:\/\/ferretto.com\/servizi\/installazione\/\" \/>\n<meta property=\"og:locale\" content=\"fr_FR\" \/>\n<meta property=\"og:type\" content=\"article\" \/>\n<meta property=\"og:title\" content=\"Gestion de l&#039;installation et de la construction - Ferretto SpA\" \/>\n<meta property=\"og:description\" content=\"Une attention maximale aux d\u00e9tails pour garantir la s\u00e9curit\u00e9 et la fiabilit\u00e9 Nous accordons une attention particuli\u00e8re aux op\u00e9rations d&rsquo;installation et de montage.&nbsp;Nous coordonnons toutes les phases, en nous appuyant sur un r\u00e9seau de partenaires certifi\u00e9s ou en activant des \u00e9quipes internes qui se d\u00e9placent sur le site pour g\u00e9rer et superviser les op\u00e9rations.&nbsp;Gr\u00e2ce \u00e0 [&hellip;]\" \/>\n<meta property=\"og:url\" content=\"https:\/\/ferretto.com\/servizi\/installazione\/\" \/>\n<meta property=\"og:site_name\" content=\"Ferretto SpA\" \/>\n<meta property=\"article:modified_time\" content=\"2024-05-03T13:01:32+00:00\" \/>\n<meta name=\"twitter:card\" content=\"summary_large_image\" \/>\n<meta name=\"twitter:label1\" content=\"Dur\u00e9e de lecture estim\u00e9e\" \/>\n\t<meta name=\"twitter:data1\" content=\"1 minute\" \/>\n<script type=\"application\/ld+json\" class=\"yoast-schema-graph\">{\"@context\":\"https:\/\/schema.org\",\"@graph\":[{\"@type\":\"WebPage\",\"@id\":\"https:\/\/ferretto.com\/servizi\/installazione\/\",\"url\":\"https:\/\/ferretto.com\/servizi\/installazione\/\",\"name\":\"Gestion de l'installation et de la construction - Ferretto SpA\",\"isPartOf\":{\"@id\":\"https:\/\/ferretto.com\/#website\"},\"primaryImageOfPage\":{\"@id\":\"https:\/\/ferretto.com\/servizi\/installazione\/#primaryimage\"},\"image\":{\"@id\":\"https:\/\/ferretto.com\/servizi\/installazione\/#primaryimage\"},\"thumbnailUrl\":\"https:\/\/ferretto.com\/wp-content\/uploads\/2024\/03\/Installazione-e-direzione-lavori-pdf.jpg\",\"datePublished\":\"2024-02-28T16:45:14+00:00\",\"dateModified\":\"2024-05-03T13:01:32+00:00\",\"breadcrumb\":{\"@id\":\"https:\/\/ferretto.com\/servizi\/installazione\/#breadcrumb\"},\"inLanguage\":\"fr-FR\",\"potentialAction\":[{\"@type\":\"ReadAction\",\"target\":[\"https:\/\/ferretto.com\/servizi\/installazione\/\"]}]},{\"@type\":\"ImageObject\",\"inLanguage\":\"fr-FR\",\"@id\":\"https:\/\/ferretto.com\/servizi\/installazione\/#primaryimage\",\"url\":\"https:\/\/ferretto.com\/wp-content\/uploads\/2024\/03\/Installazione-e-direzione-lavori-pdf.jpg\",\"contentUrl\":\"https:\/\/ferretto.com\/wp-content\/uploads\/2024\/03\/Installazione-e-direzione-lavori-pdf.jpg\",\"caption\":\"installation and project management\"},{\"@type\":\"BreadcrumbList\",\"@id\":\"https:\/\/ferretto.com\/servizi\/installazione\/#breadcrumb\",\"itemListElement\":[{\"@type\":\"ListItem\",\"position\":1,\"name\":\"Home\",\"item\":\"https:\/\/ferretto.com\/\"},{\"@type\":\"ListItem\",\"position\":2,\"name\":\"Services\",\"item\":\"https:\/\/ferretto.com\/servizi\/\"},{\"@type\":\"ListItem\",\"position\":3,\"name\":\"Gestion de l&#8217;installation et de la construction\"}]},{\"@type\":\"WebSite\",\"@id\":\"https:\/\/ferretto.com\/#website\",\"url\":\"https:\/\/ferretto.com\/\",\"name\":\"Ferretto SPA\",\"description\":\"\",\"publisher\":{\"@id\":\"https:\/\/ferretto.com\/#organization\"},\"potentialAction\":[{\"@type\":\"SearchAction\",\"target\":{\"@type\":\"EntryPoint\",\"urlTemplate\":\"https:\/\/ferretto.com\/?s={search_term_string}\"},\"query-input\":{\"@type\":\"PropertyValueSpecification\",\"valueRequired\":true,\"valueName\":\"search_term_string\"}}],\"inLanguage\":\"fr-FR\"},{\"@type\":\"Organization\",\"@id\":\"https:\/\/ferretto.com\/#organization\",\"name\":\"Ferretto SPA\",\"url\":\"https:\/\/ferretto.com\/\",\"logo\":{\"@type\":\"ImageObject\",\"inLanguage\":\"fr-FR\",\"@id\":\"https:\/\/ferretto.com\/#\/schema\/logo\/image\/\",\"url\":\"https:\/\/ferretto.com\/wp-content\/uploads\/2024\/02\/FERRETTO-logo-orizz-con-payoff-col.png\",\"contentUrl\":\"https:\/\/ferretto.com\/wp-content\/uploads\/2024\/02\/FERRETTO-logo-orizz-con-payoff-col.png\",\"width\":3190,\"height\":598,\"caption\":\"Ferretto SPA\"},\"image\":{\"@id\":\"https:\/\/ferretto.com\/#\/schema\/logo\/image\/\"}}]}<\/script>\n<!-- \/ Yoast SEO plugin. -->","yoast_head_json":{"title":"Gestion de l'installation et de la construction - Ferretto SpA","robots":{"index":"index","follow":"follow","max-snippet":"max-snippet:-1","max-image-preview":"max-image-preview:large","max-video-preview":"max-video-preview:-1"},"canonical":"https:\/\/ferretto.com\/servizi\/installazione\/","og_locale":"fr_FR","og_type":"article","og_title":"Gestion de l'installation et de la construction - Ferretto SpA","og_description":"Une attention maximale aux d\u00e9tails pour garantir la s\u00e9curit\u00e9 et la fiabilit\u00e9 Nous accordons une attention particuli\u00e8re aux op\u00e9rations d&rsquo;installation et de montage.&nbsp;Nous coordonnons toutes les phases, en nous appuyant sur un r\u00e9seau de partenaires certifi\u00e9s ou en activant des \u00e9quipes internes qui se d\u00e9placent sur le site pour g\u00e9rer et superviser les op\u00e9rations.&nbsp;Gr\u00e2ce \u00e0 [&hellip;]","og_url":"https:\/\/ferretto.com\/servizi\/installazione\/","og_site_name":"Ferretto SpA","article_modified_time":"2024-05-03T13:01:32+00:00","twitter_card":"summary_large_image","twitter_misc":{"Dur\u00e9e de lecture estim\u00e9e":"1 minute"},"schema":{"@context":"https:\/\/schema.org","@graph":[{"@type":"WebPage","@id":"https:\/\/ferretto.com\/servizi\/installazione\/","url":"https:\/\/ferretto.com\/servizi\/installazione\/","name":"Gestion de l'installation et de la construction - Ferretto SpA","isPartOf":{"@id":"https:\/\/ferretto.com\/#website"},"primaryImageOfPage":{"@id":"https:\/\/ferretto.com\/servizi\/installazione\/#primaryimage"},"image":{"@id":"https:\/\/ferretto.com\/servizi\/installazione\/#primaryimage"},"thumbnailUrl":"https:\/\/ferretto.com\/wp-content\/uploads\/2024\/03\/Installazione-e-direzione-lavori-pdf.jpg","datePublished":"2024-02-28T16:45:14+00:00","dateModified":"2024-05-03T13:01:32+00:00","breadcrumb":{"@id":"https:\/\/ferretto.com\/servizi\/installazione\/#breadcrumb"},"inLanguage":"fr-FR","potentialAction":[{"@type":"ReadAction","target":["https:\/\/ferretto.com\/servizi\/installazione\/"]}]},{"@type":"ImageObject","inLanguage":"fr-FR","@id":"https:\/\/ferretto.com\/servizi\/installazione\/#primaryimage","url":"https:\/\/ferretto.com\/wp-content\/uploads\/2024\/03\/Installazione-e-direzione-lavori-pdf.jpg","contentUrl":"https:\/\/ferretto.com\/wp-content\/uploads\/2024\/03\/Installazione-e-direzione-lavori-pdf.jpg","caption":"installation and project management"},{"@type":"BreadcrumbList","@id":"https:\/\/ferretto.com\/servizi\/installazione\/#breadcrumb","itemListElement":[{"@type":"ListItem","position":1,"name":"Home","item":"https:\/\/ferretto.com\/"},{"@type":"ListItem","position":2,"name":"Services","item":"https:\/\/ferretto.com\/servizi\/"},{"@type":"ListItem","position":3,"name":"Gestion de l&#8217;installation et de la construction"}]},{"@type":"WebSite","@id":"https:\/\/ferretto.com\/#website","url":"https:\/\/ferretto.com\/","name":"Ferretto SPA","description":"","publisher":{"@id":"https:\/\/ferretto.com\/#organization"},"potentialAction":[{"@type":"SearchAction","target":{"@type":"EntryPoint","urlTemplate":"https:\/\/ferretto.com\/?s={search_term_string}"},"query-input":{"@type":"PropertyValueSpecification","valueRequired":true,"valueName":"search_term_string"}}],"inLanguage":"fr-FR"},{"@type":"Organization","@id":"https:\/\/ferretto.com\/#organization","name":"Ferretto SPA","url":"https:\/\/ferretto.com\/","logo":{"@type":"ImageObject","inLanguage":"fr-FR","@id":"https:\/\/ferretto.com\/#\/schema\/logo\/image\/","url":"https:\/\/ferretto.com\/wp-content\/uploads\/2024\/02\/FERRETTO-logo-orizz-con-payoff-col.png","contentUrl":"https:\/\/ferretto.com\/wp-content\/uploads\/2024\/02\/FERRETTO-logo-orizz-con-payoff-col.png","width":3190,"height":598,"caption":"Ferretto SPA"},"image":{"@id":"https:\/\/ferretto.com\/#\/schema\/logo\/image\/"}}]}},"_links":{"self":[{"href":"https:\/\/ferretto.com\/fr\/wp-json\/wp\/v2\/pages\/7552","targetHints":{"allow":["GET"]}}],"collection":[{"href":"https:\/\/ferretto.com\/fr\/wp-json\/wp\/v2\/pages"}],"about":[{"href":"https:\/\/ferretto.com\/fr\/wp-json\/wp\/v2\/types\/page"}],"author":[{"embeddable":true,"href":"https:\/\/ferretto.com\/fr\/wp-json\/wp\/v2\/users\/1"}],"replies":[{"embeddable":true,"href":"https:\/\/ferretto.com\/fr\/wp-json\/wp\/v2\/comments?post=7552"}],"version-history":[{"count":1,"href":"https:\/\/ferretto.com\/fr\/wp-json\/wp\/v2\/pages\/7552\/revisions"}],"predecessor-version":[{"id":7557,"href":"https:\/\/ferretto.com\/fr\/wp-json\/wp\/v2\/pages\/7552\/revisions\/7557"}],"up":[{"embeddable":true,"href":"https:\/\/ferretto.com\/fr\/wp-json\/wp\/v2\/pages\/4980"}],"wp:featuredmedia":[{"embeddable":true,"href":"https:\/\/ferretto.com\/fr\/wp-json\/wp\/v2\/media\/5544"}],"wp:attachment":[{"href":"https:\/\/ferretto.com\/fr\/wp-json\/wp\/v2\/media?parent=7552"}],"curies":[{"name":"wp","href":"https:\/\/api.w.org\/{rel}","templated":true}]}}