{"id":4984,"date":"2024-04-02T23:44:00","date_gmt":"2024-04-02T21:44:00","guid":{"rendered":"https:\/\/ferrettogroup.websitesimple.it\/servizi\/consulenza-e-progettazione\/"},"modified":"2024-05-03T14:59:39","modified_gmt":"2024-05-03T12:59:39","slug":"conseil-et-definition-des-besoins","status":"publish","type":"page","link":"https:\/\/ferretto.com\/fr\/services\/conseil-et-definition-des-besoins\/","title":{"rendered":"Conseil et definition des besoins"},"content":{"rendered":"\n<p><strong>Nous concevons la solution \u00a0\u00bb sur mesure \u00a0\u00bb pour vous<\/strong><\/p>\n\n\n\n<p>Chaque entreprise a des besoins, des exigences et des objectifs sp\u00e9cifiques. C&rsquo;est pourquoi nous concevons chaque entrep\u00f4t en commen\u00e7ant par \u00e9couter et analyser le cas individuel afin de d\u00e9finir la solution la plus efficace pour nos partenaires. Pour ce faire, nous nous appuyons sur l&rsquo;expertise acquise au fil des ans par nos techniciens et sur l&rsquo;utilisation des technologies les plus r\u00e9centes. Nous simulons ainsi tous les aspects pour garantir un syst\u00e8me logistique vraiment performant et efficace.&nbsp;&nbsp;<\/p>\n","protected":false},"excerpt":{"rendered":"<p>Nous concevons la solution \u00a0\u00bb sur mesure \u00a0\u00bb pour vous Chaque entreprise a des besoins, des exigences et des objectifs sp\u00e9cifiques. C&rsquo;est pourquoi nous concevons chaque entrep\u00f4t en commen\u00e7ant par \u00e9couter et analyser le cas individuel afin de d\u00e9finir la solution la plus efficace pour nos partenaires. Pour ce faire, nous nous appuyons sur l&rsquo;expertise [&hellip;]<\/p>\n","protected":false},"author":1,"featured_media":5564,"parent":4980,"menu_order":0,"comment_status":"closed","ping_status":"closed","template":"page-templates\/template-servizi.php","meta":{"_acf_changed":false,"footnotes":""},"class_list":["post-4984","page","type-page","status-publish","has-post-thumbnail","hentry"],"acf":[],"yoast_head":"<!-- This site is optimized with the Yoast SEO plugin v27.0 - https:\/\/yoast.com\/product\/yoast-seo-wordpress\/ -->\n<title>Conseil et definition des besoins - Ferretto SpA<\/title>\n<meta name=\"robots\" content=\"index, follow, max-snippet:-1, max-image-preview:large, max-video-preview:-1\" \/>\n<link rel=\"canonical\" href=\"https:\/\/ferretto.com\/servizi\/consulenza-e-progettazione\/\" \/>\n<meta property=\"og:locale\" content=\"fr_FR\" \/>\n<meta property=\"og:type\" content=\"article\" \/>\n<meta property=\"og:title\" content=\"Conseil et definition des besoins - Ferretto SpA\" \/>\n<meta property=\"og:description\" content=\"Nous concevons la solution \u00a0\u00bb sur mesure \u00a0\u00bb pour vous Chaque entreprise a des besoins, des exigences et des objectifs sp\u00e9cifiques. C&rsquo;est pourquoi nous concevons chaque entrep\u00f4t en commen\u00e7ant par \u00e9couter et analyser le cas individuel afin de d\u00e9finir la solution la plus efficace pour nos partenaires. Pour ce faire, nous nous appuyons sur l&rsquo;expertise [&hellip;]\" \/>\n<meta property=\"og:url\" content=\"https:\/\/ferretto.com\/servizi\/consulenza-e-progettazione\/\" \/>\n<meta property=\"og:site_name\" content=\"Ferretto SpA\" \/>\n<meta property=\"article:modified_time\" content=\"2024-05-03T12:59:39+00:00\" \/>\n<meta name=\"twitter:card\" content=\"summary_large_image\" \/>\n<meta name=\"twitter:label1\" content=\"Dur\u00e9e de lecture estim\u00e9e\" \/>\n\t<meta name=\"twitter:data1\" content=\"1 minute\" \/>\n<script type=\"application\/ld+json\" class=\"yoast-schema-graph\">{\"@context\":\"https:\/\/schema.org\",\"@graph\":[{\"@type\":\"WebPage\",\"@id\":\"https:\/\/ferretto.com\/servizi\/consulenza-e-progettazione\/\",\"url\":\"https:\/\/ferretto.com\/servizi\/consulenza-e-progettazione\/\",\"name\":\"Conseil et definition des besoins - Ferretto SpA\",\"isPartOf\":{\"@id\":\"https:\/\/ferretto.com\/#website\"},\"primaryImageOfPage\":{\"@id\":\"https:\/\/ferretto.com\/servizi\/consulenza-e-progettazione\/#primaryimage\"},\"image\":{\"@id\":\"https:\/\/ferretto.com\/servizi\/consulenza-e-progettazione\/#primaryimage\"},\"thumbnailUrl\":\"https:\/\/ferretto.com\/wp-content\/uploads\/2024\/03\/consulenza-e-progettazione-pdf.jpg\",\"datePublished\":\"2024-04-02T21:44:00+00:00\",\"dateModified\":\"2024-05-03T12:59:39+00:00\",\"breadcrumb\":{\"@id\":\"https:\/\/ferretto.com\/servizi\/consulenza-e-progettazione\/#breadcrumb\"},\"inLanguage\":\"fr-FR\",\"potentialAction\":[{\"@type\":\"ReadAction\",\"target\":[\"https:\/\/ferretto.com\/servizi\/consulenza-e-progettazione\/\"]}]},{\"@type\":\"ImageObject\",\"inLanguage\":\"fr-FR\",\"@id\":\"https:\/\/ferretto.com\/servizi\/consulenza-e-progettazione\/#primaryimage\",\"url\":\"https:\/\/ferretto.com\/wp-content\/uploads\/2024\/03\/consulenza-e-progettazione-pdf.jpg\",\"contentUrl\":\"https:\/\/ferretto.com\/wp-content\/uploads\/2024\/03\/consulenza-e-progettazione-pdf.jpg\",\"caption\":\"simulation and design\"},{\"@type\":\"BreadcrumbList\",\"@id\":\"https:\/\/ferretto.com\/servizi\/consulenza-e-progettazione\/#breadcrumb\",\"itemListElement\":[{\"@type\":\"ListItem\",\"position\":1,\"name\":\"Home\",\"item\":\"https:\/\/ferretto.com\/\"},{\"@type\":\"ListItem\",\"position\":2,\"name\":\"Services\",\"item\":\"https:\/\/ferretto.com\/servizi\/\"},{\"@type\":\"ListItem\",\"position\":3,\"name\":\"Conseil et definition des besoins\"}]},{\"@type\":\"WebSite\",\"@id\":\"https:\/\/ferretto.com\/#website\",\"url\":\"https:\/\/ferretto.com\/\",\"name\":\"Ferretto SPA\",\"description\":\"\",\"publisher\":{\"@id\":\"https:\/\/ferretto.com\/#organization\"},\"potentialAction\":[{\"@type\":\"SearchAction\",\"target\":{\"@type\":\"EntryPoint\",\"urlTemplate\":\"https:\/\/ferretto.com\/?s={search_term_string}\"},\"query-input\":{\"@type\":\"PropertyValueSpecification\",\"valueRequired\":true,\"valueName\":\"search_term_string\"}}],\"inLanguage\":\"fr-FR\"},{\"@type\":\"Organization\",\"@id\":\"https:\/\/ferretto.com\/#organization\",\"name\":\"Ferretto SPA\",\"url\":\"https:\/\/ferretto.com\/\",\"logo\":{\"@type\":\"ImageObject\",\"inLanguage\":\"fr-FR\",\"@id\":\"https:\/\/ferretto.com\/#\/schema\/logo\/image\/\",\"url\":\"https:\/\/ferretto.com\/wp-content\/uploads\/2024\/02\/FERRETTO-logo-orizz-con-payoff-col.png\",\"contentUrl\":\"https:\/\/ferretto.com\/wp-content\/uploads\/2024\/02\/FERRETTO-logo-orizz-con-payoff-col.png\",\"width\":3190,\"height\":598,\"caption\":\"Ferretto SPA\"},\"image\":{\"@id\":\"https:\/\/ferretto.com\/#\/schema\/logo\/image\/\"}}]}<\/script>\n<!-- \/ Yoast SEO plugin. -->","yoast_head_json":{"title":"Conseil et definition des besoins - Ferretto SpA","robots":{"index":"index","follow":"follow","max-snippet":"max-snippet:-1","max-image-preview":"max-image-preview:large","max-video-preview":"max-video-preview:-1"},"canonical":"https:\/\/ferretto.com\/servizi\/consulenza-e-progettazione\/","og_locale":"fr_FR","og_type":"article","og_title":"Conseil et definition des besoins - Ferretto SpA","og_description":"Nous concevons la solution \u00a0\u00bb sur mesure \u00a0\u00bb pour vous Chaque entreprise a des besoins, des exigences et des objectifs sp\u00e9cifiques. C&rsquo;est pourquoi nous concevons chaque entrep\u00f4t en commen\u00e7ant par \u00e9couter et analyser le cas individuel afin de d\u00e9finir la solution la plus efficace pour nos partenaires. Pour ce faire, nous nous appuyons sur l&rsquo;expertise [&hellip;]","og_url":"https:\/\/ferretto.com\/servizi\/consulenza-e-progettazione\/","og_site_name":"Ferretto SpA","article_modified_time":"2024-05-03T12:59:39+00:00","twitter_card":"summary_large_image","twitter_misc":{"Dur\u00e9e de lecture estim\u00e9e":"1 minute"},"schema":{"@context":"https:\/\/schema.org","@graph":[{"@type":"WebPage","@id":"https:\/\/ferretto.com\/servizi\/consulenza-e-progettazione\/","url":"https:\/\/ferretto.com\/servizi\/consulenza-e-progettazione\/","name":"Conseil et definition des besoins - Ferretto SpA","isPartOf":{"@id":"https:\/\/ferretto.com\/#website"},"primaryImageOfPage":{"@id":"https:\/\/ferretto.com\/servizi\/consulenza-e-progettazione\/#primaryimage"},"image":{"@id":"https:\/\/ferretto.com\/servizi\/consulenza-e-progettazione\/#primaryimage"},"thumbnailUrl":"https:\/\/ferretto.com\/wp-content\/uploads\/2024\/03\/consulenza-e-progettazione-pdf.jpg","datePublished":"2024-04-02T21:44:00+00:00","dateModified":"2024-05-03T12:59:39+00:00","breadcrumb":{"@id":"https:\/\/ferretto.com\/servizi\/consulenza-e-progettazione\/#breadcrumb"},"inLanguage":"fr-FR","potentialAction":[{"@type":"ReadAction","target":["https:\/\/ferretto.com\/servizi\/consulenza-e-progettazione\/"]}]},{"@type":"ImageObject","inLanguage":"fr-FR","@id":"https:\/\/ferretto.com\/servizi\/consulenza-e-progettazione\/#primaryimage","url":"https:\/\/ferretto.com\/wp-content\/uploads\/2024\/03\/consulenza-e-progettazione-pdf.jpg","contentUrl":"https:\/\/ferretto.com\/wp-content\/uploads\/2024\/03\/consulenza-e-progettazione-pdf.jpg","caption":"simulation and design"},{"@type":"BreadcrumbList","@id":"https:\/\/ferretto.com\/servizi\/consulenza-e-progettazione\/#breadcrumb","itemListElement":[{"@type":"ListItem","position":1,"name":"Home","item":"https:\/\/ferretto.com\/"},{"@type":"ListItem","position":2,"name":"Services","item":"https:\/\/ferretto.com\/servizi\/"},{"@type":"ListItem","position":3,"name":"Conseil et definition des besoins"}]},{"@type":"WebSite","@id":"https:\/\/ferretto.com\/#website","url":"https:\/\/ferretto.com\/","name":"Ferretto SPA","description":"","publisher":{"@id":"https:\/\/ferretto.com\/#organization"},"potentialAction":[{"@type":"SearchAction","target":{"@type":"EntryPoint","urlTemplate":"https:\/\/ferretto.com\/?s={search_term_string}"},"query-input":{"@type":"PropertyValueSpecification","valueRequired":true,"valueName":"search_term_string"}}],"inLanguage":"fr-FR"},{"@type":"Organization","@id":"https:\/\/ferretto.com\/#organization","name":"Ferretto SPA","url":"https:\/\/ferretto.com\/","logo":{"@type":"ImageObject","inLanguage":"fr-FR","@id":"https:\/\/ferretto.com\/#\/schema\/logo\/image\/","url":"https:\/\/ferretto.com\/wp-content\/uploads\/2024\/02\/FERRETTO-logo-orizz-con-payoff-col.png","contentUrl":"https:\/\/ferretto.com\/wp-content\/uploads\/2024\/02\/FERRETTO-logo-orizz-con-payoff-col.png","width":3190,"height":598,"caption":"Ferretto SPA"},"image":{"@id":"https:\/\/ferretto.com\/#\/schema\/logo\/image\/"}}]}},"_links":{"self":[{"href":"https:\/\/ferretto.com\/fr\/wp-json\/wp\/v2\/pages\/4984","targetHints":{"allow":["GET"]}}],"collection":[{"href":"https:\/\/ferretto.com\/fr\/wp-json\/wp\/v2\/pages"}],"about":[{"href":"https:\/\/ferretto.com\/fr\/wp-json\/wp\/v2\/types\/page"}],"author":[{"embeddable":true,"href":"https:\/\/ferretto.com\/fr\/wp-json\/wp\/v2\/users\/1"}],"replies":[{"embeddable":true,"href":"https:\/\/ferretto.com\/fr\/wp-json\/wp\/v2\/comments?post=4984"}],"version-history":[{"count":3,"href":"https:\/\/ferretto.com\/fr\/wp-json\/wp\/v2\/pages\/4984\/revisions"}],"predecessor-version":[{"id":7542,"href":"https:\/\/ferretto.com\/fr\/wp-json\/wp\/v2\/pages\/4984\/revisions\/7542"}],"up":[{"embeddable":true,"href":"https:\/\/ferretto.com\/fr\/wp-json\/wp\/v2\/pages\/4980"}],"wp:featuredmedia":[{"embeddable":true,"href":"https:\/\/ferretto.com\/fr\/wp-json\/wp\/v2\/media\/5564"}],"wp:attachment":[{"href":"https:\/\/ferretto.com\/fr\/wp-json\/wp\/v2\/media?parent=4984"}],"curies":[{"name":"wp","href":"https:\/\/api.w.org\/{rel}","templated":true}]}}