{"id":4982,"date":"2024-03-14T20:00:00","date_gmt":"2024-03-14T19:00:00","guid":{"rendered":"https:\/\/ferrettogroup.websitesimple.it\/servizi\/affiancamento-nel-progetto\/"},"modified":"2024-05-03T14:57:31","modified_gmt":"2024-05-03T12:57:31","slug":"accompagnement-du-projet","status":"publish","type":"page","link":"https:\/\/ferretto.com\/fr\/services\/accompagnement-du-projet\/","title":{"rendered":"Accompagnement du projet"},"content":{"rendered":"\n<p><strong>De l&rsquo;id\u00e9e \u00e0 l&rsquo;entrep\u00f4t fonctionnel : nous sommes toujours pr\u00e9sents<\/strong><\/p>\n\n\n\n<p>Afin d&rsquo;offrir aux clients des solutions sur mesure pouvant garantir l&rsquo;efficacit\u00e9 et la s\u00e9curit\u00e9 n\u00e9cessaires, nous disposons d&rsquo;un d\u00e9partement interne qui accompagne le client tout au long de la phase d\u00e9licate de conception. Du d\u00e9veloppement des structures de g\u00e9nie civil et de construction \u00e0 la cr\u00e9ation de mod\u00e8les 3D pour les simulations virtuelles, en passant par l&rsquo;application stricte des r\u00e8gles de s\u00e9curit\u00e9 et antisismiques, nos techniciens qualifi\u00e9s soutiennent et travaillent directement avec les partenaires dans le processus de r\u00e9alisation de l&rsquo;installation.<\/p>\n","protected":false},"excerpt":{"rendered":"<p>De l&rsquo;id\u00e9e \u00e0 l&rsquo;entrep\u00f4t fonctionnel : nous sommes toujours pr\u00e9sents Afin d&rsquo;offrir aux clients des solutions sur mesure pouvant garantir l&rsquo;efficacit\u00e9 et la s\u00e9curit\u00e9 n\u00e9cessaires, nous disposons d&rsquo;un d\u00e9partement interne qui accompagne le client tout au long de la phase d\u00e9licate de conception. Du d\u00e9veloppement des structures de g\u00e9nie civil et de construction \u00e0 la [&hellip;]<\/p>\n","protected":false},"author":1,"featured_media":5526,"parent":4980,"menu_order":0,"comment_status":"closed","ping_status":"closed","template":"page-templates\/template-servizi.php","meta":{"_acf_changed":false,"footnotes":""},"class_list":["post-4982","page","type-page","status-publish","has-post-thumbnail","hentry"],"acf":[],"yoast_head":"<!-- This site is optimized with the Yoast SEO plugin v27.0 - https:\/\/yoast.com\/product\/yoast-seo-wordpress\/ -->\n<title>Accompagnement du projet - Ferretto SpA<\/title>\n<meta name=\"robots\" content=\"index, follow, max-snippet:-1, max-image-preview:large, max-video-preview:-1\" \/>\n<link rel=\"canonical\" href=\"https:\/\/ferretto.com\/servizi\/affiancamento\/\" \/>\n<meta property=\"og:locale\" content=\"fr_FR\" \/>\n<meta property=\"og:type\" content=\"article\" \/>\n<meta property=\"og:title\" content=\"Accompagnement du projet - Ferretto SpA\" \/>\n<meta property=\"og:description\" content=\"De l&rsquo;id\u00e9e \u00e0 l&rsquo;entrep\u00f4t fonctionnel : nous sommes toujours pr\u00e9sents Afin d&rsquo;offrir aux clients des solutions sur mesure pouvant garantir l&rsquo;efficacit\u00e9 et la s\u00e9curit\u00e9 n\u00e9cessaires, nous disposons d&rsquo;un d\u00e9partement interne qui accompagne le client tout au long de la phase d\u00e9licate de conception. Du d\u00e9veloppement des structures de g\u00e9nie civil et de construction \u00e0 la [&hellip;]\" \/>\n<meta property=\"og:url\" content=\"https:\/\/ferretto.com\/servizi\/affiancamento\/\" \/>\n<meta property=\"og:site_name\" content=\"Ferretto SpA\" \/>\n<meta property=\"article:modified_time\" content=\"2024-05-03T12:57:31+00:00\" \/>\n<meta name=\"twitter:card\" content=\"summary_large_image\" \/>\n<meta name=\"twitter:label1\" content=\"Dur\u00e9e de lecture estim\u00e9e\" \/>\n\t<meta name=\"twitter:data1\" content=\"1 minute\" \/>\n<script type=\"application\/ld+json\" class=\"yoast-schema-graph\">{\"@context\":\"https:\/\/schema.org\",\"@graph\":[{\"@type\":\"WebPage\",\"@id\":\"https:\/\/ferretto.com\/servizi\/affiancamento\/\",\"url\":\"https:\/\/ferretto.com\/servizi\/affiancamento\/\",\"name\":\"Accompagnement du projet - Ferretto SpA\",\"isPartOf\":{\"@id\":\"https:\/\/ferretto.com\/#website\"},\"primaryImageOfPage\":{\"@id\":\"https:\/\/ferretto.com\/servizi\/affiancamento\/#primaryimage\"},\"image\":{\"@id\":\"https:\/\/ferretto.com\/servizi\/affiancamento\/#primaryimage\"},\"thumbnailUrl\":\"https:\/\/ferretto.com\/wp-content\/uploads\/2024\/03\/affiancamento-progetto-1-pdf.jpg\",\"datePublished\":\"2024-03-14T19:00:00+00:00\",\"dateModified\":\"2024-05-03T12:57:31+00:00\",\"breadcrumb\":{\"@id\":\"https:\/\/ferretto.com\/servizi\/affiancamento\/#breadcrumb\"},\"inLanguage\":\"fr-FR\",\"potentialAction\":[{\"@type\":\"ReadAction\",\"target\":[\"https:\/\/ferretto.com\/servizi\/affiancamento\/\"]}]},{\"@type\":\"ImageObject\",\"inLanguage\":\"fr-FR\",\"@id\":\"https:\/\/ferretto.com\/servizi\/affiancamento\/#primaryimage\",\"url\":\"https:\/\/ferretto.com\/wp-content\/uploads\/2024\/03\/affiancamento-progetto-1-pdf.jpg\",\"contentUrl\":\"https:\/\/ferretto.com\/wp-content\/uploads\/2024\/03\/affiancamento-progetto-1-pdf.jpg\",\"caption\":\"affiancamento nel progetto\"},{\"@type\":\"BreadcrumbList\",\"@id\":\"https:\/\/ferretto.com\/servizi\/affiancamento\/#breadcrumb\",\"itemListElement\":[{\"@type\":\"ListItem\",\"position\":1,\"name\":\"Home\",\"item\":\"https:\/\/ferretto.com\/\"},{\"@type\":\"ListItem\",\"position\":2,\"name\":\"Services\",\"item\":\"https:\/\/ferretto.com\/servizi\/\"},{\"@type\":\"ListItem\",\"position\":3,\"name\":\"Accompagnement du projet\"}]},{\"@type\":\"WebSite\",\"@id\":\"https:\/\/ferretto.com\/#website\",\"url\":\"https:\/\/ferretto.com\/\",\"name\":\"Ferretto SPA\",\"description\":\"\",\"publisher\":{\"@id\":\"https:\/\/ferretto.com\/#organization\"},\"potentialAction\":[{\"@type\":\"SearchAction\",\"target\":{\"@type\":\"EntryPoint\",\"urlTemplate\":\"https:\/\/ferretto.com\/?s={search_term_string}\"},\"query-input\":{\"@type\":\"PropertyValueSpecification\",\"valueRequired\":true,\"valueName\":\"search_term_string\"}}],\"inLanguage\":\"fr-FR\"},{\"@type\":\"Organization\",\"@id\":\"https:\/\/ferretto.com\/#organization\",\"name\":\"Ferretto SPA\",\"url\":\"https:\/\/ferretto.com\/\",\"logo\":{\"@type\":\"ImageObject\",\"inLanguage\":\"fr-FR\",\"@id\":\"https:\/\/ferretto.com\/#\/schema\/logo\/image\/\",\"url\":\"https:\/\/ferretto.com\/wp-content\/uploads\/2024\/02\/FERRETTO-logo-orizz-con-payoff-col.png\",\"contentUrl\":\"https:\/\/ferretto.com\/wp-content\/uploads\/2024\/02\/FERRETTO-logo-orizz-con-payoff-col.png\",\"width\":3190,\"height\":598,\"caption\":\"Ferretto SPA\"},\"image\":{\"@id\":\"https:\/\/ferretto.com\/#\/schema\/logo\/image\/\"}}]}<\/script>\n<!-- \/ Yoast SEO plugin. -->","yoast_head_json":{"title":"Accompagnement du projet - Ferretto SpA","robots":{"index":"index","follow":"follow","max-snippet":"max-snippet:-1","max-image-preview":"max-image-preview:large","max-video-preview":"max-video-preview:-1"},"canonical":"https:\/\/ferretto.com\/servizi\/affiancamento\/","og_locale":"fr_FR","og_type":"article","og_title":"Accompagnement du projet - Ferretto SpA","og_description":"De l&rsquo;id\u00e9e \u00e0 l&rsquo;entrep\u00f4t fonctionnel : nous sommes toujours pr\u00e9sents Afin d&rsquo;offrir aux clients des solutions sur mesure pouvant garantir l&rsquo;efficacit\u00e9 et la s\u00e9curit\u00e9 n\u00e9cessaires, nous disposons d&rsquo;un d\u00e9partement interne qui accompagne le client tout au long de la phase d\u00e9licate de conception. Du d\u00e9veloppement des structures de g\u00e9nie civil et de construction \u00e0 la [&hellip;]","og_url":"https:\/\/ferretto.com\/servizi\/affiancamento\/","og_site_name":"Ferretto SpA","article_modified_time":"2024-05-03T12:57:31+00:00","twitter_card":"summary_large_image","twitter_misc":{"Dur\u00e9e de lecture estim\u00e9e":"1 minute"},"schema":{"@context":"https:\/\/schema.org","@graph":[{"@type":"WebPage","@id":"https:\/\/ferretto.com\/servizi\/affiancamento\/","url":"https:\/\/ferretto.com\/servizi\/affiancamento\/","name":"Accompagnement du projet - Ferretto SpA","isPartOf":{"@id":"https:\/\/ferretto.com\/#website"},"primaryImageOfPage":{"@id":"https:\/\/ferretto.com\/servizi\/affiancamento\/#primaryimage"},"image":{"@id":"https:\/\/ferretto.com\/servizi\/affiancamento\/#primaryimage"},"thumbnailUrl":"https:\/\/ferretto.com\/wp-content\/uploads\/2024\/03\/affiancamento-progetto-1-pdf.jpg","datePublished":"2024-03-14T19:00:00+00:00","dateModified":"2024-05-03T12:57:31+00:00","breadcrumb":{"@id":"https:\/\/ferretto.com\/servizi\/affiancamento\/#breadcrumb"},"inLanguage":"fr-FR","potentialAction":[{"@type":"ReadAction","target":["https:\/\/ferretto.com\/servizi\/affiancamento\/"]}]},{"@type":"ImageObject","inLanguage":"fr-FR","@id":"https:\/\/ferretto.com\/servizi\/affiancamento\/#primaryimage","url":"https:\/\/ferretto.com\/wp-content\/uploads\/2024\/03\/affiancamento-progetto-1-pdf.jpg","contentUrl":"https:\/\/ferretto.com\/wp-content\/uploads\/2024\/03\/affiancamento-progetto-1-pdf.jpg","caption":"affiancamento nel progetto"},{"@type":"BreadcrumbList","@id":"https:\/\/ferretto.com\/servizi\/affiancamento\/#breadcrumb","itemListElement":[{"@type":"ListItem","position":1,"name":"Home","item":"https:\/\/ferretto.com\/"},{"@type":"ListItem","position":2,"name":"Services","item":"https:\/\/ferretto.com\/servizi\/"},{"@type":"ListItem","position":3,"name":"Accompagnement du projet"}]},{"@type":"WebSite","@id":"https:\/\/ferretto.com\/#website","url":"https:\/\/ferretto.com\/","name":"Ferretto SPA","description":"","publisher":{"@id":"https:\/\/ferretto.com\/#organization"},"potentialAction":[{"@type":"SearchAction","target":{"@type":"EntryPoint","urlTemplate":"https:\/\/ferretto.com\/?s={search_term_string}"},"query-input":{"@type":"PropertyValueSpecification","valueRequired":true,"valueName":"search_term_string"}}],"inLanguage":"fr-FR"},{"@type":"Organization","@id":"https:\/\/ferretto.com\/#organization","name":"Ferretto SPA","url":"https:\/\/ferretto.com\/","logo":{"@type":"ImageObject","inLanguage":"fr-FR","@id":"https:\/\/ferretto.com\/#\/schema\/logo\/image\/","url":"https:\/\/ferretto.com\/wp-content\/uploads\/2024\/02\/FERRETTO-logo-orizz-con-payoff-col.png","contentUrl":"https:\/\/ferretto.com\/wp-content\/uploads\/2024\/02\/FERRETTO-logo-orizz-con-payoff-col.png","width":3190,"height":598,"caption":"Ferretto SPA"},"image":{"@id":"https:\/\/ferretto.com\/#\/schema\/logo\/image\/"}}]}},"_links":{"self":[{"href":"https:\/\/ferretto.com\/fr\/wp-json\/wp\/v2\/pages\/4982","targetHints":{"allow":["GET"]}}],"collection":[{"href":"https:\/\/ferretto.com\/fr\/wp-json\/wp\/v2\/pages"}],"about":[{"href":"https:\/\/ferretto.com\/fr\/wp-json\/wp\/v2\/types\/page"}],"author":[{"embeddable":true,"href":"https:\/\/ferretto.com\/fr\/wp-json\/wp\/v2\/users\/1"}],"replies":[{"embeddable":true,"href":"https:\/\/ferretto.com\/fr\/wp-json\/wp\/v2\/comments?post=4982"}],"version-history":[{"count":4,"href":"https:\/\/ferretto.com\/fr\/wp-json\/wp\/v2\/pages\/4982\/revisions"}],"predecessor-version":[{"id":7993,"href":"https:\/\/ferretto.com\/fr\/wp-json\/wp\/v2\/pages\/4982\/revisions\/7993"}],"up":[{"embeddable":true,"href":"https:\/\/ferretto.com\/fr\/wp-json\/wp\/v2\/pages\/4980"}],"wp:featuredmedia":[{"embeddable":true,"href":"https:\/\/ferretto.com\/fr\/wp-json\/wp\/v2\/media\/5526"}],"wp:attachment":[{"href":"https:\/\/ferretto.com\/fr\/wp-json\/wp\/v2\/media?parent=4982"}],"curies":[{"name":"wp","href":"https:\/\/api.w.org\/{rel}","templated":true}]}}