{"id":2865,"date":"2024-02-09T16:33:33","date_gmt":"2024-02-09T15:33:33","guid":{"rendered":"https:\/\/ferrettogroup.websitesimple.it\/?page_id=2865"},"modified":"2024-04-07T18:54:48","modified_gmt":"2024-04-07T16:54:48","slug":"confidentialite-et-notes-juridiques","status":"publish","type":"page","link":"https:\/\/ferretto.com\/fr\/confidentialite-et-notes-juridiques\/","title":{"rendered":"Confidentialit\u00e9 et notes juridiques"},"content":{"rendered":"\n<p>Informations sur le traitement des donn\u00e9es personnelles<\/p>\n\n\n\n<p>Cette page d\u00e9crit la gestion du site&nbsp;<strong>www.ferretto.com<\/strong>&nbsp;en ce qui concerne le traitement des donn\u00e9es personnelles des utilisateurs qui le consultent. Ce document a \u00e9t\u00e9 r\u00e9dig\u00e9 sur le mod\u00e8le du document similaire pr\u00e9sent sur le site du Garante della Privacy le 16\/08\/2006, modifi\u00e9 et compl\u00e9t\u00e9 en fonction des besoins sp\u00e9cifiques.<\/p>\n\n\n\n<p>Ces informations sont \u00e9galement fournies aux termes de&nbsp;<strong>l&rsquo;art. 13 du d\u00e9cret l\u00e9gislatif n\u00b0 196\/2003 &#8211; Code en mati\u00e8re de protection des donn\u00e9es personnelles<\/strong>&nbsp;&#8211; \u00e0 ceux qui interagissent avec les services web de&nbsp;<strong>Ferretto Spa<\/strong>&nbsp;&#8211;&nbsp;<strong>n\u00b0 TVA : 00149440240<\/strong>, accessibles par voie \u00e9lectronique \u00e0 partir de l&rsquo;adresse<\/p>\n\n\n\n<p><a href=\"https:\/\/ferretto.com\/\"><strong>www.ferretto.com<\/strong><\/a> correspondant \u00e0 la page d&rsquo;accueil du site officiel de\u00a0<strong>Ferretto Spa<\/strong>.<\/p>\n\n\n\n<p>Ces informations sont fournies uniquement pour le site web de Ferretto Spa et non pour d&rsquo;autres sites web qui pourraient \u00eatre consult\u00e9s par l&rsquo;utilisateur \u00e0 travers des liens.<\/p>\n\n\n\n<p>L&rsquo;information est \u00e9galement bas\u00e9e sur la Recommandation n\u00b0 2\/2001 que les autorit\u00e9s europ\u00e9ennes pour la protection des donn\u00e9es personnelles, r\u00e9unies au sein du Groupe institu\u00e9 par l&rsquo;article 29 de la Directive n95\/46\/CE, ont adopt\u00e9e le 17 mai 2001 afin d&rsquo;identifier certaines exigences minimales pour la collecte de donn\u00e9es personnelles en ligne et, en particulier, les m\u00e9thodes, le moment et la nature des informations que les responsables du traitement doivent fournir aux utilisateurs lorsqu&rsquo;ils se connectent \u00e0 des pages Web, quel que soit l&rsquo;objectif de la connexion.<\/p>\n\n\n\n<p><strong>Le \u00ab\u00a0responsable du traitement\u00a0\u00bb<\/strong><\/p>\n\n\n\n<p>Suite \u00e0 la consultation de ce site, des donn\u00e9es relatives \u00e0 des personnes identifi\u00e9es ou identifiables peuvent \u00eatre trait\u00e9es. Le \u00ab\u00a0titulaire\u00a0\u00bb du traitement est&nbsp;<strong>Ferretto Spa, dont le si\u00e8ge est situ\u00e9 Strada Padana verso Verona, 101 &#8211; 36100 Vicenza, Italie.<\/strong><\/p>\n\n\n\n<p>Lieu du traitement des donn\u00e9es<\/p>\n\n\n\n<p>Les traitements li\u00e9s aux services web de ce site ont lieu aupr\u00e8s des si\u00e8ges susmentionn\u00e9s de Ferretto Spa et sont effectu\u00e9s uniquement par le personnel technique du bureau charg\u00e9 du traitement ou par le personnel interne \u00e9ventuellement charg\u00e9 d&rsquo;op\u00e9rations de maintenance occasionnelles. Aucune donn\u00e9e d\u00e9rivant du service web n&rsquo;est communiqu\u00e9e ou diffus\u00e9e, \u00e0 l&rsquo;exception des op\u00e9rations strictement li\u00e9es \u00e0 l&rsquo;objet de la demande de l&rsquo;utilisateur. Les donn\u00e9es personnelles fournies par les utilisateurs qui demandent l&rsquo;envoi de mat\u00e9riel informatif (contrats, fiches commerciales, informations en g\u00e9n\u00e9ral, CD-ROM, lettres d&rsquo;information, r\u00e9ponses \u00e0 des questions, etc.) sont utilis\u00e9e dans le seul but d&rsquo;ex\u00e9cuter le service ou la prestation demand\u00e9e et sont communiqu\u00e9s \u00e0 des tiers si cela est n\u00e9cessaire \u00e0 cette fin (service d&rsquo;envoi de mat\u00e9riel informatif, enregistrement de noms de domaine, etc.<\/p>\n\n\n\n<p><strong>Types de donn\u00e9es trait\u00e9es<\/strong><\/p>\n\n\n\n<p>A.&nbsp;<strong>Donn\u00e9es de navigation<\/strong><\/p>\n\n\n\n<p>Les syst\u00e8mes informatiques et les proc\u00e9dures logicielles utilis\u00e9s pour faire fonctionner ce site Web acqui\u00e8rent, au cours de leur fonctionnement normal, certaines donn\u00e9es personnelles dont la transmission est implicite dans l&rsquo;utilisation des protocoles de communication Internet. Ces informations ne sont pas collect\u00e9es pour \u00eatre associ\u00e9es \u00e0 des personnes int\u00e9ress\u00e9es identifi\u00e9es mais, par leur nature m\u00eame, elles pourraient, par le biais de traitements et d&rsquo;associations avec des donn\u00e9es d\u00e9tenues par des tiers, permettre d&rsquo;identifier les utilisateurs. Cette cat\u00e9gorie de donn\u00e9es comprend les adresses IP ou les noms de domaine des ordinateurs utilis\u00e9s par les utilisateurs qui se connectent au site, les adresses de notation URI (Uniform Resource Identifier) des ressources demand\u00e9es, l&rsquo;heure de la demande, la m\u00e9thode utilis\u00e9e pour soumettre la demande au serveur, la taille du fichier obtenu en r\u00e9ponse, le code num\u00e9rique indiquant l&rsquo;\u00e9tat de la r\u00e9ponse donn\u00e9e par le serveur (succ\u00e8s, erreur, etc.) et d&rsquo;autres param\u00e8tres relatifs au syst\u00e8me d&rsquo;exploitation et \u00e0 l&rsquo;environnement informatique de l&rsquo;utilisateur. Ces donn\u00e9es sont utilis\u00e9es dans le seul but d&rsquo;obtenir des informations statistiques anonymes sur l&rsquo;utilisation du site et d&rsquo;en v\u00e9rifier le bon fonctionnement, et sont conserv\u00e9es pendant la dur\u00e9e n\u00e9cessaire conform\u00e9ment \u00e0 la loi. Les donn\u00e9es pourraient \u00eatre utilis\u00e9es pour d\u00e9terminer les responsabilit\u00e9s en cas d&rsquo;hypoth\u00e9tiques d\u00e9lits informatiques au d\u00e9triment du site.&nbsp;<\/p>\n\n\n\n<p><strong>B. Donn\u00e9es fournies volontairement par l&rsquo;utilisateur<\/strong><\/p>\n\n\n\n<p>L&rsquo;envoi facultatif, explicite et volontaire de courrier \u00e9lectronique aux adresses indiqu\u00e9es sur ce site entra\u00eene l&rsquo;acquisition ult\u00e9rieure de l&rsquo;adresse de l&rsquo;exp\u00e9diteur, n\u00e9cessaire pour r\u00e9pondre aux demandes, ainsi que d&rsquo;\u00e9ventuelles autres donn\u00e9es personnelles incluses dans le message. Des informations sp\u00e9cifiques de synth\u00e8se seront progressivement report\u00e9es ou affich\u00e9es sur les pages du site pr\u00e9vues pour des services particuliers sur demande.<\/p>\n\n\n\n<p><strong>C. Cookies<\/strong><\/p>\n\n\n\n<p>En ce qui concerne les cookies du site web auquel se r\u00e9f\u00e8re la pr\u00e9sente politique de confidentialit\u00e9, veuillez-vous r\u00e9f\u00e9rer \u00e0 la notice d&rsquo;information \u00e9tendue pr\u00e9sente sur le lien correspondant du site web www.ferretto.com.<\/p>\n\n\n\n<p><strong>Fourniture facultative de donn\u00e9es<\/strong><\/p>\n\n\n\n<p>Outre ce qui a \u00e9t\u00e9 sp\u00e9cifi\u00e9 pour les donn\u00e9es de navigation, l&rsquo;utilisateur est libre de fournir les donn\u00e9es personnelles contenues dans les formulaires de demande sur le site ou indiqu\u00e9es dans les contacts avec l&rsquo;Office pour demander l&rsquo;envoi de mat\u00e9riel d&rsquo;information ou d&rsquo;autres communications. La non-fourniture de ces donn\u00e9es peut entra\u00eener l&rsquo;impossibilit\u00e9 d&rsquo;obtenir ce qui a \u00e9t\u00e9 demand\u00e9. Par souci d&rsquo;exhaustivit\u00e9, il convient de rappeler que dans certains cas (ne faisant pas l&rsquo;objet de la gestion ordinaire de ce site), l&rsquo;Autorit\u00e9 peut demander des nouvelles et des informations au sens de l&rsquo;article 157 du d\u00e9cret l\u00e9gislatif n\u00b0 196\/2003, dans le but de contr\u00f4ler le traitement des donn\u00e9es personnelles. Dans ces cas, la r\u00e9ponse est obligatoire sous peine de sanction administrative.<\/p>\n\n\n\n<p><strong>Modalit\u00e9s de traitement<\/strong><\/p>\n\n\n\n<p>Les donn\u00e9es personnelles sont trait\u00e9es \u00e0 l&rsquo;aide d&rsquo;outils automatis\u00e9s pendant le temps strictement n\u00e9cessaire pour atteindre les objectifs pour lesquels elles ont \u00e9t\u00e9 collect\u00e9es. Des mesures de s\u00e9curit\u00e9 sp\u00e9cifiques sont observ\u00e9es pour \u00e9viter la perte de donn\u00e9es, l&rsquo;utilisation illicite ou incorrecte et l&rsquo;acc\u00e8s non autoris\u00e9.<\/p>\n\n\n\n<p>Droits des personnes concern\u00e9es<\/p>\n\n\n\n<p>Les personnes auxquelles se r\u00e9f\u00e8rent les donn\u00e9es personnelles ont le droit \u00e0 tout moment d&rsquo;obtenir la confirmation de l&rsquo;existence ou non de ces donn\u00e9es et d&rsquo;\u00eatre inform\u00e9es de leur contenu et de leur origine, d&rsquo;en v\u00e9rifier l&rsquo;exactitude ou de demander qu&rsquo;elles soient compl\u00e9t\u00e9es, mises \u00e0 jour ou rectifi\u00e9es (art. 7 du d\u00e9cret l\u00e9gislatif n\u00b0 196\/2003). En vertu du m\u00eame article, les personnes concern\u00e9es ont le droit de demander la suppression, la transformation sous forme anonyme ou le blocage des donn\u00e9es trait\u00e9es en violation de la loi, ainsi que de s&rsquo;opposer en tout \u00e9tat de cause, pour des raisons l\u00e9gitimes, \u00e0 leur traitement.<\/p>\n\n\n\n<p>Les demandes doivent \u00eatre adress\u00e9es \u00e0 Ferretto Spa.<\/p>\n\n\n\n<p><strong>Pr\u00e9cisions<\/strong><\/p>\n\n\n\n<p>Veuillez noter que ce document, publi\u00e9 \u00e0 l&rsquo;adresse www.ferretto.com\/fr\/privacy-policy, constitue la \u00ab\u00a0Politique de confidentialit\u00e9\u00a0\u00bb de ce site, qui sera sujette \u00e0 des mises \u00e0 jour.<\/p>\n","protected":false},"excerpt":{"rendered":"<p>Informations sur le traitement des donn\u00e9es personnelles Cette page d\u00e9crit la gestion du site&nbsp;www.ferretto.com&nbsp;en ce qui concerne le traitement des donn\u00e9es personnelles des utilisateurs qui le consultent. Ce document a \u00e9t\u00e9 r\u00e9dig\u00e9 sur le mod\u00e8le du document similaire pr\u00e9sent sur le site du Garante della Privacy le 16\/08\/2006, modifi\u00e9 et compl\u00e9t\u00e9 en fonction des besoins [&hellip;]<\/p>\n","protected":false},"author":1,"featured_media":0,"parent":0,"menu_order":0,"comment_status":"closed","ping_status":"closed","template":"page-templates\/template-standard.php","meta":{"_acf_changed":false,"footnotes":""},"class_list":["post-2865","page","type-page","status-publish","hentry"],"acf":[],"yoast_head":"<!-- This site is optimized with the Yoast SEO plugin v27.0 - https:\/\/yoast.com\/product\/yoast-seo-wordpress\/ -->\n<title>Confidentialit\u00e9 et notes juridiques - Ferretto SpA<\/title>\n<meta name=\"robots\" content=\"index, follow, max-snippet:-1, max-image-preview:large, max-video-preview:-1\" \/>\n<link rel=\"canonical\" href=\"https:\/\/ferretto.com\/privacy-policy\/\" \/>\n<meta property=\"og:locale\" content=\"fr_FR\" \/>\n<meta property=\"og:type\" content=\"article\" \/>\n<meta property=\"og:title\" content=\"Confidentialit\u00e9 et notes juridiques - Ferretto SpA\" \/>\n<meta property=\"og:description\" content=\"Informations sur le traitement des donn\u00e9es personnelles Cette page d\u00e9crit la gestion du site&nbsp;www.ferretto.com&nbsp;en ce qui concerne le traitement des donn\u00e9es personnelles des utilisateurs qui le consultent. Ce document a \u00e9t\u00e9 r\u00e9dig\u00e9 sur le mod\u00e8le du document similaire pr\u00e9sent sur le site du Garante della Privacy le 16\/08\/2006, modifi\u00e9 et compl\u00e9t\u00e9 en fonction des besoins [&hellip;]\" \/>\n<meta property=\"og:url\" content=\"https:\/\/ferretto.com\/privacy-policy\/\" \/>\n<meta property=\"og:site_name\" content=\"Ferretto SpA\" \/>\n<meta property=\"article:modified_time\" content=\"2024-04-07T16:54:48+00:00\" \/>\n<meta name=\"twitter:card\" content=\"summary_large_image\" \/>\n<meta name=\"twitter:label1\" content=\"Dur\u00e9e de lecture estim\u00e9e\" \/>\n\t<meta name=\"twitter:data1\" content=\"6 minutes\" \/>\n<script type=\"application\/ld+json\" class=\"yoast-schema-graph\">{\"@context\":\"https:\/\/schema.org\",\"@graph\":[{\"@type\":\"WebPage\",\"@id\":\"https:\/\/ferretto.com\/privacy-policy\/\",\"url\":\"https:\/\/ferretto.com\/privacy-policy\/\",\"name\":\"Confidentialit\u00e9 et notes juridiques - Ferretto SpA\",\"isPartOf\":{\"@id\":\"https:\/\/ferretto.com\/#website\"},\"datePublished\":\"2024-02-09T15:33:33+00:00\",\"dateModified\":\"2024-04-07T16:54:48+00:00\",\"breadcrumb\":{\"@id\":\"https:\/\/ferretto.com\/privacy-policy\/#breadcrumb\"},\"inLanguage\":\"fr-FR\",\"potentialAction\":[{\"@type\":\"ReadAction\",\"target\":[\"https:\/\/ferretto.com\/privacy-policy\/\"]}]},{\"@type\":\"BreadcrumbList\",\"@id\":\"https:\/\/ferretto.com\/privacy-policy\/#breadcrumb\",\"itemListElement\":[{\"@type\":\"ListItem\",\"position\":1,\"name\":\"Home\",\"item\":\"https:\/\/ferretto.com\/\"},{\"@type\":\"ListItem\",\"position\":2,\"name\":\"Confidentialit\u00e9 et notes juridiques\"}]},{\"@type\":\"WebSite\",\"@id\":\"https:\/\/ferretto.com\/#website\",\"url\":\"https:\/\/ferretto.com\/\",\"name\":\"Ferretto SPA\",\"description\":\"\",\"publisher\":{\"@id\":\"https:\/\/ferretto.com\/#organization\"},\"potentialAction\":[{\"@type\":\"SearchAction\",\"target\":{\"@type\":\"EntryPoint\",\"urlTemplate\":\"https:\/\/ferretto.com\/?s={search_term_string}\"},\"query-input\":{\"@type\":\"PropertyValueSpecification\",\"valueRequired\":true,\"valueName\":\"search_term_string\"}}],\"inLanguage\":\"fr-FR\"},{\"@type\":\"Organization\",\"@id\":\"https:\/\/ferretto.com\/#organization\",\"name\":\"Ferretto SPA\",\"url\":\"https:\/\/ferretto.com\/\",\"logo\":{\"@type\":\"ImageObject\",\"inLanguage\":\"fr-FR\",\"@id\":\"https:\/\/ferretto.com\/#\/schema\/logo\/image\/\",\"url\":\"https:\/\/ferretto.com\/wp-content\/uploads\/2024\/02\/FERRETTO-logo-orizz-con-payoff-col.png\",\"contentUrl\":\"https:\/\/ferretto.com\/wp-content\/uploads\/2024\/02\/FERRETTO-logo-orizz-con-payoff-col.png\",\"width\":3190,\"height\":598,\"caption\":\"Ferretto SPA\"},\"image\":{\"@id\":\"https:\/\/ferretto.com\/#\/schema\/logo\/image\/\"}}]}<\/script>\n<!-- \/ Yoast SEO plugin. -->","yoast_head_json":{"title":"Confidentialit\u00e9 et notes juridiques - Ferretto SpA","robots":{"index":"index","follow":"follow","max-snippet":"max-snippet:-1","max-image-preview":"max-image-preview:large","max-video-preview":"max-video-preview:-1"},"canonical":"https:\/\/ferretto.com\/privacy-policy\/","og_locale":"fr_FR","og_type":"article","og_title":"Confidentialit\u00e9 et notes juridiques - Ferretto SpA","og_description":"Informations sur le traitement des donn\u00e9es personnelles Cette page d\u00e9crit la gestion du site&nbsp;www.ferretto.com&nbsp;en ce qui concerne le traitement des donn\u00e9es personnelles des utilisateurs qui le consultent. Ce document a \u00e9t\u00e9 r\u00e9dig\u00e9 sur le mod\u00e8le du document similaire pr\u00e9sent sur le site du Garante della Privacy le 16\/08\/2006, modifi\u00e9 et compl\u00e9t\u00e9 en fonction des besoins [&hellip;]","og_url":"https:\/\/ferretto.com\/privacy-policy\/","og_site_name":"Ferretto SpA","article_modified_time":"2024-04-07T16:54:48+00:00","twitter_card":"summary_large_image","twitter_misc":{"Dur\u00e9e de lecture estim\u00e9e":"6 minutes"},"schema":{"@context":"https:\/\/schema.org","@graph":[{"@type":"WebPage","@id":"https:\/\/ferretto.com\/privacy-policy\/","url":"https:\/\/ferretto.com\/privacy-policy\/","name":"Confidentialit\u00e9 et notes juridiques - Ferretto SpA","isPartOf":{"@id":"https:\/\/ferretto.com\/#website"},"datePublished":"2024-02-09T15:33:33+00:00","dateModified":"2024-04-07T16:54:48+00:00","breadcrumb":{"@id":"https:\/\/ferretto.com\/privacy-policy\/#breadcrumb"},"inLanguage":"fr-FR","potentialAction":[{"@type":"ReadAction","target":["https:\/\/ferretto.com\/privacy-policy\/"]}]},{"@type":"BreadcrumbList","@id":"https:\/\/ferretto.com\/privacy-policy\/#breadcrumb","itemListElement":[{"@type":"ListItem","position":1,"name":"Home","item":"https:\/\/ferretto.com\/"},{"@type":"ListItem","position":2,"name":"Confidentialit\u00e9 et notes juridiques"}]},{"@type":"WebSite","@id":"https:\/\/ferretto.com\/#website","url":"https:\/\/ferretto.com\/","name":"Ferretto SPA","description":"","publisher":{"@id":"https:\/\/ferretto.com\/#organization"},"potentialAction":[{"@type":"SearchAction","target":{"@type":"EntryPoint","urlTemplate":"https:\/\/ferretto.com\/?s={search_term_string}"},"query-input":{"@type":"PropertyValueSpecification","valueRequired":true,"valueName":"search_term_string"}}],"inLanguage":"fr-FR"},{"@type":"Organization","@id":"https:\/\/ferretto.com\/#organization","name":"Ferretto SPA","url":"https:\/\/ferretto.com\/","logo":{"@type":"ImageObject","inLanguage":"fr-FR","@id":"https:\/\/ferretto.com\/#\/schema\/logo\/image\/","url":"https:\/\/ferretto.com\/wp-content\/uploads\/2024\/02\/FERRETTO-logo-orizz-con-payoff-col.png","contentUrl":"https:\/\/ferretto.com\/wp-content\/uploads\/2024\/02\/FERRETTO-logo-orizz-con-payoff-col.png","width":3190,"height":598,"caption":"Ferretto SPA"},"image":{"@id":"https:\/\/ferretto.com\/#\/schema\/logo\/image\/"}}]}},"_links":{"self":[{"href":"https:\/\/ferretto.com\/fr\/wp-json\/wp\/v2\/pages\/2865","targetHints":{"allow":["GET"]}}],"collection":[{"href":"https:\/\/ferretto.com\/fr\/wp-json\/wp\/v2\/pages"}],"about":[{"href":"https:\/\/ferretto.com\/fr\/wp-json\/wp\/v2\/types\/page"}],"author":[{"embeddable":true,"href":"https:\/\/ferretto.com\/fr\/wp-json\/wp\/v2\/users\/1"}],"replies":[{"embeddable":true,"href":"https:\/\/ferretto.com\/fr\/wp-json\/wp\/v2\/comments?post=2865"}],"version-history":[{"count":2,"href":"https:\/\/ferretto.com\/fr\/wp-json\/wp\/v2\/pages\/2865\/revisions"}],"predecessor-version":[{"id":8068,"href":"https:\/\/ferretto.com\/fr\/wp-json\/wp\/v2\/pages\/2865\/revisions\/8068"}],"wp:attachment":[{"href":"https:\/\/ferretto.com\/fr\/wp-json\/wp\/v2\/media?parent=2865"}],"curies":[{"name":"wp","href":"https:\/\/api.w.org\/{rel}","templated":true}]}}