{"id":2379,"date":"2024-02-10T00:13:11","date_gmt":"2024-02-09T23:13:11","guid":{"rendered":"https:\/\/ferrettogroup.websitesimple.it\/solutions\/"},"modified":"2024-04-15T12:23:35","modified_gmt":"2024-04-15T10:23:35","slug":"solutions","status":"publish","type":"page","link":"https:\/\/ferretto.com\/fr\/solutions\/","title":{"rendered":"Solutions"},"content":{"rendered":"\t\t<div data-elementor-type=\"wp-post\" data-elementor-id=\"2379\" class=\"elementor elementor-2379 elementor-8\" data-elementor-post-type=\"page\">\n\t\t\t\t<div class=\"elementor-element elementor-element-2bc7bdc container-spacer e-flex e-con-boxed e-con e-parent\" data-id=\"2bc7bdc\" data-element_type=\"container\" data-e-type=\"container\">\n\t\t\t\t\t<div class=\"e-con-inner\">\n\t\t\t\t<div class=\"elementor-element elementor-element-93907e4 elementor-widget elementor-widget-shortcode\" data-id=\"93907e4\" data-element_type=\"widget\" data-e-type=\"widget\" data-widget_type=\"shortcode.default\">\n\t\t\t\t<div class=\"elementor-widget-container\">\n\t\t\t\t\t\t\t<div class=\"elementor-shortcode\"><div id=\"breadcrumbs\"><a href=\"https:\/\/ferretto.com\/fr\/\" rel=\"nofollow\">Home<\/a><\/div><\/div>\n\t\t\t\t\t\t<\/div>\n\t\t\t\t<\/div>\n\t\t\t\t\t<\/div>\n\t\t\t\t<\/div>\n\t\t<div class=\"elementor-element elementor-element-72bb662 container-spacer e-flex e-con-boxed e-con e-parent\" data-id=\"72bb662\" data-element_type=\"container\" data-e-type=\"container\" data-settings=\"{&quot;background_background&quot;:&quot;classic&quot;}\">\n\t\t\t\t\t<div class=\"e-con-inner\">\n\t\t\t\t<div class=\"elementor-element elementor-element-4dea94e elementor-widget elementor-widget-heading\" data-id=\"4dea94e\" data-element_type=\"widget\" data-e-type=\"widget\" data-widget_type=\"heading.default\">\n\t\t\t\t<div class=\"elementor-widget-container\">\n\t\t\t\t\t<h2 class=\"elementor-heading-title elementor-size-default\">entrep\u00f4ts verticaux automatiques<\/h2>\t\t\t\t<\/div>\n\t\t\t\t<\/div>\n\t\t\t\t<div class=\"elementor-element elementor-element-56ac9ad elementor-widget elementor-widget-text-editor\" data-id=\"56ac9ad\" data-element_type=\"widget\" data-e-type=\"widget\" data-widget_type=\"text-editor.default\">\n\t\t\t\t<div class=\"elementor-widget-container\">\n\t\t\t\t\t\t\t\t\t<p>L&rsquo;entreprise propose une gamme compl\u00e8te de solutions de pointe pour tous les besoins en mati\u00e8re d&rsquo;entreposage, de manutention et d&rsquo;archivage et accompagne le client \u00e0 tous <br \/>les stades : de la conception \u00e0 l&rsquo;installation, en passant par le service et la maintenance tout au long de la dur\u00e9e de vie des syst\u00e8mes.<\/p>\n\t\t\t\t\t\t\t\t<\/div>\n\t\t\t\t<\/div>\n\t\t\t\t<div class=\"elementor-element elementor-element-bbdd242 elementor-grid-4 elementor-grid-tablet-2 elementor-grid-mobile-1 elementor-widget elementor-widget-loop-grid\" data-id=\"bbdd242\" data-element_type=\"widget\" data-e-type=\"widget\" data-settings=\"{&quot;template_id&quot;:537,&quot;row_gap&quot;:{&quot;unit&quot;:&quot;px&quot;,&quot;size&quot;:40,&quot;sizes&quot;:[]},&quot;columns&quot;:4,&quot;_skin&quot;:&quot;post&quot;,&quot;columns_tablet&quot;:&quot;2&quot;,&quot;columns_mobile&quot;:&quot;1&quot;,&quot;edit_handle_selector&quot;:&quot;[data-elementor-type=\\&quot;loop-item\\&quot;]&quot;,&quot;row_gap_laptop&quot;:{&quot;unit&quot;:&quot;px&quot;,&quot;size&quot;:&quot;&quot;,&quot;sizes&quot;:[]},&quot;row_gap_tablet&quot;:{&quot;unit&quot;:&quot;px&quot;,&quot;size&quot;:&quot;&quot;,&quot;sizes&quot;:[]},&quot;row_gap_mobile&quot;:{&quot;unit&quot;:&quot;px&quot;,&quot;size&quot;:&quot;&quot;,&quot;sizes&quot;:[]}}\" data-widget_type=\"loop-grid.post\">\n\t\t\t\t<div class=\"elementor-widget-container\">\n\t\t\t\t\t\t\t<div class=\"elementor-loop-container elementor-grid\" role=\"list\">\n\t\t<style id=\"loop-537\">.elementor-537 .elementor-element.elementor-element-1361a52{--display:flex;--gap:10px 10px;--row-gap:10px;--column-gap:10px;--padding-top:0px;--padding-bottom:0px;--padding-left:0px;--padding-right:0px;}.elementor-widget-image .widget-image-caption{color:var( --e-global-color-text );font-family:var( --e-global-typography-text-font-family ), Sans-serif;font-weight:var( --e-global-typography-text-font-weight );letter-spacing:var( --e-global-typography-text-letter-spacing );}.elementor-537 .elementor-element.elementor-element-103abb9 img{max-width:100%;height:410px;object-fit:cover;object-position:center center;}.elementor-537 .elementor-element.elementor-element-103abb9 > .elementor-widget-container{margin:0px 0px 0px 0px;}.elementor-widget-heading .elementor-heading-title{font-family:var( --e-global-typography-primary-font-family ), Sans-serif;font-weight:var( --e-global-typography-primary-font-weight );color:var( --e-global-color-primary );}.elementor-537 .elementor-element.elementor-element-417f005{text-align:center;}.elementor-537 .elementor-element.elementor-element-417f005 .elementor-heading-title{font-family:\"Barlow Semi Condensed\", Sans-serif;font-size:18px;font-weight:600;text-transform:uppercase;color:var( --e-global-color-d6f5d6d );}.elementor-537 .elementor-element.elementor-element-417f005 > .elementor-widget-container{margin:0px 0px 0px 0px;padding:10px 0px 1px 0px;}.elementor-widget-text-editor{font-family:var( --e-global-typography-text-font-family ), Sans-serif;font-weight:var( --e-global-typography-text-font-weight );letter-spacing:var( --e-global-typography-text-letter-spacing );color:var( --e-global-color-text );}.elementor-widget-text-editor.elementor-drop-cap-view-stacked .elementor-drop-cap{background-color:var( --e-global-color-primary );}.elementor-widget-text-editor.elementor-drop-cap-view-framed .elementor-drop-cap, .elementor-widget-text-editor.elementor-drop-cap-view-default .elementor-drop-cap{color:var( --e-global-color-primary );border-color:var( --e-global-color-primary );}.elementor-537 .elementor-element.elementor-element-63adbe6{font-family:\"Barlow Semi Condensed\", Sans-serif;font-weight:400;color:var( --e-global-color-a9bae7a );}.elementor-537 .elementor-element.elementor-element-63adbe6 > .elementor-widget-container{padding:0px 0px 0px 0px;}@media(max-width:1600px){.elementor-widget-image .widget-image-caption{letter-spacing:var( --e-global-typography-text-letter-spacing );}.elementor-537 .elementor-element.elementor-element-103abb9 img{height:240px;}.elementor-widget-text-editor{letter-spacing:var( --e-global-typography-text-letter-spacing );}}@media(max-width:1024px){.elementor-widget-image .widget-image-caption{letter-spacing:var( --e-global-typography-text-letter-spacing );}.elementor-537 .elementor-element.elementor-element-103abb9 img{height:191px;}.elementor-widget-text-editor{letter-spacing:var( --e-global-typography-text-letter-spacing );}}@media(max-width:767px){.elementor-widget-image .widget-image-caption{letter-spacing:var( --e-global-typography-text-letter-spacing );}.elementor-537 .elementor-element.elementor-element-103abb9 img{height:132px;object-position:bottom center;}.elementor-537 .elementor-element.elementor-element-417f005{text-align:center;}.elementor-537 .elementor-element.elementor-element-417f005 > .elementor-widget-container{margin:0px 0px 0px 0px;padding:0px 0px 0px 0px;}.elementor-widget-text-editor{letter-spacing:var( --e-global-typography-text-letter-spacing );}}<\/style>\t\t<div data-elementor-type=\"loop-item\" data-elementor-id=\"537\" class=\"elementor elementor-537 e-loop-item e-loop-item-1243 post-1243 soluzione type-soluzione status-publish has-post-thumbnail hentry\" data-elementor-post-type=\"elementor_library\" data-custom-edit-handle=\"1\">\n\t\t\t<a class=\"elementor-element elementor-element-1361a52 box-soluzioni e-flex e-con-boxed e-con e-child\" data-id=\"1361a52\" data-element_type=\"container\" data-e-type=\"container\" data-label=\"scopri di pi\u00f9\" href=\"https:\/\/ferretto.com\/fr\/solutions\/entrepots-automatiques-verticaux-vertimag\/\">\n\t\t\t\t\t<div class=\"e-con-inner\">\n\t\t\t\t<div class=\"elementor-element elementor-element-103abb9 elementor-widget elementor-widget-image\" data-id=\"103abb9\" data-element_type=\"widget\" data-e-type=\"widget\" data-label=\"scopri di pi\u00f9\" data-widget_type=\"image.default\">\n\t\t\t\t<div class=\"elementor-widget-container\">\n\t\t\t\t\t\t\t\t\t\t\t\t\t\t\t<img fetchpriority=\"high\" decoding=\"async\" width=\"1024\" height=\"768\" src=\"https:\/\/ferretto.com\/wp-content\/uploads\/2024\/02\/Magazzino-automatico-verticale-2-1-1024x768.jpg\" class=\"attachment-large size-large wp-image-1367\" alt=\"Entrep\u00f4ts Automatiques Verticaux Vertimag\" srcset=\"https:\/\/ferretto.com\/wp-content\/uploads\/2024\/02\/Magazzino-automatico-verticale-2-1-1024x768.jpg 1024w, https:\/\/ferretto.com\/wp-content\/uploads\/2024\/02\/Magazzino-automatico-verticale-2-1-300x225.jpg 300w, https:\/\/ferretto.com\/wp-content\/uploads\/2024\/02\/Magazzino-automatico-verticale-2-1-768x576.jpg 768w, https:\/\/ferretto.com\/wp-content\/uploads\/2024\/02\/Magazzino-automatico-verticale-2-1-1536x1152.jpg 1536w, https:\/\/ferretto.com\/wp-content\/uploads\/2024\/02\/Magazzino-automatico-verticale-2-1-2048x1536.jpg 2048w, https:\/\/ferretto.com\/wp-content\/uploads\/2024\/02\/Magazzino-automatico-verticale-2-1-1440x1080.jpg 1440w\" sizes=\"(max-width: 1024px) 100vw, 1024px\" \/>\t\t\t\t\t\t\t\t\t\t\t\t\t\t\t<\/div>\n\t\t\t\t<\/div>\n\t\t\t\t<div class=\"elementor-element elementor-element-417f005 elementor-widget elementor-widget-heading\" data-id=\"417f005\" data-element_type=\"widget\" data-e-type=\"widget\" data-widget_type=\"heading.default\">\n\t\t\t\t<div class=\"elementor-widget-container\">\n\t\t\t\t\t<h3 class=\"elementor-heading-title elementor-size-default\">Entrep\u00f4ts Automatiques Verticaux Vertimag<\/h3>\t\t\t\t<\/div>\n\t\t\t\t<\/div>\n\t\t\t\t<div class=\"elementor-element elementor-element-63adbe6 elementor-widget elementor-widget-text-editor\" data-id=\"63adbe6\" data-element_type=\"widget\" data-e-type=\"widget\" data-widget_type=\"text-editor.default\">\n\t\t\t\t<div class=\"elementor-widget-container\">\n\t\t\t\t\t\t\t\t\tVertimag est la soluciones id\u00e9al pour le stockage et la gestion de mat\u00e9riaux de tous formats.\t\t\t\t\t\t\t\t<\/div>\n\t\t\t\t<\/div>\n\t\t\t\t\t<\/div>\n\t\t\t\t<\/a>\n\t\t\t\t<\/div>\n\t\t\t\t<div data-elementor-type=\"loop-item\" data-elementor-id=\"537\" class=\"elementor elementor-537 e-loop-item e-loop-item-1262 post-1262 soluzione type-soluzione status-publish has-post-thumbnail hentry\" data-elementor-post-type=\"elementor_library\" data-custom-edit-handle=\"1\">\n\t\t\t<a class=\"elementor-element elementor-element-1361a52 box-soluzioni e-flex e-con-boxed e-con e-child\" data-id=\"1361a52\" data-element_type=\"container\" data-e-type=\"container\" data-label=\"scopri di pi\u00f9\" href=\"https:\/\/ferretto.com\/fr\/solutions\/entrepots-automatiques-rotatif-eurot\/\">\n\t\t\t\t\t<div class=\"e-con-inner\">\n\t\t\t\t<div class=\"elementor-element elementor-element-103abb9 elementor-widget elementor-widget-image\" data-id=\"103abb9\" data-element_type=\"widget\" data-e-type=\"widget\" data-label=\"scopri di pi\u00f9\" data-widget_type=\"image.default\">\n\t\t\t\t<div class=\"elementor-widget-container\">\n\t\t\t\t\t\t\t\t\t\t\t\t\t\t\t<img decoding=\"async\" width=\"1024\" height=\"768\" src=\"https:\/\/ferretto.com\/wp-content\/uploads\/2024\/02\/Magazzino-verticale-rotante-3-1024x768.jpg\" class=\"attachment-large size-large wp-image-1395\" alt=\"Entrep\u00f4ts automatiques rotatif Eurot\" srcset=\"https:\/\/ferretto.com\/wp-content\/uploads\/2024\/02\/Magazzino-verticale-rotante-3-1024x768.jpg 1024w, https:\/\/ferretto.com\/wp-content\/uploads\/2024\/02\/Magazzino-verticale-rotante-3-300x225.jpg 300w, https:\/\/ferretto.com\/wp-content\/uploads\/2024\/02\/Magazzino-verticale-rotante-3-768x576.jpg 768w, https:\/\/ferretto.com\/wp-content\/uploads\/2024\/02\/Magazzino-verticale-rotante-3-1536x1152.jpg 1536w, https:\/\/ferretto.com\/wp-content\/uploads\/2024\/02\/Magazzino-verticale-rotante-3-2048x1536.jpg 2048w, https:\/\/ferretto.com\/wp-content\/uploads\/2024\/02\/Magazzino-verticale-rotante-3-1440x1080.jpg 1440w\" sizes=\"(max-width: 1024px) 100vw, 1024px\" \/>\t\t\t\t\t\t\t\t\t\t\t\t\t\t\t<\/div>\n\t\t\t\t<\/div>\n\t\t\t\t<div class=\"elementor-element elementor-element-417f005 elementor-widget elementor-widget-heading\" data-id=\"417f005\" data-element_type=\"widget\" data-e-type=\"widget\" data-widget_type=\"heading.default\">\n\t\t\t\t<div class=\"elementor-widget-container\">\n\t\t\t\t\t<h3 class=\"elementor-heading-title elementor-size-default\">Entrep\u00f4ts automatiques rotatif Eurot<\/h3>\t\t\t\t<\/div>\n\t\t\t\t<\/div>\n\t\t\t\t<div class=\"elementor-element elementor-element-63adbe6 elementor-widget elementor-widget-text-editor\" data-id=\"63adbe6\" data-element_type=\"widget\" data-e-type=\"widget\" data-widget_type=\"text-editor.default\">\n\t\t\t\t<div class=\"elementor-widget-container\">\n\t\t\t\t\t\t\t\t\tLa solution de stockage id\u00e9ale pour optimiser l&rsquo;espace avec l&rsquo;entrep\u00f4ts automatiques rotatif Eurot\t\t\t\t\t\t\t\t<\/div>\n\t\t\t\t<\/div>\n\t\t\t\t\t<\/div>\n\t\t\t\t<\/a>\n\t\t\t\t<\/div>\n\t\t\t\t<div data-elementor-type=\"loop-item\" data-elementor-id=\"537\" class=\"elementor elementor-537 e-loop-item e-loop-item-1580 post-1580 soluzione type-soluzione status-publish has-post-thumbnail hentry\" data-elementor-post-type=\"elementor_library\" data-custom-edit-handle=\"1\">\n\t\t\t<a class=\"elementor-element elementor-element-1361a52 box-soluzioni e-flex e-con-boxed e-con e-child\" data-id=\"1361a52\" data-element_type=\"container\" data-e-type=\"container\" data-label=\"scopri di pi\u00f9\" href=\"https:\/\/ferretto.com\/fr\/solutions\/entrepots-verticaux-pour-barres-profiles-et-plaques-steel-tower\/\">\n\t\t\t\t\t<div class=\"e-con-inner\">\n\t\t\t\t<div class=\"elementor-element elementor-element-103abb9 elementor-widget elementor-widget-image\" data-id=\"103abb9\" data-element_type=\"widget\" data-e-type=\"widget\" data-label=\"scopri di pi\u00f9\" data-widget_type=\"image.default\">\n\t\t\t\t<div class=\"elementor-widget-container\">\n\t\t\t\t\t\t\t\t\t\t\t\t\t\t\t<img decoding=\"async\" width=\"1024\" height=\"768\" src=\"https:\/\/ferretto.com\/wp-content\/uploads\/2024\/02\/Magazzino-verticale-Steel-Tower-1-1-1024x768.jpg\" class=\"attachment-large size-large wp-image-1416\" alt=\"entrep\u00f4ts verticaux pour barres\" srcset=\"https:\/\/ferretto.com\/wp-content\/uploads\/2024\/02\/Magazzino-verticale-Steel-Tower-1-1-1024x768.jpg 1024w, https:\/\/ferretto.com\/wp-content\/uploads\/2024\/02\/Magazzino-verticale-Steel-Tower-1-1-300x225.jpg 300w, https:\/\/ferretto.com\/wp-content\/uploads\/2024\/02\/Magazzino-verticale-Steel-Tower-1-1-768x576.jpg 768w, https:\/\/ferretto.com\/wp-content\/uploads\/2024\/02\/Magazzino-verticale-Steel-Tower-1-1-1536x1152.jpg 1536w, https:\/\/ferretto.com\/wp-content\/uploads\/2024\/02\/Magazzino-verticale-Steel-Tower-1-1-2048x1536.jpg 2048w, https:\/\/ferretto.com\/wp-content\/uploads\/2024\/02\/Magazzino-verticale-Steel-Tower-1-1-1440x1080.jpg 1440w\" sizes=\"(max-width: 1024px) 100vw, 1024px\" \/>\t\t\t\t\t\t\t\t\t\t\t\t\t\t\t<\/div>\n\t\t\t\t<\/div>\n\t\t\t\t<div class=\"elementor-element elementor-element-417f005 elementor-widget elementor-widget-heading\" data-id=\"417f005\" data-element_type=\"widget\" data-e-type=\"widget\" data-widget_type=\"heading.default\">\n\t\t\t\t<div class=\"elementor-widget-container\">\n\t\t\t\t\t<h3 class=\"elementor-heading-title elementor-size-default\">Entrep\u00f4ts verticaux pour barres, profil\u00e9s et plaques Steel Tower<\/h3>\t\t\t\t<\/div>\n\t\t\t\t<\/div>\n\t\t\t\t<div class=\"elementor-element elementor-element-63adbe6 elementor-widget elementor-widget-text-editor\" data-id=\"63adbe6\" data-element_type=\"widget\" data-e-type=\"widget\" data-widget_type=\"text-editor.default\">\n\t\t\t\t<div class=\"elementor-widget-container\">\n\t\t\t\t\t\t\t\t\tLe syst\u00e8me automatique vertical pour le stockage et le pr\u00e9l\u00e8vement de barres, de profil\u00e9s, de t\u00f4les et de plaques.\t\t\t\t\t\t\t\t<\/div>\n\t\t\t\t<\/div>\n\t\t\t\t\t<\/div>\n\t\t\t\t<\/a>\n\t\t\t\t<\/div>\n\t\t\t\t<div data-elementor-type=\"loop-item\" data-elementor-id=\"537\" class=\"elementor elementor-537 e-loop-item e-loop-item-1584 post-1584 soluzione type-soluzione status-publish has-post-thumbnail hentry\" data-elementor-post-type=\"elementor_library\" data-custom-edit-handle=\"1\">\n\t\t\t<a class=\"elementor-element elementor-element-1361a52 box-soluzioni e-flex e-con-boxed e-con e-child\" data-id=\"1361a52\" data-element_type=\"container\" data-e-type=\"container\" data-label=\"scopri di pi\u00f9\" href=\"https:\/\/ferretto.com\/fr\/solutions\/logiciel-de-gestion-des-entrepots\/\">\n\t\t\t\t\t<div class=\"e-con-inner\">\n\t\t\t\t<div class=\"elementor-element elementor-element-103abb9 elementor-widget elementor-widget-image\" data-id=\"103abb9\" data-element_type=\"widget\" data-e-type=\"widget\" data-label=\"scopri di pi\u00f9\" data-widget_type=\"image.default\">\n\t\t\t\t<div class=\"elementor-widget-container\">\n\t\t\t\t\t\t\t\t\t\t\t\t\t\t\t<img loading=\"lazy\" decoding=\"async\" width=\"1024\" height=\"768\" src=\"https:\/\/ferretto.com\/wp-content\/uploads\/2024\/02\/Progetto-senza-titolo.png\" class=\"attachment-large size-large wp-image-5268\" alt=\"Logiciel de gestion des entrep\u00f4ts\" srcset=\"https:\/\/ferretto.com\/wp-content\/uploads\/2024\/02\/Progetto-senza-titolo.png 1024w, https:\/\/ferretto.com\/wp-content\/uploads\/2024\/02\/Progetto-senza-titolo-300x225.png 300w, https:\/\/ferretto.com\/wp-content\/uploads\/2024\/02\/Progetto-senza-titolo-768x576.png 768w\" sizes=\"(max-width: 1024px) 100vw, 1024px\" \/>\t\t\t\t\t\t\t\t\t\t\t\t\t\t\t<\/div>\n\t\t\t\t<\/div>\n\t\t\t\t<div class=\"elementor-element elementor-element-417f005 elementor-widget elementor-widget-heading\" data-id=\"417f005\" data-element_type=\"widget\" data-e-type=\"widget\" data-widget_type=\"heading.default\">\n\t\t\t\t<div class=\"elementor-widget-container\">\n\t\t\t\t\t<h3 class=\"elementor-heading-title elementor-size-default\">Logiciel de gestion des entrep\u00f4ts<\/h3>\t\t\t\t<\/div>\n\t\t\t\t<\/div>\n\t\t\t\t<div class=\"elementor-element elementor-element-63adbe6 elementor-widget elementor-widget-text-editor\" data-id=\"63adbe6\" data-element_type=\"widget\" data-e-type=\"widget\" data-widget_type=\"text-editor.default\">\n\t\t\t\t<div class=\"elementor-widget-container\">\n\t\t\t\t\t\t\t\t\tLe syst\u00e8me de gestion d&rsquo;entrep\u00f4t con\u00e7u par Ferretto Group s&rsquo;int\u00e8gre parfaitement aux syst\u00e8mes de gestion de l&rsquo;entreprise.\t\t\t\t\t\t\t\t<\/div>\n\t\t\t\t<\/div>\n\t\t\t\t\t<\/div>\n\t\t\t\t<\/a>\n\t\t\t\t<\/div>\n\t\t\t\t<\/div>\n\t\t\n\t\t\t\t\t\t<\/div>\n\t\t\t\t<\/div>\n\t\t\t\t\t<\/div>\n\t\t\t\t<\/div>\n\t\t\t\t<\/div>\n\t\t","protected":false},"excerpt":{"rendered":"<p>entrep\u00f4ts verticaux automatiques L&rsquo;entreprise propose une gamme compl\u00e8te de solutions de pointe pour tous les besoins en mati\u00e8re d&rsquo;entreposage, de manutention et d&rsquo;archivage et accompagne le client \u00e0 tous les stades : de la conception \u00e0 l&rsquo;installation, en passant par le service et la maintenance tout au long de la dur\u00e9e de vie des syst\u00e8mes.<\/p>\n","protected":false},"author":1,"featured_media":0,"parent":0,"menu_order":0,"comment_status":"closed","ping_status":"closed","template":"","meta":{"_acf_changed":false,"footnotes":""},"class_list":["post-2379","page","type-page","status-publish","hentry"],"acf":[],"yoast_head":"<!-- This site is optimized with the Yoast SEO plugin v27.0 - https:\/\/yoast.com\/product\/yoast-seo-wordpress\/ -->\n<title>Solutions - Ferretto SpA<\/title>\n<meta name=\"robots\" content=\"index, follow, max-snippet:-1, max-image-preview:large, max-video-preview:-1\" \/>\n<link rel=\"canonical\" href=\"https:\/\/ferretto.com\/magazzino-verticale\/\" \/>\n<meta property=\"og:locale\" content=\"fr_FR\" \/>\n<meta property=\"og:type\" content=\"article\" \/>\n<meta property=\"og:title\" content=\"Solutions - Ferretto SpA\" \/>\n<meta property=\"og:description\" content=\"entrep\u00f4ts verticaux automatiques L&rsquo;entreprise propose une gamme compl\u00e8te de solutions de pointe pour tous les besoins en mati\u00e8re d&rsquo;entreposage, de manutention et d&rsquo;archivage et accompagne le client \u00e0 tous les stades : de la conception \u00e0 l&rsquo;installation, en passant par le service et la maintenance tout au long de la dur\u00e9e de vie des syst\u00e8mes.\" \/>\n<meta property=\"og:url\" content=\"https:\/\/ferretto.com\/magazzino-verticale\/\" \/>\n<meta property=\"og:site_name\" content=\"Ferretto SpA\" \/>\n<meta property=\"article:modified_time\" content=\"2024-04-15T10:23:35+00:00\" \/>\n<meta name=\"twitter:card\" content=\"summary_large_image\" \/>\n<meta name=\"twitter:label1\" content=\"Dur\u00e9e de lecture estim\u00e9e\" \/>\n\t<meta name=\"twitter:data1\" content=\"3 minutes\" \/>\n<script type=\"application\/ld+json\" class=\"yoast-schema-graph\">{\"@context\":\"https:\/\/schema.org\",\"@graph\":[{\"@type\":\"WebPage\",\"@id\":\"https:\/\/ferretto.com\/magazzino-verticale\/\",\"url\":\"https:\/\/ferretto.com\/magazzino-verticale\/\",\"name\":\"Solutions - Ferretto SpA\",\"isPartOf\":{\"@id\":\"https:\/\/ferretto.com\/#website\"},\"datePublished\":\"2024-02-09T23:13:11+00:00\",\"dateModified\":\"2024-04-15T10:23:35+00:00\",\"breadcrumb\":{\"@id\":\"https:\/\/ferretto.com\/magazzino-verticale\/#breadcrumb\"},\"inLanguage\":\"fr-FR\",\"potentialAction\":[{\"@type\":\"ReadAction\",\"target\":[\"https:\/\/ferretto.com\/magazzino-verticale\/\"]}]},{\"@type\":\"BreadcrumbList\",\"@id\":\"https:\/\/ferretto.com\/magazzino-verticale\/#breadcrumb\",\"itemListElement\":[{\"@type\":\"ListItem\",\"position\":1,\"name\":\"Home\",\"item\":\"https:\/\/ferretto.com\/\"},{\"@type\":\"ListItem\",\"position\":2,\"name\":\"Solutions\"}]},{\"@type\":\"WebSite\",\"@id\":\"https:\/\/ferretto.com\/#website\",\"url\":\"https:\/\/ferretto.com\/\",\"name\":\"Ferretto SPA\",\"description\":\"\",\"publisher\":{\"@id\":\"https:\/\/ferretto.com\/#organization\"},\"potentialAction\":[{\"@type\":\"SearchAction\",\"target\":{\"@type\":\"EntryPoint\",\"urlTemplate\":\"https:\/\/ferretto.com\/?s={search_term_string}\"},\"query-input\":{\"@type\":\"PropertyValueSpecification\",\"valueRequired\":true,\"valueName\":\"search_term_string\"}}],\"inLanguage\":\"fr-FR\"},{\"@type\":\"Organization\",\"@id\":\"https:\/\/ferretto.com\/#organization\",\"name\":\"Ferretto SPA\",\"url\":\"https:\/\/ferretto.com\/\",\"logo\":{\"@type\":\"ImageObject\",\"inLanguage\":\"fr-FR\",\"@id\":\"https:\/\/ferretto.com\/#\/schema\/logo\/image\/\",\"url\":\"https:\/\/ferretto.com\/wp-content\/uploads\/2024\/02\/FERRETTO-logo-orizz-con-payoff-col.png\",\"contentUrl\":\"https:\/\/ferretto.com\/wp-content\/uploads\/2024\/02\/FERRETTO-logo-orizz-con-payoff-col.png\",\"width\":3190,\"height\":598,\"caption\":\"Ferretto SPA\"},\"image\":{\"@id\":\"https:\/\/ferretto.com\/#\/schema\/logo\/image\/\"}}]}<\/script>\n<!-- \/ Yoast SEO plugin. -->","yoast_head_json":{"title":"Solutions - Ferretto SpA","robots":{"index":"index","follow":"follow","max-snippet":"max-snippet:-1","max-image-preview":"max-image-preview:large","max-video-preview":"max-video-preview:-1"},"canonical":"https:\/\/ferretto.com\/magazzino-verticale\/","og_locale":"fr_FR","og_type":"article","og_title":"Solutions - Ferretto SpA","og_description":"entrep\u00f4ts verticaux automatiques L&rsquo;entreprise propose une gamme compl\u00e8te de solutions de pointe pour tous les besoins en mati\u00e8re d&rsquo;entreposage, de manutention et d&rsquo;archivage et accompagne le client \u00e0 tous les stades : de la conception \u00e0 l&rsquo;installation, en passant par le service et la maintenance tout au long de la dur\u00e9e de vie des syst\u00e8mes.","og_url":"https:\/\/ferretto.com\/magazzino-verticale\/","og_site_name":"Ferretto SpA","article_modified_time":"2024-04-15T10:23:35+00:00","twitter_card":"summary_large_image","twitter_misc":{"Dur\u00e9e de lecture estim\u00e9e":"3 minutes"},"schema":{"@context":"https:\/\/schema.org","@graph":[{"@type":"WebPage","@id":"https:\/\/ferretto.com\/magazzino-verticale\/","url":"https:\/\/ferretto.com\/magazzino-verticale\/","name":"Solutions - Ferretto SpA","isPartOf":{"@id":"https:\/\/ferretto.com\/#website"},"datePublished":"2024-02-09T23:13:11+00:00","dateModified":"2024-04-15T10:23:35+00:00","breadcrumb":{"@id":"https:\/\/ferretto.com\/magazzino-verticale\/#breadcrumb"},"inLanguage":"fr-FR","potentialAction":[{"@type":"ReadAction","target":["https:\/\/ferretto.com\/magazzino-verticale\/"]}]},{"@type":"BreadcrumbList","@id":"https:\/\/ferretto.com\/magazzino-verticale\/#breadcrumb","itemListElement":[{"@type":"ListItem","position":1,"name":"Home","item":"https:\/\/ferretto.com\/"},{"@type":"ListItem","position":2,"name":"Solutions"}]},{"@type":"WebSite","@id":"https:\/\/ferretto.com\/#website","url":"https:\/\/ferretto.com\/","name":"Ferretto SPA","description":"","publisher":{"@id":"https:\/\/ferretto.com\/#organization"},"potentialAction":[{"@type":"SearchAction","target":{"@type":"EntryPoint","urlTemplate":"https:\/\/ferretto.com\/?s={search_term_string}"},"query-input":{"@type":"PropertyValueSpecification","valueRequired":true,"valueName":"search_term_string"}}],"inLanguage":"fr-FR"},{"@type":"Organization","@id":"https:\/\/ferretto.com\/#organization","name":"Ferretto SPA","url":"https:\/\/ferretto.com\/","logo":{"@type":"ImageObject","inLanguage":"fr-FR","@id":"https:\/\/ferretto.com\/#\/schema\/logo\/image\/","url":"https:\/\/ferretto.com\/wp-content\/uploads\/2024\/02\/FERRETTO-logo-orizz-con-payoff-col.png","contentUrl":"https:\/\/ferretto.com\/wp-content\/uploads\/2024\/02\/FERRETTO-logo-orizz-con-payoff-col.png","width":3190,"height":598,"caption":"Ferretto SPA"},"image":{"@id":"https:\/\/ferretto.com\/#\/schema\/logo\/image\/"}}]}},"_links":{"self":[{"href":"https:\/\/ferretto.com\/fr\/wp-json\/wp\/v2\/pages\/2379","targetHints":{"allow":["GET"]}}],"collection":[{"href":"https:\/\/ferretto.com\/fr\/wp-json\/wp\/v2\/pages"}],"about":[{"href":"https:\/\/ferretto.com\/fr\/wp-json\/wp\/v2\/types\/page"}],"author":[{"embeddable":true,"href":"https:\/\/ferretto.com\/fr\/wp-json\/wp\/v2\/users\/1"}],"replies":[{"embeddable":true,"href":"https:\/\/ferretto.com\/fr\/wp-json\/wp\/v2\/comments?post=2379"}],"version-history":[{"count":4,"href":"https:\/\/ferretto.com\/fr\/wp-json\/wp\/v2\/pages\/2379\/revisions"}],"predecessor-version":[{"id":8538,"href":"https:\/\/ferretto.com\/fr\/wp-json\/wp\/v2\/pages\/2379\/revisions\/8538"}],"wp:attachment":[{"href":"https:\/\/ferretto.com\/fr\/wp-json\/wp\/v2\/media?parent=2379"}],"curies":[{"name":"wp","href":"https:\/\/api.w.org\/{rel}","templated":true}]}}