{"id":7553,"date":"2024-02-28T17:45:14","date_gmt":"2024-02-28T16:45:14","guid":{"rendered":"https:\/\/ferrettogroup.websitesimple.it\/installazione-e-direzione-lavori\/"},"modified":"2024-10-22T09:14:17","modified_gmt":"2024-10-22T07:14:17","slug":"instalacion-y-direccion-de-obras","status":"publish","type":"page","link":"https:\/\/ferretto.com\/es\/servicios\/instalacion-y-direccion-de-obras\/","title":{"rendered":"Instalaci\u00f3n y direcci\u00f3n de obras"},"content":{"rendered":"\n<p><strong>M\u00e1xima atenci\u00f3n a los detalles para garantizar seguridad y fiabilidad<\/strong><\/p>\n\n\n\n<p>Prestamos especial atenci\u00f3n a las operaciones de instalaci\u00f3n y montaje. Coordinamos todas las fases, ya sea a trav\u00e9s de una red de colaboradores certificados o mediante equipos de personal propio que van a la obra para la gesti\u00f3n y supervisi\u00f3n de las operaciones. Gracias a la experiencia de nuestros t\u00e9cnicos, tambi\u00e9n llevamos a cabo comprobaciones en las obras, a partir de los cimientos y las losas. El cuidado y la atenci\u00f3n en esta fase tambi\u00e9n es un factor importante en la realizaci\u00f3n de almacenes seguros, fiables a largo plazo y a medida de las necesidades del cliente.<\/p>\n","protected":false},"excerpt":{"rendered":"<p>M\u00e1xima atenci\u00f3n a los detalles para garantizar seguridad y fiabilidad Prestamos especial atenci\u00f3n a las operaciones de instalaci\u00f3n y montaje. Coordinamos todas las fases, ya sea a trav\u00e9s de una red de colaboradores certificados o mediante equipos de personal propio que van a la obra para la gesti\u00f3n y supervisi\u00f3n de las operaciones. Gracias a [&hellip;]<\/p>\n","protected":false},"author":1,"featured_media":5545,"parent":4981,"menu_order":0,"comment_status":"closed","ping_status":"closed","template":"page-templates\/template-servizi.php","meta":{"_acf_changed":false,"footnotes":""},"class_list":["post-7553","page","type-page","status-publish","has-post-thumbnail","hentry"],"acf":[],"yoast_head":"<!-- This site is optimized with the Yoast SEO plugin v27.0 - https:\/\/yoast.com\/product\/yoast-seo-wordpress\/ -->\n<title>Instalaci\u00f3n y direcci\u00f3n de obras - Ferretto SpA<\/title>\n<meta name=\"description\" content=\"M\u00e1xima atenci\u00f3n a los detalles para garantizar seguridad y fiabilidadPrestamos especial atenci\u00f3n a las operaciones de instalaci\u00f3n y montaje.\" \/>\n<meta name=\"robots\" content=\"index, follow, max-snippet:-1, max-image-preview:large, max-video-preview:-1\" \/>\n<link rel=\"canonical\" href=\"https:\/\/ferretto.com\/servizi\/installazione\/\" \/>\n<meta property=\"og:locale\" content=\"es_ES\" \/>\n<meta property=\"og:type\" content=\"article\" \/>\n<meta property=\"og:title\" content=\"Instalaci\u00f3n y direcci\u00f3n de obras - Ferretto SpA\" \/>\n<meta property=\"og:description\" content=\"M\u00e1xima atenci\u00f3n a los detalles para garantizar seguridad y fiabilidadPrestamos especial atenci\u00f3n a las operaciones de instalaci\u00f3n y montaje.\" \/>\n<meta property=\"og:url\" content=\"https:\/\/ferretto.com\/servizi\/installazione\/\" \/>\n<meta property=\"og:site_name\" content=\"Ferretto SpA\" \/>\n<meta property=\"article:modified_time\" content=\"2024-10-22T07:14:17+00:00\" \/>\n<meta name=\"twitter:card\" content=\"summary_large_image\" \/>\n<meta name=\"twitter:label1\" content=\"Tiempo de lectura\" \/>\n\t<meta name=\"twitter:data1\" content=\"1 minuto\" \/>\n<script type=\"application\/ld+json\" class=\"yoast-schema-graph\">{\"@context\":\"https:\/\/schema.org\",\"@graph\":[{\"@type\":\"WebPage\",\"@id\":\"https:\/\/ferretto.com\/servizi\/installazione\/\",\"url\":\"https:\/\/ferretto.com\/servizi\/installazione\/\",\"name\":\"Instalaci\u00f3n y direcci\u00f3n de obras - Ferretto SpA\",\"isPartOf\":{\"@id\":\"https:\/\/ferretto.com\/#website\"},\"primaryImageOfPage\":{\"@id\":\"https:\/\/ferretto.com\/servizi\/installazione\/#primaryimage\"},\"image\":{\"@id\":\"https:\/\/ferretto.com\/servizi\/installazione\/#primaryimage\"},\"thumbnailUrl\":\"https:\/\/ferretto.com\/wp-content\/uploads\/2024\/03\/Installazione-e-direzione-lavori-pdf.jpg\",\"datePublished\":\"2024-02-28T16:45:14+00:00\",\"dateModified\":\"2024-10-22T07:14:17+00:00\",\"description\":\"M\u00e1xima atenci\u00f3n a los detalles para garantizar seguridad y fiabilidadPrestamos especial atenci\u00f3n a las operaciones de instalaci\u00f3n y montaje.\",\"breadcrumb\":{\"@id\":\"https:\/\/ferretto.com\/servizi\/installazione\/#breadcrumb\"},\"inLanguage\":\"es\",\"potentialAction\":[{\"@type\":\"ReadAction\",\"target\":[\"https:\/\/ferretto.com\/servizi\/installazione\/\"]}]},{\"@type\":\"ImageObject\",\"inLanguage\":\"es\",\"@id\":\"https:\/\/ferretto.com\/servizi\/installazione\/#primaryimage\",\"url\":\"https:\/\/ferretto.com\/wp-content\/uploads\/2024\/03\/Installazione-e-direzione-lavori-pdf.jpg\",\"contentUrl\":\"https:\/\/ferretto.com\/wp-content\/uploads\/2024\/03\/Installazione-e-direzione-lavori-pdf.jpg\",\"caption\":\"installation and project management\"},{\"@type\":\"BreadcrumbList\",\"@id\":\"https:\/\/ferretto.com\/servizi\/installazione\/#breadcrumb\",\"itemListElement\":[{\"@type\":\"ListItem\",\"position\":1,\"name\":\"Home\",\"item\":\"https:\/\/ferretto.com\/\"},{\"@type\":\"ListItem\",\"position\":2,\"name\":\"Servicios\",\"item\":\"https:\/\/ferretto.com\/es\/servicios\/\"},{\"@type\":\"ListItem\",\"position\":3,\"name\":\"Instalaci\u00f3n y direcci\u00f3n de obras\"}]},{\"@type\":\"WebSite\",\"@id\":\"https:\/\/ferretto.com\/#website\",\"url\":\"https:\/\/ferretto.com\/\",\"name\":\"Ferretto SPA\",\"description\":\"\",\"publisher\":{\"@id\":\"https:\/\/ferretto.com\/#organization\"},\"potentialAction\":[{\"@type\":\"SearchAction\",\"target\":{\"@type\":\"EntryPoint\",\"urlTemplate\":\"https:\/\/ferretto.com\/?s={search_term_string}\"},\"query-input\":{\"@type\":\"PropertyValueSpecification\",\"valueRequired\":true,\"valueName\":\"search_term_string\"}}],\"inLanguage\":\"es\"},{\"@type\":\"Organization\",\"@id\":\"https:\/\/ferretto.com\/#organization\",\"name\":\"Ferretto SPA\",\"url\":\"https:\/\/ferretto.com\/\",\"logo\":{\"@type\":\"ImageObject\",\"inLanguage\":\"es\",\"@id\":\"https:\/\/ferretto.com\/#\/schema\/logo\/image\/\",\"url\":\"https:\/\/ferretto.com\/wp-content\/uploads\/2024\/02\/FERRETTO-logo-orizz-con-payoff-col.png\",\"contentUrl\":\"https:\/\/ferretto.com\/wp-content\/uploads\/2024\/02\/FERRETTO-logo-orizz-con-payoff-col.png\",\"width\":3190,\"height\":598,\"caption\":\"Ferretto SPA\"},\"image\":{\"@id\":\"https:\/\/ferretto.com\/#\/schema\/logo\/image\/\"}}]}<\/script>\n<!-- \/ Yoast SEO plugin. -->","yoast_head_json":{"title":"Instalaci\u00f3n y direcci\u00f3n de obras - Ferretto SpA","description":"M\u00e1xima atenci\u00f3n a los detalles para garantizar seguridad y fiabilidadPrestamos especial atenci\u00f3n a las operaciones de instalaci\u00f3n y montaje.","robots":{"index":"index","follow":"follow","max-snippet":"max-snippet:-1","max-image-preview":"max-image-preview:large","max-video-preview":"max-video-preview:-1"},"canonical":"https:\/\/ferretto.com\/servizi\/installazione\/","og_locale":"es_ES","og_type":"article","og_title":"Instalaci\u00f3n y direcci\u00f3n de obras - Ferretto SpA","og_description":"M\u00e1xima atenci\u00f3n a los detalles para garantizar seguridad y fiabilidadPrestamos especial atenci\u00f3n a las operaciones de instalaci\u00f3n y montaje.","og_url":"https:\/\/ferretto.com\/servizi\/installazione\/","og_site_name":"Ferretto SpA","article_modified_time":"2024-10-22T07:14:17+00:00","twitter_card":"summary_large_image","twitter_misc":{"Tiempo de lectura":"1 minuto"},"schema":{"@context":"https:\/\/schema.org","@graph":[{"@type":"WebPage","@id":"https:\/\/ferretto.com\/servizi\/installazione\/","url":"https:\/\/ferretto.com\/servizi\/installazione\/","name":"Instalaci\u00f3n y direcci\u00f3n de obras - Ferretto SpA","isPartOf":{"@id":"https:\/\/ferretto.com\/#website"},"primaryImageOfPage":{"@id":"https:\/\/ferretto.com\/servizi\/installazione\/#primaryimage"},"image":{"@id":"https:\/\/ferretto.com\/servizi\/installazione\/#primaryimage"},"thumbnailUrl":"https:\/\/ferretto.com\/wp-content\/uploads\/2024\/03\/Installazione-e-direzione-lavori-pdf.jpg","datePublished":"2024-02-28T16:45:14+00:00","dateModified":"2024-10-22T07:14:17+00:00","description":"M\u00e1xima atenci\u00f3n a los detalles para garantizar seguridad y fiabilidadPrestamos especial atenci\u00f3n a las operaciones de instalaci\u00f3n y montaje.","breadcrumb":{"@id":"https:\/\/ferretto.com\/servizi\/installazione\/#breadcrumb"},"inLanguage":"es","potentialAction":[{"@type":"ReadAction","target":["https:\/\/ferretto.com\/servizi\/installazione\/"]}]},{"@type":"ImageObject","inLanguage":"es","@id":"https:\/\/ferretto.com\/servizi\/installazione\/#primaryimage","url":"https:\/\/ferretto.com\/wp-content\/uploads\/2024\/03\/Installazione-e-direzione-lavori-pdf.jpg","contentUrl":"https:\/\/ferretto.com\/wp-content\/uploads\/2024\/03\/Installazione-e-direzione-lavori-pdf.jpg","caption":"installation and project management"},{"@type":"BreadcrumbList","@id":"https:\/\/ferretto.com\/servizi\/installazione\/#breadcrumb","itemListElement":[{"@type":"ListItem","position":1,"name":"Home","item":"https:\/\/ferretto.com\/"},{"@type":"ListItem","position":2,"name":"Servicios","item":"https:\/\/ferretto.com\/es\/servicios\/"},{"@type":"ListItem","position":3,"name":"Instalaci\u00f3n y direcci\u00f3n de obras"}]},{"@type":"WebSite","@id":"https:\/\/ferretto.com\/#website","url":"https:\/\/ferretto.com\/","name":"Ferretto SPA","description":"","publisher":{"@id":"https:\/\/ferretto.com\/#organization"},"potentialAction":[{"@type":"SearchAction","target":{"@type":"EntryPoint","urlTemplate":"https:\/\/ferretto.com\/?s={search_term_string}"},"query-input":{"@type":"PropertyValueSpecification","valueRequired":true,"valueName":"search_term_string"}}],"inLanguage":"es"},{"@type":"Organization","@id":"https:\/\/ferretto.com\/#organization","name":"Ferretto SPA","url":"https:\/\/ferretto.com\/","logo":{"@type":"ImageObject","inLanguage":"es","@id":"https:\/\/ferretto.com\/#\/schema\/logo\/image\/","url":"https:\/\/ferretto.com\/wp-content\/uploads\/2024\/02\/FERRETTO-logo-orizz-con-payoff-col.png","contentUrl":"https:\/\/ferretto.com\/wp-content\/uploads\/2024\/02\/FERRETTO-logo-orizz-con-payoff-col.png","width":3190,"height":598,"caption":"Ferretto SPA"},"image":{"@id":"https:\/\/ferretto.com\/#\/schema\/logo\/image\/"}}]}},"_links":{"self":[{"href":"https:\/\/ferretto.com\/es\/wp-json\/wp\/v2\/pages\/7553","targetHints":{"allow":["GET"]}}],"collection":[{"href":"https:\/\/ferretto.com\/es\/wp-json\/wp\/v2\/pages"}],"about":[{"href":"https:\/\/ferretto.com\/es\/wp-json\/wp\/v2\/types\/page"}],"author":[{"embeddable":true,"href":"https:\/\/ferretto.com\/es\/wp-json\/wp\/v2\/users\/1"}],"replies":[{"embeddable":true,"href":"https:\/\/ferretto.com\/es\/wp-json\/wp\/v2\/comments?post=7553"}],"version-history":[{"count":1,"href":"https:\/\/ferretto.com\/es\/wp-json\/wp\/v2\/pages\/7553\/revisions"}],"predecessor-version":[{"id":7554,"href":"https:\/\/ferretto.com\/es\/wp-json\/wp\/v2\/pages\/7553\/revisions\/7554"}],"up":[{"embeddable":true,"href":"https:\/\/ferretto.com\/es\/wp-json\/wp\/v2\/pages\/4981"}],"wp:featuredmedia":[{"embeddable":true,"href":"https:\/\/ferretto.com\/es\/wp-json\/wp\/v2\/media\/5545"}],"wp:attachment":[{"href":"https:\/\/ferretto.com\/es\/wp-json\/wp\/v2\/media?parent=7553"}],"curies":[{"name":"wp","href":"https:\/\/api.w.org\/{rel}","templated":true}]}}