{"id":5028,"date":"2024-04-02T17:46:36","date_gmt":"2024-04-02T15:46:36","guid":{"rendered":"https:\/\/ferrettogroup.websitesimple.it\/formazione\/"},"modified":"2024-10-22T09:12:49","modified_gmt":"2024-10-22T07:12:49","slug":"capacitacion","status":"publish","type":"page","link":"https:\/\/ferretto.com\/es\/servicios\/capacitacion\/","title":{"rendered":"Capacitaci\u00f3n"},"content":{"rendered":"\n<p><strong>Conocer el almac\u00e9n para obtener siempre los mejores resultados<\/strong><\/p>\n\n\n\n<p>Para ayudar a las empresas a aprovechar al m\u00e1ximo la eficiencia de sus almacenes, ofrecemos un servicio personalizado de formaci\u00f3n, incluso a trav\u00e9s de cursos y capacitaciones espec\u00edficas. Este proceso de acompa\u00f1amiento y compromiso garantiza que los operadores puedan usar el almac\u00e9n de manera correcta y segura, que funcione siempre con todo su potencial y tener un monitoreo constante para prevenir posibles problemas.<\/p>\n","protected":false},"excerpt":{"rendered":"<p>Conocer el almac\u00e9n para obtener siempre los mejores resultados Para ayudar a las empresas a aprovechar al m\u00e1ximo la eficiencia de sus almacenes, ofrecemos un servicio personalizado de formaci\u00f3n, incluso a trav\u00e9s de cursos y capacitaciones espec\u00edficas. Este proceso de acompa\u00f1amiento y compromiso garantiza que los operadores puedan usar el almac\u00e9n de manera correcta y [&hellip;]<\/p>\n","protected":false},"author":1,"featured_media":5536,"parent":4981,"menu_order":0,"comment_status":"closed","ping_status":"closed","template":"page-templates\/template-servizi.php","meta":{"_acf_changed":false,"footnotes":""},"class_list":["post-5028","page","type-page","status-publish","has-post-thumbnail","hentry"],"acf":[],"yoast_head":"<!-- This site is optimized with the Yoast SEO plugin v27.0 - https:\/\/yoast.com\/product\/yoast-seo-wordpress\/ -->\n<title>Capacitaci\u00f3n - Ferretto SpA<\/title>\n<meta name=\"description\" content=\"Para ayudar a las empresas a aprovechar al m\u00e1ximo la eficiencia de sus almacenes, ofrecemos servicios como cursos y capacitaciones espec\u00edficas\" \/>\n<meta name=\"robots\" content=\"index, follow, max-snippet:-1, max-image-preview:large, max-video-preview:-1\" \/>\n<link rel=\"canonical\" href=\"https:\/\/ferretto.com\/servizi\/formazione\/\" \/>\n<meta property=\"og:locale\" content=\"es_ES\" \/>\n<meta property=\"og:type\" content=\"article\" \/>\n<meta property=\"og:title\" content=\"Capacitaci\u00f3n - Ferretto SpA\" \/>\n<meta property=\"og:description\" content=\"Para ayudar a las empresas a aprovechar al m\u00e1ximo la eficiencia de sus almacenes, ofrecemos servicios como cursos y capacitaciones espec\u00edficas\" \/>\n<meta property=\"og:url\" content=\"https:\/\/ferretto.com\/servizi\/formazione\/\" \/>\n<meta property=\"og:site_name\" content=\"Ferretto SpA\" \/>\n<meta property=\"article:modified_time\" content=\"2024-10-22T07:12:49+00:00\" \/>\n<meta name=\"twitter:card\" content=\"summary_large_image\" \/>\n<meta name=\"twitter:label1\" content=\"Tiempo de lectura\" \/>\n\t<meta name=\"twitter:data1\" content=\"1 minuto\" \/>\n<script type=\"application\/ld+json\" class=\"yoast-schema-graph\">{\"@context\":\"https:\/\/schema.org\",\"@graph\":[{\"@type\":\"WebPage\",\"@id\":\"https:\/\/ferretto.com\/servizi\/formazione\/\",\"url\":\"https:\/\/ferretto.com\/servizi\/formazione\/\",\"name\":\"Capacitaci\u00f3n - Ferretto SpA\",\"isPartOf\":{\"@id\":\"https:\/\/ferretto.com\/#website\"},\"primaryImageOfPage\":{\"@id\":\"https:\/\/ferretto.com\/servizi\/formazione\/#primaryimage\"},\"image\":{\"@id\":\"https:\/\/ferretto.com\/servizi\/formazione\/#primaryimage\"},\"thumbnailUrl\":\"https:\/\/ferretto.com\/wp-content\/uploads\/2024\/03\/Formazione-pdf.jpg\",\"datePublished\":\"2024-04-02T15:46:36+00:00\",\"dateModified\":\"2024-10-22T07:12:49+00:00\",\"description\":\"Para ayudar a las empresas a aprovechar al m\u00e1ximo la eficiencia de sus almacenes, ofrecemos servicios como cursos y capacitaciones espec\u00edficas\",\"breadcrumb\":{\"@id\":\"https:\/\/ferretto.com\/servizi\/formazione\/#breadcrumb\"},\"inLanguage\":\"es\",\"potentialAction\":[{\"@type\":\"ReadAction\",\"target\":[\"https:\/\/ferretto.com\/servizi\/formazione\/\"]}]},{\"@type\":\"ImageObject\",\"inLanguage\":\"es\",\"@id\":\"https:\/\/ferretto.com\/servizi\/formazione\/#primaryimage\",\"url\":\"https:\/\/ferretto.com\/wp-content\/uploads\/2024\/03\/Formazione-pdf.jpg\",\"contentUrl\":\"https:\/\/ferretto.com\/wp-content\/uploads\/2024\/03\/Formazione-pdf.jpg\",\"caption\":\"Training\"},{\"@type\":\"BreadcrumbList\",\"@id\":\"https:\/\/ferretto.com\/servizi\/formazione\/#breadcrumb\",\"itemListElement\":[{\"@type\":\"ListItem\",\"position\":1,\"name\":\"Home\",\"item\":\"https:\/\/ferretto.com\/\"},{\"@type\":\"ListItem\",\"position\":2,\"name\":\"Servicios\",\"item\":\"https:\/\/ferretto.com\/es\/servicios\/\"},{\"@type\":\"ListItem\",\"position\":3,\"name\":\"Capacitaci\u00f3n\"}]},{\"@type\":\"WebSite\",\"@id\":\"https:\/\/ferretto.com\/#website\",\"url\":\"https:\/\/ferretto.com\/\",\"name\":\"Ferretto SPA\",\"description\":\"\",\"publisher\":{\"@id\":\"https:\/\/ferretto.com\/#organization\"},\"potentialAction\":[{\"@type\":\"SearchAction\",\"target\":{\"@type\":\"EntryPoint\",\"urlTemplate\":\"https:\/\/ferretto.com\/?s={search_term_string}\"},\"query-input\":{\"@type\":\"PropertyValueSpecification\",\"valueRequired\":true,\"valueName\":\"search_term_string\"}}],\"inLanguage\":\"es\"},{\"@type\":\"Organization\",\"@id\":\"https:\/\/ferretto.com\/#organization\",\"name\":\"Ferretto SPA\",\"url\":\"https:\/\/ferretto.com\/\",\"logo\":{\"@type\":\"ImageObject\",\"inLanguage\":\"es\",\"@id\":\"https:\/\/ferretto.com\/#\/schema\/logo\/image\/\",\"url\":\"https:\/\/ferretto.com\/wp-content\/uploads\/2024\/02\/FERRETTO-logo-orizz-con-payoff-col.png\",\"contentUrl\":\"https:\/\/ferretto.com\/wp-content\/uploads\/2024\/02\/FERRETTO-logo-orizz-con-payoff-col.png\",\"width\":3190,\"height\":598,\"caption\":\"Ferretto SPA\"},\"image\":{\"@id\":\"https:\/\/ferretto.com\/#\/schema\/logo\/image\/\"}}]}<\/script>\n<!-- \/ Yoast SEO plugin. -->","yoast_head_json":{"title":"Capacitaci\u00f3n - Ferretto SpA","description":"Para ayudar a las empresas a aprovechar al m\u00e1ximo la eficiencia de sus almacenes, ofrecemos servicios como cursos y capacitaciones espec\u00edficas","robots":{"index":"index","follow":"follow","max-snippet":"max-snippet:-1","max-image-preview":"max-image-preview:large","max-video-preview":"max-video-preview:-1"},"canonical":"https:\/\/ferretto.com\/servizi\/formazione\/","og_locale":"es_ES","og_type":"article","og_title":"Capacitaci\u00f3n - Ferretto SpA","og_description":"Para ayudar a las empresas a aprovechar al m\u00e1ximo la eficiencia de sus almacenes, ofrecemos servicios como cursos y capacitaciones espec\u00edficas","og_url":"https:\/\/ferretto.com\/servizi\/formazione\/","og_site_name":"Ferretto SpA","article_modified_time":"2024-10-22T07:12:49+00:00","twitter_card":"summary_large_image","twitter_misc":{"Tiempo de lectura":"1 minuto"},"schema":{"@context":"https:\/\/schema.org","@graph":[{"@type":"WebPage","@id":"https:\/\/ferretto.com\/servizi\/formazione\/","url":"https:\/\/ferretto.com\/servizi\/formazione\/","name":"Capacitaci\u00f3n - Ferretto SpA","isPartOf":{"@id":"https:\/\/ferretto.com\/#website"},"primaryImageOfPage":{"@id":"https:\/\/ferretto.com\/servizi\/formazione\/#primaryimage"},"image":{"@id":"https:\/\/ferretto.com\/servizi\/formazione\/#primaryimage"},"thumbnailUrl":"https:\/\/ferretto.com\/wp-content\/uploads\/2024\/03\/Formazione-pdf.jpg","datePublished":"2024-04-02T15:46:36+00:00","dateModified":"2024-10-22T07:12:49+00:00","description":"Para ayudar a las empresas a aprovechar al m\u00e1ximo la eficiencia de sus almacenes, ofrecemos servicios como cursos y capacitaciones espec\u00edficas","breadcrumb":{"@id":"https:\/\/ferretto.com\/servizi\/formazione\/#breadcrumb"},"inLanguage":"es","potentialAction":[{"@type":"ReadAction","target":["https:\/\/ferretto.com\/servizi\/formazione\/"]}]},{"@type":"ImageObject","inLanguage":"es","@id":"https:\/\/ferretto.com\/servizi\/formazione\/#primaryimage","url":"https:\/\/ferretto.com\/wp-content\/uploads\/2024\/03\/Formazione-pdf.jpg","contentUrl":"https:\/\/ferretto.com\/wp-content\/uploads\/2024\/03\/Formazione-pdf.jpg","caption":"Training"},{"@type":"BreadcrumbList","@id":"https:\/\/ferretto.com\/servizi\/formazione\/#breadcrumb","itemListElement":[{"@type":"ListItem","position":1,"name":"Home","item":"https:\/\/ferretto.com\/"},{"@type":"ListItem","position":2,"name":"Servicios","item":"https:\/\/ferretto.com\/es\/servicios\/"},{"@type":"ListItem","position":3,"name":"Capacitaci\u00f3n"}]},{"@type":"WebSite","@id":"https:\/\/ferretto.com\/#website","url":"https:\/\/ferretto.com\/","name":"Ferretto SPA","description":"","publisher":{"@id":"https:\/\/ferretto.com\/#organization"},"potentialAction":[{"@type":"SearchAction","target":{"@type":"EntryPoint","urlTemplate":"https:\/\/ferretto.com\/?s={search_term_string}"},"query-input":{"@type":"PropertyValueSpecification","valueRequired":true,"valueName":"search_term_string"}}],"inLanguage":"es"},{"@type":"Organization","@id":"https:\/\/ferretto.com\/#organization","name":"Ferretto SPA","url":"https:\/\/ferretto.com\/","logo":{"@type":"ImageObject","inLanguage":"es","@id":"https:\/\/ferretto.com\/#\/schema\/logo\/image\/","url":"https:\/\/ferretto.com\/wp-content\/uploads\/2024\/02\/FERRETTO-logo-orizz-con-payoff-col.png","contentUrl":"https:\/\/ferretto.com\/wp-content\/uploads\/2024\/02\/FERRETTO-logo-orizz-con-payoff-col.png","width":3190,"height":598,"caption":"Ferretto SPA"},"image":{"@id":"https:\/\/ferretto.com\/#\/schema\/logo\/image\/"}}]}},"_links":{"self":[{"href":"https:\/\/ferretto.com\/es\/wp-json\/wp\/v2\/pages\/5028","targetHints":{"allow":["GET"]}}],"collection":[{"href":"https:\/\/ferretto.com\/es\/wp-json\/wp\/v2\/pages"}],"about":[{"href":"https:\/\/ferretto.com\/es\/wp-json\/wp\/v2\/types\/page"}],"author":[{"embeddable":true,"href":"https:\/\/ferretto.com\/es\/wp-json\/wp\/v2\/users\/1"}],"replies":[{"embeddable":true,"href":"https:\/\/ferretto.com\/es\/wp-json\/wp\/v2\/comments?post=5028"}],"version-history":[{"count":2,"href":"https:\/\/ferretto.com\/es\/wp-json\/wp\/v2\/pages\/5028\/revisions"}],"predecessor-version":[{"id":6547,"href":"https:\/\/ferretto.com\/es\/wp-json\/wp\/v2\/pages\/5028\/revisions\/6547"}],"up":[{"embeddable":true,"href":"https:\/\/ferretto.com\/es\/wp-json\/wp\/v2\/pages\/4981"}],"wp:featuredmedia":[{"embeddable":true,"href":"https:\/\/ferretto.com\/es\/wp-json\/wp\/v2\/media\/5536"}],"wp:attachment":[{"href":"https:\/\/ferretto.com\/es\/wp-json\/wp\/v2\/media?parent=5028"}],"curies":[{"name":"wp","href":"https:\/\/api.w.org\/{rel}","templated":true}]}}