{"id":4995,"date":"2024-02-28T17:39:36","date_gmt":"2024-02-28T16:39:36","guid":{"rendered":"https:\/\/ferrettogroup.websitesimple.it\/servizi\/ricambi\/"},"modified":"2024-10-22T09:20:26","modified_gmt":"2024-10-22T07:20:26","slug":"piezas-de-repuesto","status":"publish","type":"page","link":"https:\/\/ferretto.com\/es\/servicios\/piezas-de-repuesto\/","title":{"rendered":"Piezas de repuesto"},"content":{"rendered":"\n<p><strong>Paquetes personalizados para su almac\u00e9n<\/strong><\/p>\n\n\n\n<p>En los sistemas log\u00edsticos, la continuidad operativa es fundamental, por lo tanto, la velocidad de intervenci\u00f3n es un factor estrat\u00e9gico de gran importancia. Suministramos kits de piezas de repuesto realizados a medida para cada almac\u00e9n, para estar siempre preparados. De esta manera, todos nuestros clientes pueden disponer de los componentes para su almac\u00e9n y contar con operaciones de reparaci\u00f3n y mantenimiento r\u00e1pidas y eficaces, en todo momento y sin esperas.&nbsp;<\/p>\n","protected":false},"excerpt":{"rendered":"<p>Paquetes personalizados para su almac\u00e9n En los sistemas log\u00edsticos, la continuidad operativa es fundamental, por lo tanto, la velocidad de intervenci\u00f3n es un factor estrat\u00e9gico de gran importancia. Suministramos kits de piezas de repuesto realizados a medida para cada almac\u00e9n, para estar siempre preparados. De esta manera, todos nuestros clientes pueden disponer de los componentes [&hellip;]<\/p>\n","protected":false},"author":1,"featured_media":5561,"parent":4981,"menu_order":0,"comment_status":"closed","ping_status":"closed","template":"page-templates\/template-servizi.php","meta":{"_acf_changed":false,"footnotes":""},"class_list":["post-4995","page","type-page","status-publish","has-post-thumbnail","hentry"],"acf":[],"yoast_head":"<!-- This site is optimized with the Yoast SEO plugin v27.0 - https:\/\/yoast.com\/product\/yoast-seo-wordpress\/ -->\n<title>Piezas de repuesto - Ferretto SpA<\/title>\n<meta name=\"description\" content=\"Suministramos kits de piezas de repuesto realizados a medida para cada almac\u00e9n, para estar siempre preparados.\" \/>\n<meta name=\"robots\" content=\"index, follow, max-snippet:-1, max-image-preview:large, max-video-preview:-1\" \/>\n<link rel=\"canonical\" href=\"https:\/\/ferretto.com\/servizi\/ricambi\/\" \/>\n<meta property=\"og:locale\" content=\"es_ES\" \/>\n<meta property=\"og:type\" content=\"article\" \/>\n<meta property=\"og:title\" content=\"Piezas de repuesto - Ferretto SpA\" \/>\n<meta property=\"og:description\" content=\"Suministramos kits de piezas de repuesto realizados a medida para cada almac\u00e9n, para estar siempre preparados.\" \/>\n<meta property=\"og:url\" content=\"https:\/\/ferretto.com\/servizi\/ricambi\/\" \/>\n<meta property=\"og:site_name\" content=\"Ferretto SpA\" \/>\n<meta property=\"article:modified_time\" content=\"2024-10-22T07:20:26+00:00\" \/>\n<meta name=\"twitter:card\" content=\"summary_large_image\" \/>\n<meta name=\"twitter:label1\" content=\"Tiempo de lectura\" \/>\n\t<meta name=\"twitter:data1\" content=\"1 minuto\" \/>\n<script type=\"application\/ld+json\" class=\"yoast-schema-graph\">{\"@context\":\"https:\/\/schema.org\",\"@graph\":[{\"@type\":\"WebPage\",\"@id\":\"https:\/\/ferretto.com\/servizi\/ricambi\/\",\"url\":\"https:\/\/ferretto.com\/servizi\/ricambi\/\",\"name\":\"Piezas de repuesto - Ferretto SpA\",\"isPartOf\":{\"@id\":\"https:\/\/ferretto.com\/#website\"},\"primaryImageOfPage\":{\"@id\":\"https:\/\/ferretto.com\/servizi\/ricambi\/#primaryimage\"},\"image\":{\"@id\":\"https:\/\/ferretto.com\/servizi\/ricambi\/#primaryimage\"},\"thumbnailUrl\":\"https:\/\/ferretto.com\/wp-content\/uploads\/2024\/03\/ricambi-pdf.jpg\",\"datePublished\":\"2024-02-28T16:39:36+00:00\",\"dateModified\":\"2024-10-22T07:20:26+00:00\",\"description\":\"Suministramos kits de piezas de repuesto realizados a medida para cada almac\u00e9n, para estar siempre preparados.\",\"breadcrumb\":{\"@id\":\"https:\/\/ferretto.com\/servizi\/ricambi\/#breadcrumb\"},\"inLanguage\":\"es\",\"potentialAction\":[{\"@type\":\"ReadAction\",\"target\":[\"https:\/\/ferretto.com\/servizi\/ricambi\/\"]}]},{\"@type\":\"ImageObject\",\"inLanguage\":\"es\",\"@id\":\"https:\/\/ferretto.com\/servizi\/ricambi\/#primaryimage\",\"url\":\"https:\/\/ferretto.com\/wp-content\/uploads\/2024\/03\/ricambi-pdf.jpg\",\"contentUrl\":\"https:\/\/ferretto.com\/wp-content\/uploads\/2024\/03\/ricambi-pdf.jpg\",\"caption\":\"spare parts\"},{\"@type\":\"BreadcrumbList\",\"@id\":\"https:\/\/ferretto.com\/servizi\/ricambi\/#breadcrumb\",\"itemListElement\":[{\"@type\":\"ListItem\",\"position\":1,\"name\":\"Home\",\"item\":\"https:\/\/ferretto.com\/\"},{\"@type\":\"ListItem\",\"position\":2,\"name\":\"Servicios\",\"item\":\"https:\/\/ferretto.com\/es\/servicios\/\"},{\"@type\":\"ListItem\",\"position\":3,\"name\":\"Piezas de repuesto\"}]},{\"@type\":\"WebSite\",\"@id\":\"https:\/\/ferretto.com\/#website\",\"url\":\"https:\/\/ferretto.com\/\",\"name\":\"Ferretto SPA\",\"description\":\"\",\"publisher\":{\"@id\":\"https:\/\/ferretto.com\/#organization\"},\"potentialAction\":[{\"@type\":\"SearchAction\",\"target\":{\"@type\":\"EntryPoint\",\"urlTemplate\":\"https:\/\/ferretto.com\/?s={search_term_string}\"},\"query-input\":{\"@type\":\"PropertyValueSpecification\",\"valueRequired\":true,\"valueName\":\"search_term_string\"}}],\"inLanguage\":\"es\"},{\"@type\":\"Organization\",\"@id\":\"https:\/\/ferretto.com\/#organization\",\"name\":\"Ferretto SPA\",\"url\":\"https:\/\/ferretto.com\/\",\"logo\":{\"@type\":\"ImageObject\",\"inLanguage\":\"es\",\"@id\":\"https:\/\/ferretto.com\/#\/schema\/logo\/image\/\",\"url\":\"https:\/\/ferretto.com\/wp-content\/uploads\/2024\/02\/FERRETTO-logo-orizz-con-payoff-col.png\",\"contentUrl\":\"https:\/\/ferretto.com\/wp-content\/uploads\/2024\/02\/FERRETTO-logo-orizz-con-payoff-col.png\",\"width\":3190,\"height\":598,\"caption\":\"Ferretto SPA\"},\"image\":{\"@id\":\"https:\/\/ferretto.com\/#\/schema\/logo\/image\/\"}}]}<\/script>\n<!-- \/ Yoast SEO plugin. -->","yoast_head_json":{"title":"Piezas de repuesto - Ferretto SpA","description":"Suministramos kits de piezas de repuesto realizados a medida para cada almac\u00e9n, para estar siempre preparados.","robots":{"index":"index","follow":"follow","max-snippet":"max-snippet:-1","max-image-preview":"max-image-preview:large","max-video-preview":"max-video-preview:-1"},"canonical":"https:\/\/ferretto.com\/servizi\/ricambi\/","og_locale":"es_ES","og_type":"article","og_title":"Piezas de repuesto - Ferretto SpA","og_description":"Suministramos kits de piezas de repuesto realizados a medida para cada almac\u00e9n, para estar siempre preparados.","og_url":"https:\/\/ferretto.com\/servizi\/ricambi\/","og_site_name":"Ferretto SpA","article_modified_time":"2024-10-22T07:20:26+00:00","twitter_card":"summary_large_image","twitter_misc":{"Tiempo de lectura":"1 minuto"},"schema":{"@context":"https:\/\/schema.org","@graph":[{"@type":"WebPage","@id":"https:\/\/ferretto.com\/servizi\/ricambi\/","url":"https:\/\/ferretto.com\/servizi\/ricambi\/","name":"Piezas de repuesto - Ferretto SpA","isPartOf":{"@id":"https:\/\/ferretto.com\/#website"},"primaryImageOfPage":{"@id":"https:\/\/ferretto.com\/servizi\/ricambi\/#primaryimage"},"image":{"@id":"https:\/\/ferretto.com\/servizi\/ricambi\/#primaryimage"},"thumbnailUrl":"https:\/\/ferretto.com\/wp-content\/uploads\/2024\/03\/ricambi-pdf.jpg","datePublished":"2024-02-28T16:39:36+00:00","dateModified":"2024-10-22T07:20:26+00:00","description":"Suministramos kits de piezas de repuesto realizados a medida para cada almac\u00e9n, para estar siempre preparados.","breadcrumb":{"@id":"https:\/\/ferretto.com\/servizi\/ricambi\/#breadcrumb"},"inLanguage":"es","potentialAction":[{"@type":"ReadAction","target":["https:\/\/ferretto.com\/servizi\/ricambi\/"]}]},{"@type":"ImageObject","inLanguage":"es","@id":"https:\/\/ferretto.com\/servizi\/ricambi\/#primaryimage","url":"https:\/\/ferretto.com\/wp-content\/uploads\/2024\/03\/ricambi-pdf.jpg","contentUrl":"https:\/\/ferretto.com\/wp-content\/uploads\/2024\/03\/ricambi-pdf.jpg","caption":"spare parts"},{"@type":"BreadcrumbList","@id":"https:\/\/ferretto.com\/servizi\/ricambi\/#breadcrumb","itemListElement":[{"@type":"ListItem","position":1,"name":"Home","item":"https:\/\/ferretto.com\/"},{"@type":"ListItem","position":2,"name":"Servicios","item":"https:\/\/ferretto.com\/es\/servicios\/"},{"@type":"ListItem","position":3,"name":"Piezas de repuesto"}]},{"@type":"WebSite","@id":"https:\/\/ferretto.com\/#website","url":"https:\/\/ferretto.com\/","name":"Ferretto SPA","description":"","publisher":{"@id":"https:\/\/ferretto.com\/#organization"},"potentialAction":[{"@type":"SearchAction","target":{"@type":"EntryPoint","urlTemplate":"https:\/\/ferretto.com\/?s={search_term_string}"},"query-input":{"@type":"PropertyValueSpecification","valueRequired":true,"valueName":"search_term_string"}}],"inLanguage":"es"},{"@type":"Organization","@id":"https:\/\/ferretto.com\/#organization","name":"Ferretto SPA","url":"https:\/\/ferretto.com\/","logo":{"@type":"ImageObject","inLanguage":"es","@id":"https:\/\/ferretto.com\/#\/schema\/logo\/image\/","url":"https:\/\/ferretto.com\/wp-content\/uploads\/2024\/02\/FERRETTO-logo-orizz-con-payoff-col.png","contentUrl":"https:\/\/ferretto.com\/wp-content\/uploads\/2024\/02\/FERRETTO-logo-orizz-con-payoff-col.png","width":3190,"height":598,"caption":"Ferretto SPA"},"image":{"@id":"https:\/\/ferretto.com\/#\/schema\/logo\/image\/"}}]}},"_links":{"self":[{"href":"https:\/\/ferretto.com\/es\/wp-json\/wp\/v2\/pages\/4995","targetHints":{"allow":["GET"]}}],"collection":[{"href":"https:\/\/ferretto.com\/es\/wp-json\/wp\/v2\/pages"}],"about":[{"href":"https:\/\/ferretto.com\/es\/wp-json\/wp\/v2\/types\/page"}],"author":[{"embeddable":true,"href":"https:\/\/ferretto.com\/es\/wp-json\/wp\/v2\/users\/1"}],"replies":[{"embeddable":true,"href":"https:\/\/ferretto.com\/es\/wp-json\/wp\/v2\/comments?post=4995"}],"version-history":[{"count":3,"href":"https:\/\/ferretto.com\/es\/wp-json\/wp\/v2\/pages\/4995\/revisions"}],"predecessor-version":[{"id":6552,"href":"https:\/\/ferretto.com\/es\/wp-json\/wp\/v2\/pages\/4995\/revisions\/6552"}],"up":[{"embeddable":true,"href":"https:\/\/ferretto.com\/es\/wp-json\/wp\/v2\/pages\/4981"}],"wp:featuredmedia":[{"embeddable":true,"href":"https:\/\/ferretto.com\/es\/wp-json\/wp\/v2\/media\/5561"}],"wp:attachment":[{"href":"https:\/\/ferretto.com\/es\/wp-json\/wp\/v2\/media?parent=4995"}],"curies":[{"name":"wp","href":"https:\/\/api.w.org\/{rel}","templated":true}]}}