{"id":4993,"date":"2024-02-28T17:41:00","date_gmt":"2024-02-28T16:41:00","guid":{"rendered":"https:\/\/ferrettogroup.websitesimple.it\/servizi\/retrofit\/"},"modified":"2024-10-22T09:21:19","modified_gmt":"2024-10-22T07:21:19","slug":"retrofit","status":"publish","type":"page","link":"https:\/\/ferretto.com\/es\/servicios\/retrofit\/","title":{"rendered":"Retrofit"},"content":{"rendered":"\n<p><strong>Damos una nueva vida y mayor eficiencia a su almac\u00e9n<\/strong><\/p>\n\n\n\n<p>No siempre es necesario sustituir un almac\u00e9n \u00abantiguo\u00bb. Gracias a nuestra experiencia, llevamos a cabo intervenciones de modernizaci\u00f3n tecnol\u00f3gica que dan una nueva vida a los almacenes. Para ello, trabajamos en m\u00faltiples aspectos: desde la automatizaci\u00f3n hasta los sensores, pasando por el software y el mantenimiento de la mec\u00e1nica. Gracias a estas operaciones, la modernizaci\u00f3n de un almac\u00e9n cuenta con diferentes beneficios, como, por ejemplo, mayor eficiencia, disponibilidad de los componentes, compatibilidad con los desarrollos tecnol\u00f3gicos, integraci\u00f3n con nuevos sistemas, mejora de los diagn\u00f3sticos, aumento de la seguridad y un significativo ahorro de energ\u00eda.<\/p>\n","protected":false},"excerpt":{"rendered":"<p>Damos una nueva vida y mayor eficiencia a su almac\u00e9n No siempre es necesario sustituir un almac\u00e9n \u00abantiguo\u00bb. Gracias a nuestra experiencia, llevamos a cabo intervenciones de modernizaci\u00f3n tecnol\u00f3gica que dan una nueva vida a los almacenes. Para ello, trabajamos en m\u00faltiples aspectos: desde la automatizaci\u00f3n hasta los sensores, pasando por el software y el [&hellip;]<\/p>\n","protected":false},"author":1,"featured_media":5553,"parent":4981,"menu_order":0,"comment_status":"closed","ping_status":"closed","template":"page-templates\/template-servizi.php","meta":{"_acf_changed":false,"footnotes":""},"class_list":["post-4993","page","type-page","status-publish","has-post-thumbnail","hentry"],"acf":[],"yoast_head":"<!-- This site is optimized with the Yoast SEO plugin v27.0 - https:\/\/yoast.com\/product\/yoast-seo-wordpress\/ -->\n<title>Retrofit - Ferretto SpA<\/title>\n<meta name=\"description\" content=\"Gracias a nuestra experiencia, llevamos a cabo intervenciones de modernizaci\u00f3n tecnol\u00f3gica que dan una nueva vida a los almacenes.\" \/>\n<meta name=\"robots\" content=\"index, follow, max-snippet:-1, max-image-preview:large, max-video-preview:-1\" \/>\n<link rel=\"canonical\" href=\"https:\/\/ferretto.com\/servizi\/retrofit\/\" \/>\n<meta property=\"og:locale\" content=\"es_ES\" \/>\n<meta property=\"og:type\" content=\"article\" \/>\n<meta property=\"og:title\" content=\"Retrofit - Ferretto SpA\" \/>\n<meta property=\"og:description\" content=\"Gracias a nuestra experiencia, llevamos a cabo intervenciones de modernizaci\u00f3n tecnol\u00f3gica que dan una nueva vida a los almacenes.\" \/>\n<meta property=\"og:url\" content=\"https:\/\/ferretto.com\/servizi\/retrofit\/\" \/>\n<meta property=\"og:site_name\" content=\"Ferretto SpA\" \/>\n<meta property=\"article:modified_time\" content=\"2024-10-22T07:21:19+00:00\" \/>\n<meta name=\"twitter:card\" content=\"summary_large_image\" \/>\n<meta name=\"twitter:label1\" content=\"Tiempo de lectura\" \/>\n\t<meta name=\"twitter:data1\" content=\"1 minuto\" \/>\n<script type=\"application\/ld+json\" class=\"yoast-schema-graph\">{\"@context\":\"https:\/\/schema.org\",\"@graph\":[{\"@type\":\"WebPage\",\"@id\":\"https:\/\/ferretto.com\/servizi\/retrofit\/\",\"url\":\"https:\/\/ferretto.com\/servizi\/retrofit\/\",\"name\":\"Retrofit - Ferretto SpA\",\"isPartOf\":{\"@id\":\"https:\/\/ferretto.com\/#website\"},\"primaryImageOfPage\":{\"@id\":\"https:\/\/ferretto.com\/servizi\/retrofit\/#primaryimage\"},\"image\":{\"@id\":\"https:\/\/ferretto.com\/servizi\/retrofit\/#primaryimage\"},\"thumbnailUrl\":\"https:\/\/ferretto.com\/wp-content\/uploads\/2024\/03\/retrofit-pdf.jpg\",\"datePublished\":\"2024-02-28T16:41:00+00:00\",\"dateModified\":\"2024-10-22T07:21:19+00:00\",\"description\":\"Gracias a nuestra experiencia, llevamos a cabo intervenciones de modernizaci\u00f3n tecnol\u00f3gica que dan una nueva vida a los almacenes.\",\"breadcrumb\":{\"@id\":\"https:\/\/ferretto.com\/servizi\/retrofit\/#breadcrumb\"},\"inLanguage\":\"es\",\"potentialAction\":[{\"@type\":\"ReadAction\",\"target\":[\"https:\/\/ferretto.com\/servizi\/retrofit\/\"]}]},{\"@type\":\"ImageObject\",\"inLanguage\":\"es\",\"@id\":\"https:\/\/ferretto.com\/servizi\/retrofit\/#primaryimage\",\"url\":\"https:\/\/ferretto.com\/wp-content\/uploads\/2024\/03\/retrofit-pdf.jpg\",\"contentUrl\":\"https:\/\/ferretto.com\/wp-content\/uploads\/2024\/03\/retrofit-pdf.jpg\",\"caption\":\"retrofit\"},{\"@type\":\"BreadcrumbList\",\"@id\":\"https:\/\/ferretto.com\/servizi\/retrofit\/#breadcrumb\",\"itemListElement\":[{\"@type\":\"ListItem\",\"position\":1,\"name\":\"Home\",\"item\":\"https:\/\/ferretto.com\/\"},{\"@type\":\"ListItem\",\"position\":2,\"name\":\"Servicios\",\"item\":\"https:\/\/ferretto.com\/es\/servicios\/\"},{\"@type\":\"ListItem\",\"position\":3,\"name\":\"Retrofit\"}]},{\"@type\":\"WebSite\",\"@id\":\"https:\/\/ferretto.com\/#website\",\"url\":\"https:\/\/ferretto.com\/\",\"name\":\"Ferretto SPA\",\"description\":\"\",\"publisher\":{\"@id\":\"https:\/\/ferretto.com\/#organization\"},\"potentialAction\":[{\"@type\":\"SearchAction\",\"target\":{\"@type\":\"EntryPoint\",\"urlTemplate\":\"https:\/\/ferretto.com\/?s={search_term_string}\"},\"query-input\":{\"@type\":\"PropertyValueSpecification\",\"valueRequired\":true,\"valueName\":\"search_term_string\"}}],\"inLanguage\":\"es\"},{\"@type\":\"Organization\",\"@id\":\"https:\/\/ferretto.com\/#organization\",\"name\":\"Ferretto SPA\",\"url\":\"https:\/\/ferretto.com\/\",\"logo\":{\"@type\":\"ImageObject\",\"inLanguage\":\"es\",\"@id\":\"https:\/\/ferretto.com\/#\/schema\/logo\/image\/\",\"url\":\"https:\/\/ferretto.com\/wp-content\/uploads\/2024\/02\/FERRETTO-logo-orizz-con-payoff-col.png\",\"contentUrl\":\"https:\/\/ferretto.com\/wp-content\/uploads\/2024\/02\/FERRETTO-logo-orizz-con-payoff-col.png\",\"width\":3190,\"height\":598,\"caption\":\"Ferretto SPA\"},\"image\":{\"@id\":\"https:\/\/ferretto.com\/#\/schema\/logo\/image\/\"}}]}<\/script>\n<!-- \/ Yoast SEO plugin. -->","yoast_head_json":{"title":"Retrofit - Ferretto SpA","description":"Gracias a nuestra experiencia, llevamos a cabo intervenciones de modernizaci\u00f3n tecnol\u00f3gica que dan una nueva vida a los almacenes.","robots":{"index":"index","follow":"follow","max-snippet":"max-snippet:-1","max-image-preview":"max-image-preview:large","max-video-preview":"max-video-preview:-1"},"canonical":"https:\/\/ferretto.com\/servizi\/retrofit\/","og_locale":"es_ES","og_type":"article","og_title":"Retrofit - Ferretto SpA","og_description":"Gracias a nuestra experiencia, llevamos a cabo intervenciones de modernizaci\u00f3n tecnol\u00f3gica que dan una nueva vida a los almacenes.","og_url":"https:\/\/ferretto.com\/servizi\/retrofit\/","og_site_name":"Ferretto SpA","article_modified_time":"2024-10-22T07:21:19+00:00","twitter_card":"summary_large_image","twitter_misc":{"Tiempo de lectura":"1 minuto"},"schema":{"@context":"https:\/\/schema.org","@graph":[{"@type":"WebPage","@id":"https:\/\/ferretto.com\/servizi\/retrofit\/","url":"https:\/\/ferretto.com\/servizi\/retrofit\/","name":"Retrofit - Ferretto SpA","isPartOf":{"@id":"https:\/\/ferretto.com\/#website"},"primaryImageOfPage":{"@id":"https:\/\/ferretto.com\/servizi\/retrofit\/#primaryimage"},"image":{"@id":"https:\/\/ferretto.com\/servizi\/retrofit\/#primaryimage"},"thumbnailUrl":"https:\/\/ferretto.com\/wp-content\/uploads\/2024\/03\/retrofit-pdf.jpg","datePublished":"2024-02-28T16:41:00+00:00","dateModified":"2024-10-22T07:21:19+00:00","description":"Gracias a nuestra experiencia, llevamos a cabo intervenciones de modernizaci\u00f3n tecnol\u00f3gica que dan una nueva vida a los almacenes.","breadcrumb":{"@id":"https:\/\/ferretto.com\/servizi\/retrofit\/#breadcrumb"},"inLanguage":"es","potentialAction":[{"@type":"ReadAction","target":["https:\/\/ferretto.com\/servizi\/retrofit\/"]}]},{"@type":"ImageObject","inLanguage":"es","@id":"https:\/\/ferretto.com\/servizi\/retrofit\/#primaryimage","url":"https:\/\/ferretto.com\/wp-content\/uploads\/2024\/03\/retrofit-pdf.jpg","contentUrl":"https:\/\/ferretto.com\/wp-content\/uploads\/2024\/03\/retrofit-pdf.jpg","caption":"retrofit"},{"@type":"BreadcrumbList","@id":"https:\/\/ferretto.com\/servizi\/retrofit\/#breadcrumb","itemListElement":[{"@type":"ListItem","position":1,"name":"Home","item":"https:\/\/ferretto.com\/"},{"@type":"ListItem","position":2,"name":"Servicios","item":"https:\/\/ferretto.com\/es\/servicios\/"},{"@type":"ListItem","position":3,"name":"Retrofit"}]},{"@type":"WebSite","@id":"https:\/\/ferretto.com\/#website","url":"https:\/\/ferretto.com\/","name":"Ferretto SPA","description":"","publisher":{"@id":"https:\/\/ferretto.com\/#organization"},"potentialAction":[{"@type":"SearchAction","target":{"@type":"EntryPoint","urlTemplate":"https:\/\/ferretto.com\/?s={search_term_string}"},"query-input":{"@type":"PropertyValueSpecification","valueRequired":true,"valueName":"search_term_string"}}],"inLanguage":"es"},{"@type":"Organization","@id":"https:\/\/ferretto.com\/#organization","name":"Ferretto SPA","url":"https:\/\/ferretto.com\/","logo":{"@type":"ImageObject","inLanguage":"es","@id":"https:\/\/ferretto.com\/#\/schema\/logo\/image\/","url":"https:\/\/ferretto.com\/wp-content\/uploads\/2024\/02\/FERRETTO-logo-orizz-con-payoff-col.png","contentUrl":"https:\/\/ferretto.com\/wp-content\/uploads\/2024\/02\/FERRETTO-logo-orizz-con-payoff-col.png","width":3190,"height":598,"caption":"Ferretto SPA"},"image":{"@id":"https:\/\/ferretto.com\/#\/schema\/logo\/image\/"}}]}},"_links":{"self":[{"href":"https:\/\/ferretto.com\/es\/wp-json\/wp\/v2\/pages\/4993","targetHints":{"allow":["GET"]}}],"collection":[{"href":"https:\/\/ferretto.com\/es\/wp-json\/wp\/v2\/pages"}],"about":[{"href":"https:\/\/ferretto.com\/es\/wp-json\/wp\/v2\/types\/page"}],"author":[{"embeddable":true,"href":"https:\/\/ferretto.com\/es\/wp-json\/wp\/v2\/users\/1"}],"replies":[{"embeddable":true,"href":"https:\/\/ferretto.com\/es\/wp-json\/wp\/v2\/comments?post=4993"}],"version-history":[{"count":4,"href":"https:\/\/ferretto.com\/es\/wp-json\/wp\/v2\/pages\/4993\/revisions"}],"predecessor-version":[{"id":7549,"href":"https:\/\/ferretto.com\/es\/wp-json\/wp\/v2\/pages\/4993\/revisions\/7549"}],"up":[{"embeddable":true,"href":"https:\/\/ferretto.com\/es\/wp-json\/wp\/v2\/pages\/4981"}],"wp:featuredmedia":[{"embeddable":true,"href":"https:\/\/ferretto.com\/es\/wp-json\/wp\/v2\/media\/5553"}],"wp:attachment":[{"href":"https:\/\/ferretto.com\/es\/wp-json\/wp\/v2\/media?parent=4993"}],"curies":[{"name":"wp","href":"https:\/\/api.w.org\/{rel}","templated":true}]}}