{"id":4989,"date":"2024-02-28T17:43:00","date_gmt":"2024-02-28T16:43:00","guid":{"rendered":"https:\/\/ferrettogroup.websitesimple.it\/servizi\/helpdesk\/"},"modified":"2024-11-05T12:09:55","modified_gmt":"2024-11-05T11:09:55","slug":"servicio-de-asistencia","status":"publish","type":"page","link":"https:\/\/ferretto.com\/es\/servicios\/servicio-de-asistencia\/","title":{"rendered":"Servicio de asistencia"},"content":{"rendered":"\n<p><strong>Servicio de asistencia &#8211; Un equipo a su disposici\u00f3n en todo momento<\/strong><\/p>\n\n\n\n<p>Para garantizar a nuestros clientes una asistencia continua, hemos creado un servicio de asistencia de hardware y software listo para responder a los diferentes pedidos de intervenci\u00f3n. Adem\u00e1s de una primera asistencia telef\u00f3nica, si es necesario, nuestros t\u00e9cnicos se conectan directamente al almac\u00e9n para implementar las acciones necesarias y garantizar el funcionamiento continuo del sistema.<br>Activar el servicio de asistencia es f\u00e1cil y r\u00e1pido:<\/p>\n\n\n\n<ul class=\"wp-block-list\">\n<li>Llame al +39 : 0444-1276149&nbsp; <\/li>\n\n\n\n<li>Escr\u00edbanos a <a href=\"mailto:service@ferrettogroup.com\">service@ferretto.com<\/a><\/li>\n<\/ul>\n","protected":false},"excerpt":{"rendered":"<p>Servicio de asistencia &#8211; Un equipo a su disposici\u00f3n en todo momento Para garantizar a nuestros clientes una asistencia continua, hemos creado un servicio de asistencia de hardware y software listo para responder a los diferentes pedidos de intervenci\u00f3n. Adem\u00e1s de una primera asistencia telef\u00f3nica, si es necesario, nuestros t\u00e9cnicos se conectan directamente al almac\u00e9n [&hellip;]<\/p>\n","protected":false},"author":1,"featured_media":5575,"parent":4981,"menu_order":0,"comment_status":"closed","ping_status":"closed","template":"page-templates\/template-servizi.php","meta":{"_acf_changed":false,"footnotes":""},"class_list":["post-4989","page","type-page","status-publish","has-post-thumbnail","hentry"],"acf":[],"yoast_head":"<!-- This site is optimized with the Yoast SEO plugin v27.0 - https:\/\/yoast.com\/product\/yoast-seo-wordpress\/ -->\n<title>Servicio de asistencia - Ferretto SpA<\/title>\n<meta name=\"description\" content=\"Para garantizar a nuestros clientes una asistencia continua, hemos creado un servicio de asistencia de hardware y software listo.\" \/>\n<meta name=\"robots\" content=\"index, follow, max-snippet:-1, max-image-preview:large, max-video-preview:-1\" \/>\n<link rel=\"canonical\" href=\"https:\/\/ferretto.com\/servizi\/helpdesk\/\" \/>\n<meta property=\"og:locale\" content=\"es_ES\" \/>\n<meta property=\"og:type\" content=\"article\" \/>\n<meta property=\"og:title\" content=\"Servicio de asistencia - Ferretto SpA\" \/>\n<meta property=\"og:description\" content=\"Para garantizar a nuestros clientes una asistencia continua, hemos creado un servicio de asistencia de hardware y software listo.\" \/>\n<meta property=\"og:url\" content=\"https:\/\/ferretto.com\/servizi\/helpdesk\/\" \/>\n<meta property=\"og:site_name\" content=\"Ferretto SpA\" \/>\n<meta property=\"article:modified_time\" content=\"2024-11-05T11:09:55+00:00\" \/>\n<meta name=\"twitter:card\" content=\"summary_large_image\" \/>\n<meta name=\"twitter:label1\" content=\"Tiempo de lectura\" \/>\n\t<meta name=\"twitter:data1\" content=\"1 minuto\" \/>\n<script type=\"application\/ld+json\" class=\"yoast-schema-graph\">{\"@context\":\"https:\/\/schema.org\",\"@graph\":[{\"@type\":\"WebPage\",\"@id\":\"https:\/\/ferretto.com\/servizi\/helpdesk\/\",\"url\":\"https:\/\/ferretto.com\/servizi\/helpdesk\/\",\"name\":\"Servicio de asistencia - Ferretto SpA\",\"isPartOf\":{\"@id\":\"https:\/\/ferretto.com\/#website\"},\"primaryImageOfPage\":{\"@id\":\"https:\/\/ferretto.com\/servizi\/helpdesk\/#primaryimage\"},\"image\":{\"@id\":\"https:\/\/ferretto.com\/servizi\/helpdesk\/#primaryimage\"},\"thumbnailUrl\":\"https:\/\/ferretto.com\/wp-content\/uploads\/2024\/03\/helpdesk-3-pdf.jpg\",\"datePublished\":\"2024-02-28T16:43:00+00:00\",\"dateModified\":\"2024-11-05T11:09:55+00:00\",\"description\":\"Para garantizar a nuestros clientes una asistencia continua, hemos creado un servicio de asistencia de hardware y software listo.\",\"breadcrumb\":{\"@id\":\"https:\/\/ferretto.com\/servizi\/helpdesk\/#breadcrumb\"},\"inLanguage\":\"es\",\"potentialAction\":[{\"@type\":\"ReadAction\",\"target\":[\"https:\/\/ferretto.com\/servizi\/helpdesk\/\"]}]},{\"@type\":\"ImageObject\",\"inLanguage\":\"es\",\"@id\":\"https:\/\/ferretto.com\/servizi\/helpdesk\/#primaryimage\",\"url\":\"https:\/\/ferretto.com\/wp-content\/uploads\/2024\/03\/helpdesk-3-pdf.jpg\",\"contentUrl\":\"https:\/\/ferretto.com\/wp-content\/uploads\/2024\/03\/helpdesk-3-pdf.jpg\",\"caption\":\"servicio de asistencia\"},{\"@type\":\"BreadcrumbList\",\"@id\":\"https:\/\/ferretto.com\/servizi\/helpdesk\/#breadcrumb\",\"itemListElement\":[{\"@type\":\"ListItem\",\"position\":1,\"name\":\"Home\",\"item\":\"https:\/\/ferretto.com\/\"},{\"@type\":\"ListItem\",\"position\":2,\"name\":\"Servicios\",\"item\":\"https:\/\/ferretto.com\/es\/servicios\/\"},{\"@type\":\"ListItem\",\"position\":3,\"name\":\"Servicio de asistencia\"}]},{\"@type\":\"WebSite\",\"@id\":\"https:\/\/ferretto.com\/#website\",\"url\":\"https:\/\/ferretto.com\/\",\"name\":\"Ferretto SPA\",\"description\":\"\",\"publisher\":{\"@id\":\"https:\/\/ferretto.com\/#organization\"},\"potentialAction\":[{\"@type\":\"SearchAction\",\"target\":{\"@type\":\"EntryPoint\",\"urlTemplate\":\"https:\/\/ferretto.com\/?s={search_term_string}\"},\"query-input\":{\"@type\":\"PropertyValueSpecification\",\"valueRequired\":true,\"valueName\":\"search_term_string\"}}],\"inLanguage\":\"es\"},{\"@type\":\"Organization\",\"@id\":\"https:\/\/ferretto.com\/#organization\",\"name\":\"Ferretto SPA\",\"url\":\"https:\/\/ferretto.com\/\",\"logo\":{\"@type\":\"ImageObject\",\"inLanguage\":\"es\",\"@id\":\"https:\/\/ferretto.com\/#\/schema\/logo\/image\/\",\"url\":\"https:\/\/ferretto.com\/wp-content\/uploads\/2024\/02\/FERRETTO-logo-orizz-con-payoff-col.png\",\"contentUrl\":\"https:\/\/ferretto.com\/wp-content\/uploads\/2024\/02\/FERRETTO-logo-orizz-con-payoff-col.png\",\"width\":3190,\"height\":598,\"caption\":\"Ferretto SPA\"},\"image\":{\"@id\":\"https:\/\/ferretto.com\/#\/schema\/logo\/image\/\"}}]}<\/script>\n<!-- \/ Yoast SEO plugin. -->","yoast_head_json":{"title":"Servicio de asistencia - Ferretto SpA","description":"Para garantizar a nuestros clientes una asistencia continua, hemos creado un servicio de asistencia de hardware y software listo.","robots":{"index":"index","follow":"follow","max-snippet":"max-snippet:-1","max-image-preview":"max-image-preview:large","max-video-preview":"max-video-preview:-1"},"canonical":"https:\/\/ferretto.com\/servizi\/helpdesk\/","og_locale":"es_ES","og_type":"article","og_title":"Servicio de asistencia - Ferretto SpA","og_description":"Para garantizar a nuestros clientes una asistencia continua, hemos creado un servicio de asistencia de hardware y software listo.","og_url":"https:\/\/ferretto.com\/servizi\/helpdesk\/","og_site_name":"Ferretto SpA","article_modified_time":"2024-11-05T11:09:55+00:00","twitter_card":"summary_large_image","twitter_misc":{"Tiempo de lectura":"1 minuto"},"schema":{"@context":"https:\/\/schema.org","@graph":[{"@type":"WebPage","@id":"https:\/\/ferretto.com\/servizi\/helpdesk\/","url":"https:\/\/ferretto.com\/servizi\/helpdesk\/","name":"Servicio de asistencia - Ferretto SpA","isPartOf":{"@id":"https:\/\/ferretto.com\/#website"},"primaryImageOfPage":{"@id":"https:\/\/ferretto.com\/servizi\/helpdesk\/#primaryimage"},"image":{"@id":"https:\/\/ferretto.com\/servizi\/helpdesk\/#primaryimage"},"thumbnailUrl":"https:\/\/ferretto.com\/wp-content\/uploads\/2024\/03\/helpdesk-3-pdf.jpg","datePublished":"2024-02-28T16:43:00+00:00","dateModified":"2024-11-05T11:09:55+00:00","description":"Para garantizar a nuestros clientes una asistencia continua, hemos creado un servicio de asistencia de hardware y software listo.","breadcrumb":{"@id":"https:\/\/ferretto.com\/servizi\/helpdesk\/#breadcrumb"},"inLanguage":"es","potentialAction":[{"@type":"ReadAction","target":["https:\/\/ferretto.com\/servizi\/helpdesk\/"]}]},{"@type":"ImageObject","inLanguage":"es","@id":"https:\/\/ferretto.com\/servizi\/helpdesk\/#primaryimage","url":"https:\/\/ferretto.com\/wp-content\/uploads\/2024\/03\/helpdesk-3-pdf.jpg","contentUrl":"https:\/\/ferretto.com\/wp-content\/uploads\/2024\/03\/helpdesk-3-pdf.jpg","caption":"servicio de asistencia"},{"@type":"BreadcrumbList","@id":"https:\/\/ferretto.com\/servizi\/helpdesk\/#breadcrumb","itemListElement":[{"@type":"ListItem","position":1,"name":"Home","item":"https:\/\/ferretto.com\/"},{"@type":"ListItem","position":2,"name":"Servicios","item":"https:\/\/ferretto.com\/es\/servicios\/"},{"@type":"ListItem","position":3,"name":"Servicio de asistencia"}]},{"@type":"WebSite","@id":"https:\/\/ferretto.com\/#website","url":"https:\/\/ferretto.com\/","name":"Ferretto SPA","description":"","publisher":{"@id":"https:\/\/ferretto.com\/#organization"},"potentialAction":[{"@type":"SearchAction","target":{"@type":"EntryPoint","urlTemplate":"https:\/\/ferretto.com\/?s={search_term_string}"},"query-input":{"@type":"PropertyValueSpecification","valueRequired":true,"valueName":"search_term_string"}}],"inLanguage":"es"},{"@type":"Organization","@id":"https:\/\/ferretto.com\/#organization","name":"Ferretto SPA","url":"https:\/\/ferretto.com\/","logo":{"@type":"ImageObject","inLanguage":"es","@id":"https:\/\/ferretto.com\/#\/schema\/logo\/image\/","url":"https:\/\/ferretto.com\/wp-content\/uploads\/2024\/02\/FERRETTO-logo-orizz-con-payoff-col.png","contentUrl":"https:\/\/ferretto.com\/wp-content\/uploads\/2024\/02\/FERRETTO-logo-orizz-con-payoff-col.png","width":3190,"height":598,"caption":"Ferretto SPA"},"image":{"@id":"https:\/\/ferretto.com\/#\/schema\/logo\/image\/"}}]}},"_links":{"self":[{"href":"https:\/\/ferretto.com\/es\/wp-json\/wp\/v2\/pages\/4989","targetHints":{"allow":["GET"]}}],"collection":[{"href":"https:\/\/ferretto.com\/es\/wp-json\/wp\/v2\/pages"}],"about":[{"href":"https:\/\/ferretto.com\/es\/wp-json\/wp\/v2\/types\/page"}],"author":[{"embeddable":true,"href":"https:\/\/ferretto.com\/es\/wp-json\/wp\/v2\/users\/1"}],"replies":[{"embeddable":true,"href":"https:\/\/ferretto.com\/es\/wp-json\/wp\/v2\/comments?post=4989"}],"version-history":[{"count":4,"href":"https:\/\/ferretto.com\/es\/wp-json\/wp\/v2\/pages\/4989\/revisions"}],"predecessor-version":[{"id":11289,"href":"https:\/\/ferretto.com\/es\/wp-json\/wp\/v2\/pages\/4989\/revisions\/11289"}],"up":[{"embeddable":true,"href":"https:\/\/ferretto.com\/es\/wp-json\/wp\/v2\/pages\/4981"}],"wp:featuredmedia":[{"embeddable":true,"href":"https:\/\/ferretto.com\/es\/wp-json\/wp\/v2\/media\/5575"}],"wp:attachment":[{"href":"https:\/\/ferretto.com\/es\/wp-json\/wp\/v2\/media?parent=4989"}],"curies":[{"name":"wp","href":"https:\/\/api.w.org\/{rel}","templated":true}]}}