{"id":4987,"date":"2024-02-28T17:44:00","date_gmt":"2024-02-28T16:44:00","guid":{"rendered":"https:\/\/ferrettogroup.websitesimple.it\/servizi\/customer-care\/"},"modified":"2024-10-22T09:18:35","modified_gmt":"2024-10-22T07:18:35","slug":"atencion-al-cliente","status":"publish","type":"page","link":"https:\/\/ferretto.com\/es\/servicios\/atencion-al-cliente\/","title":{"rendered":"Atenci\u00f3n al cliente"},"content":{"rendered":"\n<p><strong>Nuestro programa posventa para una asistencia continua<\/strong><\/p>\n\n\n\n<p>Nuestro objetivo es que no deba preocuparse por su almac\u00e9n. Para lograrlo, hemos estructurado un servicio de atenci\u00f3n al cliente y asistencia posventa que est\u00e1 a disposici\u00f3n de nuestros clientes para acompa\u00f1arlos en la gesti\u00f3n de los almacenes. De hecho, ofrecemos programas de asistencia al cliente que incluyen planes de mantenimiento programado y extraordinario, as\u00ed como intervenciones in situ y a distancia, desarrollados mediante el uso de sistemas avanzados de an\u00e1lisis de software y diagn\u00f3stico integrado.&nbsp;<\/p>\n","protected":false},"excerpt":{"rendered":"<p>Nuestro programa posventa para una asistencia continua Nuestro objetivo es que no deba preocuparse por su almac\u00e9n. Para lograrlo, hemos estructurado un servicio de atenci\u00f3n al cliente y asistencia posventa que est\u00e1 a disposici\u00f3n de nuestros clientes para acompa\u00f1arlos en la gesti\u00f3n de los almacenes. De hecho, ofrecemos programas de asistencia al cliente que incluyen [&hellip;]<\/p>\n","protected":false},"author":1,"featured_media":5532,"parent":4981,"menu_order":0,"comment_status":"closed","ping_status":"closed","template":"page-templates\/template-servizi.php","meta":{"_acf_changed":false,"footnotes":""},"class_list":["post-4987","page","type-page","status-publish","has-post-thumbnail","hentry"],"acf":[],"yoast_head":"<!-- This site is optimized with the Yoast SEO plugin v27.0 - https:\/\/yoast.com\/product\/yoast-seo-wordpress\/ -->\n<title>Atenci\u00f3n al cliente - Ferretto SpA<\/title>\n<meta name=\"description\" content=\"Nuestro objetivo es que no deba preocuparse por su almac\u00e9n. Para lograrlo, hemos estructurado un servicio de atenci\u00f3n al cliente.\" \/>\n<meta name=\"robots\" content=\"index, follow, max-snippet:-1, max-image-preview:large, max-video-preview:-1\" \/>\n<link rel=\"canonical\" href=\"https:\/\/ferretto.com\/servizi\/customer-care\/\" \/>\n<meta property=\"og:locale\" content=\"es_ES\" \/>\n<meta property=\"og:type\" content=\"article\" \/>\n<meta property=\"og:title\" content=\"Atenci\u00f3n al cliente - Ferretto SpA\" \/>\n<meta property=\"og:description\" content=\"Nuestro objetivo es que no deba preocuparse por su almac\u00e9n. Para lograrlo, hemos estructurado un servicio de atenci\u00f3n al cliente.\" \/>\n<meta property=\"og:url\" content=\"https:\/\/ferretto.com\/servizi\/customer-care\/\" \/>\n<meta property=\"og:site_name\" content=\"Ferretto SpA\" \/>\n<meta property=\"article:modified_time\" content=\"2024-10-22T07:18:35+00:00\" \/>\n<meta name=\"twitter:card\" content=\"summary_large_image\" \/>\n<meta name=\"twitter:label1\" content=\"Tiempo de lectura\" \/>\n\t<meta name=\"twitter:data1\" content=\"1 minuto\" \/>\n<script type=\"application\/ld+json\" class=\"yoast-schema-graph\">{\"@context\":\"https:\/\/schema.org\",\"@graph\":[{\"@type\":\"WebPage\",\"@id\":\"https:\/\/ferretto.com\/servizi\/customer-care\/\",\"url\":\"https:\/\/ferretto.com\/servizi\/customer-care\/\",\"name\":\"Atenci\u00f3n al cliente - Ferretto SpA\",\"isPartOf\":{\"@id\":\"https:\/\/ferretto.com\/#website\"},\"primaryImageOfPage\":{\"@id\":\"https:\/\/ferretto.com\/servizi\/customer-care\/#primaryimage\"},\"image\":{\"@id\":\"https:\/\/ferretto.com\/servizi\/customer-care\/#primaryimage\"},\"thumbnailUrl\":\"https:\/\/ferretto.com\/wp-content\/uploads\/2024\/03\/Customer-care-pdf.jpg\",\"datePublished\":\"2024-02-28T16:44:00+00:00\",\"dateModified\":\"2024-10-22T07:18:35+00:00\",\"description\":\"Nuestro objetivo es que no deba preocuparse por su almac\u00e9n. Para lograrlo, hemos estructurado un servicio de atenci\u00f3n al cliente.\",\"breadcrumb\":{\"@id\":\"https:\/\/ferretto.com\/servizi\/customer-care\/#breadcrumb\"},\"inLanguage\":\"es\",\"potentialAction\":[{\"@type\":\"ReadAction\",\"target\":[\"https:\/\/ferretto.com\/servizi\/customer-care\/\"]}]},{\"@type\":\"ImageObject\",\"inLanguage\":\"es\",\"@id\":\"https:\/\/ferretto.com\/servizi\/customer-care\/#primaryimage\",\"url\":\"https:\/\/ferretto.com\/wp-content\/uploads\/2024\/03\/Customer-care-pdf.jpg\",\"contentUrl\":\"https:\/\/ferretto.com\/wp-content\/uploads\/2024\/03\/Customer-care-pdf.jpg\",\"caption\":\"customer care\"},{\"@type\":\"BreadcrumbList\",\"@id\":\"https:\/\/ferretto.com\/servizi\/customer-care\/#breadcrumb\",\"itemListElement\":[{\"@type\":\"ListItem\",\"position\":1,\"name\":\"Home\",\"item\":\"https:\/\/ferretto.com\/\"},{\"@type\":\"ListItem\",\"position\":2,\"name\":\"Servicios\",\"item\":\"https:\/\/ferretto.com\/es\/servicios\/\"},{\"@type\":\"ListItem\",\"position\":3,\"name\":\"Atenci\u00f3n al cliente\"}]},{\"@type\":\"WebSite\",\"@id\":\"https:\/\/ferretto.com\/#website\",\"url\":\"https:\/\/ferretto.com\/\",\"name\":\"Ferretto SPA\",\"description\":\"\",\"publisher\":{\"@id\":\"https:\/\/ferretto.com\/#organization\"},\"potentialAction\":[{\"@type\":\"SearchAction\",\"target\":{\"@type\":\"EntryPoint\",\"urlTemplate\":\"https:\/\/ferretto.com\/?s={search_term_string}\"},\"query-input\":{\"@type\":\"PropertyValueSpecification\",\"valueRequired\":true,\"valueName\":\"search_term_string\"}}],\"inLanguage\":\"es\"},{\"@type\":\"Organization\",\"@id\":\"https:\/\/ferretto.com\/#organization\",\"name\":\"Ferretto SPA\",\"url\":\"https:\/\/ferretto.com\/\",\"logo\":{\"@type\":\"ImageObject\",\"inLanguage\":\"es\",\"@id\":\"https:\/\/ferretto.com\/#\/schema\/logo\/image\/\",\"url\":\"https:\/\/ferretto.com\/wp-content\/uploads\/2024\/02\/FERRETTO-logo-orizz-con-payoff-col.png\",\"contentUrl\":\"https:\/\/ferretto.com\/wp-content\/uploads\/2024\/02\/FERRETTO-logo-orizz-con-payoff-col.png\",\"width\":3190,\"height\":598,\"caption\":\"Ferretto SPA\"},\"image\":{\"@id\":\"https:\/\/ferretto.com\/#\/schema\/logo\/image\/\"}}]}<\/script>\n<!-- \/ Yoast SEO plugin. -->","yoast_head_json":{"title":"Atenci\u00f3n al cliente - Ferretto SpA","description":"Nuestro objetivo es que no deba preocuparse por su almac\u00e9n. Para lograrlo, hemos estructurado un servicio de atenci\u00f3n al cliente.","robots":{"index":"index","follow":"follow","max-snippet":"max-snippet:-1","max-image-preview":"max-image-preview:large","max-video-preview":"max-video-preview:-1"},"canonical":"https:\/\/ferretto.com\/servizi\/customer-care\/","og_locale":"es_ES","og_type":"article","og_title":"Atenci\u00f3n al cliente - Ferretto SpA","og_description":"Nuestro objetivo es que no deba preocuparse por su almac\u00e9n. Para lograrlo, hemos estructurado un servicio de atenci\u00f3n al cliente.","og_url":"https:\/\/ferretto.com\/servizi\/customer-care\/","og_site_name":"Ferretto SpA","article_modified_time":"2024-10-22T07:18:35+00:00","twitter_card":"summary_large_image","twitter_misc":{"Tiempo de lectura":"1 minuto"},"schema":{"@context":"https:\/\/schema.org","@graph":[{"@type":"WebPage","@id":"https:\/\/ferretto.com\/servizi\/customer-care\/","url":"https:\/\/ferretto.com\/servizi\/customer-care\/","name":"Atenci\u00f3n al cliente - Ferretto SpA","isPartOf":{"@id":"https:\/\/ferretto.com\/#website"},"primaryImageOfPage":{"@id":"https:\/\/ferretto.com\/servizi\/customer-care\/#primaryimage"},"image":{"@id":"https:\/\/ferretto.com\/servizi\/customer-care\/#primaryimage"},"thumbnailUrl":"https:\/\/ferretto.com\/wp-content\/uploads\/2024\/03\/Customer-care-pdf.jpg","datePublished":"2024-02-28T16:44:00+00:00","dateModified":"2024-10-22T07:18:35+00:00","description":"Nuestro objetivo es que no deba preocuparse por su almac\u00e9n. Para lograrlo, hemos estructurado un servicio de atenci\u00f3n al cliente.","breadcrumb":{"@id":"https:\/\/ferretto.com\/servizi\/customer-care\/#breadcrumb"},"inLanguage":"es","potentialAction":[{"@type":"ReadAction","target":["https:\/\/ferretto.com\/servizi\/customer-care\/"]}]},{"@type":"ImageObject","inLanguage":"es","@id":"https:\/\/ferretto.com\/servizi\/customer-care\/#primaryimage","url":"https:\/\/ferretto.com\/wp-content\/uploads\/2024\/03\/Customer-care-pdf.jpg","contentUrl":"https:\/\/ferretto.com\/wp-content\/uploads\/2024\/03\/Customer-care-pdf.jpg","caption":"customer care"},{"@type":"BreadcrumbList","@id":"https:\/\/ferretto.com\/servizi\/customer-care\/#breadcrumb","itemListElement":[{"@type":"ListItem","position":1,"name":"Home","item":"https:\/\/ferretto.com\/"},{"@type":"ListItem","position":2,"name":"Servicios","item":"https:\/\/ferretto.com\/es\/servicios\/"},{"@type":"ListItem","position":3,"name":"Atenci\u00f3n al cliente"}]},{"@type":"WebSite","@id":"https:\/\/ferretto.com\/#website","url":"https:\/\/ferretto.com\/","name":"Ferretto SPA","description":"","publisher":{"@id":"https:\/\/ferretto.com\/#organization"},"potentialAction":[{"@type":"SearchAction","target":{"@type":"EntryPoint","urlTemplate":"https:\/\/ferretto.com\/?s={search_term_string}"},"query-input":{"@type":"PropertyValueSpecification","valueRequired":true,"valueName":"search_term_string"}}],"inLanguage":"es"},{"@type":"Organization","@id":"https:\/\/ferretto.com\/#organization","name":"Ferretto SPA","url":"https:\/\/ferretto.com\/","logo":{"@type":"ImageObject","inLanguage":"es","@id":"https:\/\/ferretto.com\/#\/schema\/logo\/image\/","url":"https:\/\/ferretto.com\/wp-content\/uploads\/2024\/02\/FERRETTO-logo-orizz-con-payoff-col.png","contentUrl":"https:\/\/ferretto.com\/wp-content\/uploads\/2024\/02\/FERRETTO-logo-orizz-con-payoff-col.png","width":3190,"height":598,"caption":"Ferretto SPA"},"image":{"@id":"https:\/\/ferretto.com\/#\/schema\/logo\/image\/"}}]}},"_links":{"self":[{"href":"https:\/\/ferretto.com\/es\/wp-json\/wp\/v2\/pages\/4987","targetHints":{"allow":["GET"]}}],"collection":[{"href":"https:\/\/ferretto.com\/es\/wp-json\/wp\/v2\/pages"}],"about":[{"href":"https:\/\/ferretto.com\/es\/wp-json\/wp\/v2\/types\/page"}],"author":[{"embeddable":true,"href":"https:\/\/ferretto.com\/es\/wp-json\/wp\/v2\/users\/1"}],"replies":[{"embeddable":true,"href":"https:\/\/ferretto.com\/es\/wp-json\/wp\/v2\/comments?post=4987"}],"version-history":[{"count":3,"href":"https:\/\/ferretto.com\/es\/wp-json\/wp\/v2\/pages\/4987\/revisions"}],"predecessor-version":[{"id":7550,"href":"https:\/\/ferretto.com\/es\/wp-json\/wp\/v2\/pages\/4987\/revisions\/7550"}],"up":[{"embeddable":true,"href":"https:\/\/ferretto.com\/es\/wp-json\/wp\/v2\/pages\/4981"}],"wp:featuredmedia":[{"embeddable":true,"href":"https:\/\/ferretto.com\/es\/wp-json\/wp\/v2\/media\/5532"}],"wp:attachment":[{"href":"https:\/\/ferretto.com\/es\/wp-json\/wp\/v2\/media?parent=4987"}],"curies":[{"name":"wp","href":"https:\/\/api.w.org\/{rel}","templated":true}]}}