{"id":4824,"date":"2024-02-10T12:54:28","date_gmt":"2024-02-10T11:54:28","guid":{"rendered":"https:\/\/ferrettogroup.websitesimple.it\/cataloghi\/"},"modified":"2024-08-08T14:36:58","modified_gmt":"2024-08-08T12:36:58","slug":"catalogos","status":"publish","type":"page","link":"https:\/\/ferretto.com\/es\/recursos\/catalogos\/","title":{"rendered":"Cat\u00e1logos"},"content":{"rendered":"\t\t<div data-elementor-type=\"wp-page\" data-elementor-id=\"4824\" class=\"elementor elementor-4824 elementor-646\" data-elementor-post-type=\"page\">\n\t\t\t\t<div class=\"elementor-element elementor-element-8e5ebc9 e-flex e-con-boxed e-con e-parent\" data-id=\"8e5ebc9\" data-element_type=\"container\" data-e-type=\"container\">\n\t\t\t\t\t<div class=\"e-con-inner\">\n\t\t\t\t<div class=\"elementor-element elementor-element-52d3be2 elementor-widget elementor-widget-shortcode\" data-id=\"52d3be2\" data-element_type=\"widget\" data-e-type=\"widget\" data-widget_type=\"shortcode.default\">\n\t\t\t\t<div class=\"elementor-widget-container\">\n\t\t\t\t\t\t\t<div class=\"elementor-shortcode\"><section class=\"cataloghi\">\t\t<a href=\"https:\/\/ferretto.com\/wp-content\/uploads\/2024\/06\/Ferretto_Spa_Brochure_Generale_2024_ES.pdf\">\n\t\t\n\t<div class=\"box-soluzioni\">\n\t\t<div class=\"elementor-widget-image\">\n\t\t\t<div class=\"elementor-widget-container\">\n\t\t\t\t<img decoding=\"async\" src=\"https:\/\/ferretto.com\/wp-content\/uploads\/2024\/07\/Ferretto_Spa_Brochure_Generale_2024_ES_Pagina_01-724x1024.jpg\" alt=\"\">\n\t\t\t<\/div>\n\t\t<\/div>\t\t\n\t<\/div>\n\t\t<h3>CAT\u00c1LOGO GENERAL - ALMACENES AUTOM\u00c1TICOS VERTICALES<\/h3>\n\t\t<\/a>\t\t<a href=\"https:\/\/ferretto.com\/wp-content\/uploads\/2024\/03\/Catalogo-Vertimag-ES-2024-2.pdf\">\n\t\t\n\t<div class=\"box-soluzioni\">\n\t\t<div class=\"elementor-widget-image\">\n\t\t\t<div class=\"elementor-widget-container\">\n\t\t\t\t<img decoding=\"async\" src=\"https:\/\/ferretto.com\/wp-content\/uploads\/2024\/03\/Pagine-1-da-Catalogo-Vertimag-ES-2024-pdf-724x1024.jpg\" alt=\"\">\n\t\t\t<\/div>\n\t\t<\/div>\t\t\n\t<\/div>\n\t\t<h3>ALMACEN AUTOM\u00c1TICO VERTICAL VERTIMAG<\/h3>\n\t\t<\/a>\t\t<a href=\"https:\/\/ferretto.com\/wp-content\/uploads\/2024\/06\/VertimagXXL-flyer_2024-ES_web-2.pdf\">\n\t\t\n\t<div class=\"box-soluzioni\">\n\t\t<div class=\"elementor-widget-image\">\n\t\t\t<div class=\"elementor-widget-container\">\n\t\t\t\t<img decoding=\"async\" src=\"https:\/\/ferretto.com\/wp-content\/uploads\/2024\/06\/VertimagXXL-flyer_2024-ES_web_Pagina_1-724x1024.jpg\" alt=\"\">\n\t\t\t<\/div>\n\t\t<\/div>\t\t\n\t<\/div>\n\t\t<h3>ALMACEN AUTOM\u00c1TICO VERTICAL VERTIMAG XXL<\/h3>\n\t\t<\/a>\t\t<a href=\"https:\/\/ferretto.com\/wp-content\/uploads\/2024\/03\/Guide_picking-ES.pdf\">\n\t\t\n\t<div class=\"box-soluzioni\">\n\t\t<div class=\"elementor-widget-image\">\n\t\t\t<div class=\"elementor-widget-container\">\n\t\t\t\t<img decoding=\"async\" src=\"https:\/\/ferretto.com\/wp-content\/uploads\/2024\/03\/Pagine-1-da-Guide_picking-ES-pdf-724x1024.jpg\" alt=\"\">\n\t\t\t<\/div>\n\t\t<\/div>\t\t\n\t<\/div>\n\t\t<h3>GUIDA - PICKING <\/h3>\n\t\t<\/a>\t\t<a href=\"https:\/\/ferretto.com\/wp-content\/uploads\/2024\/03\/flyer_putandgo-ES.pdf\">\n\t\t\n\t<div class=\"box-soluzioni\">\n\t\t<div class=\"elementor-widget-image\">\n\t\t\t<div class=\"elementor-widget-container\">\n\t\t\t\t<img decoding=\"async\" src=\"https:\/\/ferretto.com\/wp-content\/uploads\/2024\/03\/Pagina-1-flyer_putandgo-ES-pdf-724x1024.jpg\" alt=\"\">\n\t\t\t<\/div>\n\t\t<\/div>\t\t\n\t<\/div>\n\t\t<h3>PUT & GO - CARRO DE PREPARACI\u00d3N DE PEDIDOS<\/h3>\n\t\t<\/a>\t\t<a href=\"https:\/\/ferretto.com\/wp-content\/uploads\/2024\/03\/Service-Desk_EN.pdf\">\n\t\t\n\t<div class=\"box-soluzioni\">\n\t\t<div class=\"elementor-widget-image\">\n\t\t\t<div class=\"elementor-widget-container\">\n\t\t\t\t<img decoding=\"async\" src=\"https:\/\/ferretto.com\/wp-content\/uploads\/2024\/03\/Pagine-da-Service-Desk_EN-5-724x1024.png\" alt=\"\">\n\t\t\t<\/div>\n\t\t<\/div>\t\t\n\t<\/div>\n\t\t<h3>DATA ANALYSIS SERVICE DESK <\/h3>\n\t\t<\/a>\t\t<a href=\"https:\/\/ferretto.com\/wp-content\/uploads\/2024\/03\/Guide_e-commerce-ES.pdf\">\n\t\t\n\t<div class=\"box-soluzioni\">\n\t\t<div class=\"elementor-widget-image\">\n\t\t\t<div class=\"elementor-widget-container\">\n\t\t\t\t<img decoding=\"async\" src=\"https:\/\/ferretto.com\/wp-content\/uploads\/2024\/03\/Pagine-1-da-Guide_e-commerce-ES-pdf-724x1024.jpg\" alt=\"\">\n\t\t\t<\/div>\n\t\t<\/div>\t\t\n\t<\/div>\n\t\t<h3>GU\u00cdA DE COMERCIO ELECTR\u00d3NICO<\/h3>\n\t\t<\/a>\t\t<a href=\"https:\/\/ferretto.com\/wp-content\/uploads\/2024\/08\/Guide_Pharma-ES-web.pdf\">\n\t\t\n\t<div class=\"box-soluzioni\">\n\t\t<div class=\"elementor-widget-image\">\n\t\t\t<div class=\"elementor-widget-container\">\n\t\t\t\t<img decoding=\"async\" src=\"https:\/\/ferretto.com\/wp-content\/uploads\/2024\/08\/Pagine-da-Guide_Pharma-ES-web-725x1024.png\" alt=\"\">\n\t\t\t<\/div>\n\t\t<\/div>\t\t\n\t<\/div>\n\t\t<h3>GU\u00cdA DE LOG\u00cdSTICA FARMAC\u00c9UTICA<\/h3>\n\t\t<\/a>\t\t<a href=\"https:\/\/ferretto.com\/wp-content\/uploads\/2024\/08\/Ferretto_Guide_food-ES.pdf\">\n\t\t\n\t<div class=\"box-soluzioni\">\n\t\t<div class=\"elementor-widget-image\">\n\t\t\t<div class=\"elementor-widget-container\">\n\t\t\t\t<img decoding=\"async\" src=\"https:\/\/ferretto.com\/wp-content\/uploads\/2024\/08\/Ferretto_Guide_food-ES_Pagina_1-724x1024.jpg\" alt=\"\">\n\t\t\t<\/div>\n\t\t<\/div>\t\t\n\t<\/div>\n\t\t<h3>GU\u00cdA LOG\u00cdSTICA SECTOR ALIMENTARIO <\/h3>\n\t\t<\/a>\t\t<a href=\"https:\/\/ferretto.com\/wp-content\/uploads\/2024\/08\/Guide_settore-calzaturiero-ES-web.pdf\">\n\t\t\n\t<div class=\"box-soluzioni\">\n\t\t<div class=\"elementor-widget-image\">\n\t\t\t<div class=\"elementor-widget-container\">\n\t\t\t\t<img decoding=\"async\" src=\"https:\/\/ferretto.com\/wp-content\/uploads\/2024\/08\/Guide_settore-calzaturiero-ES-web_Pagina_1-724x1024.jpg\" alt=\"\">\n\t\t\t<\/div>\n\t\t<\/div>\t\t\n\t<\/div>\n\t\t<h3>GU\u00cdA LOG\u00cdSTICA SECTOR DEL CALZADO <\/h3>\n\t\t<\/a><\/section><\/div>\n\t\t\t\t\t\t<\/div>\n\t\t\t\t<\/div>\n\t\t\t\t\t<\/div>\n\t\t\t\t<\/div>\n\t\t\t\t<\/div>\n\t\t","protected":false},"excerpt":{"rendered":"","protected":false},"author":1,"featured_media":0,"parent":7067,"menu_order":0,"comment_status":"closed","ping_status":"closed","template":"","meta":{"_acf_changed":false,"footnotes":""},"class_list":["post-4824","page","type-page","status-publish","hentry"],"acf":[],"yoast_head":"<!-- This site is optimized with the Yoast SEO plugin v27.0 - https:\/\/yoast.com\/product\/yoast-seo-wordpress\/ -->\n<title>Cat\u00e1logos - Ferretto SpA<\/title>\n<meta name=\"robots\" content=\"index, follow, max-snippet:-1, max-image-preview:large, max-video-preview:-1\" \/>\n<link rel=\"canonical\" href=\"https:\/\/ferretto.com\/risorse\/cataloghi\/\" \/>\n<meta property=\"og:locale\" content=\"es_ES\" \/>\n<meta property=\"og:type\" content=\"article\" \/>\n<meta property=\"og:title\" content=\"Cat\u00e1logos - Ferretto SpA\" \/>\n<meta property=\"og:url\" content=\"https:\/\/ferretto.com\/risorse\/cataloghi\/\" \/>\n<meta property=\"og:site_name\" content=\"Ferretto SpA\" \/>\n<meta property=\"article:modified_time\" content=\"2024-08-08T12:36:58+00:00\" \/>\n<meta name=\"twitter:card\" content=\"summary_large_image\" \/>\n<meta name=\"twitter:label1\" content=\"Tiempo de lectura\" \/>\n\t<meta name=\"twitter:data1\" content=\"1 minuto\" \/>\n<script type=\"application\/ld+json\" class=\"yoast-schema-graph\">{\"@context\":\"https:\/\/schema.org\",\"@graph\":[{\"@type\":\"WebPage\",\"@id\":\"https:\/\/ferretto.com\/risorse\/cataloghi\/\",\"url\":\"https:\/\/ferretto.com\/risorse\/cataloghi\/\",\"name\":\"Cat\u00e1logos - Ferretto SpA\",\"isPartOf\":{\"@id\":\"https:\/\/ferretto.com\/#website\"},\"datePublished\":\"2024-02-10T11:54:28+00:00\",\"dateModified\":\"2024-08-08T12:36:58+00:00\",\"breadcrumb\":{\"@id\":\"https:\/\/ferretto.com\/risorse\/cataloghi\/#breadcrumb\"},\"inLanguage\":\"es\",\"potentialAction\":[{\"@type\":\"ReadAction\",\"target\":[\"https:\/\/ferretto.com\/risorse\/cataloghi\/\"]}]},{\"@type\":\"BreadcrumbList\",\"@id\":\"https:\/\/ferretto.com\/risorse\/cataloghi\/#breadcrumb\",\"itemListElement\":[{\"@type\":\"ListItem\",\"position\":1,\"name\":\"Home\",\"item\":\"https:\/\/ferretto.com\/\"},{\"@type\":\"ListItem\",\"position\":2,\"name\":\"Recursos\",\"item\":\"https:\/\/ferretto.com\/risorse\/\"},{\"@type\":\"ListItem\",\"position\":3,\"name\":\"Cat\u00e1logos\"}]},{\"@type\":\"WebSite\",\"@id\":\"https:\/\/ferretto.com\/#website\",\"url\":\"https:\/\/ferretto.com\/\",\"name\":\"Ferretto SPA\",\"description\":\"\",\"publisher\":{\"@id\":\"https:\/\/ferretto.com\/#organization\"},\"potentialAction\":[{\"@type\":\"SearchAction\",\"target\":{\"@type\":\"EntryPoint\",\"urlTemplate\":\"https:\/\/ferretto.com\/?s={search_term_string}\"},\"query-input\":{\"@type\":\"PropertyValueSpecification\",\"valueRequired\":true,\"valueName\":\"search_term_string\"}}],\"inLanguage\":\"es\"},{\"@type\":\"Organization\",\"@id\":\"https:\/\/ferretto.com\/#organization\",\"name\":\"Ferretto SPA\",\"url\":\"https:\/\/ferretto.com\/\",\"logo\":{\"@type\":\"ImageObject\",\"inLanguage\":\"es\",\"@id\":\"https:\/\/ferretto.com\/#\/schema\/logo\/image\/\",\"url\":\"https:\/\/ferretto.com\/wp-content\/uploads\/2024\/02\/FERRETTO-logo-orizz-con-payoff-col.png\",\"contentUrl\":\"https:\/\/ferretto.com\/wp-content\/uploads\/2024\/02\/FERRETTO-logo-orizz-con-payoff-col.png\",\"width\":3190,\"height\":598,\"caption\":\"Ferretto SPA\"},\"image\":{\"@id\":\"https:\/\/ferretto.com\/#\/schema\/logo\/image\/\"}}]}<\/script>\n<!-- \/ Yoast SEO plugin. -->","yoast_head_json":{"title":"Cat\u00e1logos - Ferretto SpA","robots":{"index":"index","follow":"follow","max-snippet":"max-snippet:-1","max-image-preview":"max-image-preview:large","max-video-preview":"max-video-preview:-1"},"canonical":"https:\/\/ferretto.com\/risorse\/cataloghi\/","og_locale":"es_ES","og_type":"article","og_title":"Cat\u00e1logos - Ferretto SpA","og_url":"https:\/\/ferretto.com\/risorse\/cataloghi\/","og_site_name":"Ferretto SpA","article_modified_time":"2024-08-08T12:36:58+00:00","twitter_card":"summary_large_image","twitter_misc":{"Tiempo de lectura":"1 minuto"},"schema":{"@context":"https:\/\/schema.org","@graph":[{"@type":"WebPage","@id":"https:\/\/ferretto.com\/risorse\/cataloghi\/","url":"https:\/\/ferretto.com\/risorse\/cataloghi\/","name":"Cat\u00e1logos - Ferretto SpA","isPartOf":{"@id":"https:\/\/ferretto.com\/#website"},"datePublished":"2024-02-10T11:54:28+00:00","dateModified":"2024-08-08T12:36:58+00:00","breadcrumb":{"@id":"https:\/\/ferretto.com\/risorse\/cataloghi\/#breadcrumb"},"inLanguage":"es","potentialAction":[{"@type":"ReadAction","target":["https:\/\/ferretto.com\/risorse\/cataloghi\/"]}]},{"@type":"BreadcrumbList","@id":"https:\/\/ferretto.com\/risorse\/cataloghi\/#breadcrumb","itemListElement":[{"@type":"ListItem","position":1,"name":"Home","item":"https:\/\/ferretto.com\/"},{"@type":"ListItem","position":2,"name":"Recursos","item":"https:\/\/ferretto.com\/risorse\/"},{"@type":"ListItem","position":3,"name":"Cat\u00e1logos"}]},{"@type":"WebSite","@id":"https:\/\/ferretto.com\/#website","url":"https:\/\/ferretto.com\/","name":"Ferretto SPA","description":"","publisher":{"@id":"https:\/\/ferretto.com\/#organization"},"potentialAction":[{"@type":"SearchAction","target":{"@type":"EntryPoint","urlTemplate":"https:\/\/ferretto.com\/?s={search_term_string}"},"query-input":{"@type":"PropertyValueSpecification","valueRequired":true,"valueName":"search_term_string"}}],"inLanguage":"es"},{"@type":"Organization","@id":"https:\/\/ferretto.com\/#organization","name":"Ferretto SPA","url":"https:\/\/ferretto.com\/","logo":{"@type":"ImageObject","inLanguage":"es","@id":"https:\/\/ferretto.com\/#\/schema\/logo\/image\/","url":"https:\/\/ferretto.com\/wp-content\/uploads\/2024\/02\/FERRETTO-logo-orizz-con-payoff-col.png","contentUrl":"https:\/\/ferretto.com\/wp-content\/uploads\/2024\/02\/FERRETTO-logo-orizz-con-payoff-col.png","width":3190,"height":598,"caption":"Ferretto SPA"},"image":{"@id":"https:\/\/ferretto.com\/#\/schema\/logo\/image\/"}}]}},"_links":{"self":[{"href":"https:\/\/ferretto.com\/es\/wp-json\/wp\/v2\/pages\/4824","targetHints":{"allow":["GET"]}}],"collection":[{"href":"https:\/\/ferretto.com\/es\/wp-json\/wp\/v2\/pages"}],"about":[{"href":"https:\/\/ferretto.com\/es\/wp-json\/wp\/v2\/types\/page"}],"author":[{"embeddable":true,"href":"https:\/\/ferretto.com\/es\/wp-json\/wp\/v2\/users\/1"}],"replies":[{"embeddable":true,"href":"https:\/\/ferretto.com\/es\/wp-json\/wp\/v2\/comments?post=4824"}],"version-history":[{"count":20,"href":"https:\/\/ferretto.com\/es\/wp-json\/wp\/v2\/pages\/4824\/revisions"}],"predecessor-version":[{"id":10289,"href":"https:\/\/ferretto.com\/es\/wp-json\/wp\/v2\/pages\/4824\/revisions\/10289"}],"up":[{"embeddable":true,"href":"https:\/\/ferretto.com\/es\/wp-json\/wp\/v2\/pages\/7067"}],"wp:attachment":[{"href":"https:\/\/ferretto.com\/es\/wp-json\/wp\/v2\/media?parent=4824"}],"curies":[{"name":"wp","href":"https:\/\/api.w.org\/{rel}","templated":true}]}}