{"id":4711,"date":"2024-03-01T22:40:56","date_gmt":"2024-03-01T21:40:56","guid":{"rendered":"https:\/\/ferrettogroup.websitesimple.it\/innovazione-e-valori\/"},"modified":"2025-11-25T11:42:08","modified_gmt":"2025-11-25T10:42:08","slug":"valores-i-compromisos","status":"publish","type":"page","link":"https:\/\/ferretto.com\/es\/quien-somos\/valores-i-compromisos\/","title":{"rendered":"Valores i compromisos"},"content":{"rendered":"\t\t<div data-elementor-type=\"wp-page\" data-elementor-id=\"4711\" class=\"elementor elementor-4711 elementor-3952\" data-elementor-post-type=\"page\">\n\t\t\t\t<div class=\"elementor-element elementor-element-2a6fd21 container-spacer e-flex e-con-boxed e-con e-parent\" data-id=\"2a6fd21\" data-element_type=\"container\" data-e-type=\"container\">\n\t\t\t\t\t<div class=\"e-con-inner\">\n\t\t\t\t<div class=\"elementor-element elementor-element-759a593 elementor-widget elementor-widget-shortcode\" data-id=\"759a593\" data-element_type=\"widget\" data-e-type=\"widget\" data-widget_type=\"shortcode.default\">\n\t\t\t\t<div class=\"elementor-widget-container\">\n\t\t\t\t\t\t\t<div class=\"elementor-shortcode\"><div id=\"breadcrumbs\"><a href=\"https:\/\/ferretto.com\/es\/\" rel=\"nofollow\">Home<\/a><\/div><\/div>\n\t\t\t\t\t\t<\/div>\n\t\t\t\t<\/div>\n\t\t\t\t\t<\/div>\n\t\t\t\t<\/div>\n\t\t<div class=\"elementor-element elementor-element-3d3b0e8 container-spacer e-flex e-con-boxed elementor-invisible e-con e-parent\" data-id=\"3d3b0e8\" data-element_type=\"container\" data-e-type=\"container\" data-settings=\"{&quot;animation&quot;:&quot;fadeInUp&quot;}\">\n\t\t\t\t\t<div class=\"e-con-inner\">\n\t\t<div class=\"elementor-element elementor-element-0b9bac3 e-con-full e-flex e-con e-child\" data-id=\"0b9bac3\" data-element_type=\"container\" data-e-type=\"container\">\n\t\t<div class=\"elementor-element elementor-element-4b45d4f e-con-full e-flex e-con e-child\" data-id=\"4b45d4f\" data-element_type=\"container\" data-e-type=\"container\">\n\t\t\t\t<div class=\"elementor-element elementor-element-5b4b243 elementor-widget elementor-widget-heading\" data-id=\"5b4b243\" data-element_type=\"widget\" data-e-type=\"widget\" data-widget_type=\"heading.default\">\n\t\t\t\t<div class=\"elementor-widget-container\">\n\t\t\t\t\t<h2 class=\"elementor-heading-title elementor-size-default\">Valores i compromisos que no cambian<\/h2>\t\t\t\t<\/div>\n\t\t\t\t<\/div>\n\t\t\t\t<div class=\"elementor-element elementor-element-58c53a9 elementor-widget elementor-widget-text-editor\" data-id=\"58c53a9\" data-element_type=\"widget\" data-e-type=\"widget\" data-widget_type=\"text-editor.default\">\n\t\t\t\t<div class=\"elementor-widget-container\">\n\t\t\t\t\t\t\t\t\t<p>Hoy como ayer, Ferretto Spa contin\u00faa escribiendo nuevas p\u00e1ginas de innovaci\u00f3n. Lo hace manteniendo bien firmes los valores que han marcado su historia. Y que no dejan de indicar el rumbo para el futuro.\u00a0\u00a0\u00a0\u00a0<\/p><p>\u00a0<\/p><p><em><strong>Las personas en el centro<\/strong>.<\/em> Valoramos mucho el bienestar de quienes trabajan con nosotros. Promovemos la formaci\u00f3n interna, la actualizaci\u00f3n de las competencias, las experiencias de \u00abteam building\u00bb. Creemos en la fuerza del equipo, porque son las personas las que marcan la diferencia.\u00a0<\/p><p><em><strong>Investigaci\u00f3n y Desarrollo<\/strong>.<\/em> En una industria en r\u00e1pida evoluci\u00f3n, los desaf\u00edos se ganan si se es capaz de innovar. Con el tiempo, hemos construido y consolidado un departamento completamente dedicado a la Investigaci\u00f3n y Desarrollo. Gracias a una inversi\u00f3n continua, estudiamos, experimentamos y aplicamos las tecnolog\u00edas m\u00e1s avanzadas. Para desarrollar sistemas cada vez m\u00e1s avanzados, eficientes y de vanguardia.<\/p><p><em><strong>Sostenibilidad<\/strong>. <\/em>Sentimos la responsabilidad de construir soluciones sostenibles: para nuestros socios, para el medio ambiente, para la comunidad en la que vivimos. Por eso hemos emprendido un camino de acciones concretas. Desde la reducci\u00f3n de los residuos de producci\u00f3n hasta nuevos sistemas para lograr la independencia energ\u00e9tica, pasando por la introducci\u00f3n del balance ambiental y las actividades de sensibilizaci\u00f3n. Juntos, contribuimos a proteger el mundo que nos rodea.<\/p><p><em><strong>Calidad y seguridad<\/strong>. <\/em>Quien, como nosotros, trabaja en este sector desde hace casi setenta a\u00f1os conoce bien el valor de la calidad y la seguridad. Por este motivo, cuidamos cada detalle de nuestros productos, de los servicios que ofrecemos y de los procesos de producci\u00f3n. Es un compromiso que asumimos con todos nuestros socios. Un compromiso que tambi\u00e9n garantizamos a trav\u00e9s de las certificaciones UNI EN ISO 9001 para el Sistema de Gesti\u00f3n de Calidad, UNI EN ISO 14001 para el medio ambiente, EN 1090 para la construcci\u00f3n de componentes estructurales de acero.<\/p>\t\t\t\t\t\t\t\t<\/div>\n\t\t\t\t<\/div>\n\t\t\t\t<div class=\"elementor-element elementor-element-fe6def7 elementor-widget elementor-widget-shortcode\" data-id=\"fe6def7\" data-element_type=\"widget\" data-e-type=\"widget\" data-widget_type=\"shortcode.default\">\n\t\t\t\t<div class=\"elementor-widget-container\">\n\t\t\t\t\t\t\t<div class=\"elementor-shortcode\"><div class=\"attachment\"><ul><li><a href=\"https:\/\/ferretto.com\/wp-content\/uploads\/2024\/03\/Codice-Etico-versione-5.0_05.2023.pdf\" target=\"_blank\">CODICE ETICO (CODE OF ETHICS) <\/a><\/li><li><a href=\"https:\/\/ferretto.com\/wp-content\/uploads\/2024\/06\/EN1090-FERRETTO-S.p.A.-ENG.pdf\" target=\"_blank\">CERTIFICATO (CERTIFICATE) - EN UNI 1090<\/a><\/li><li><a href=\"https:\/\/ferretto.com\/wp-content\/uploads\/2024\/03\/Manuale-Modello-231-versione-5.0_05.2023.pdf\" target=\"_blank\">MODELLO (MODEL) - D.LGS. 231<\/a><\/li><li><a href=\"https:\/\/ferretto.com\/wp-content\/uploads\/2024\/04\/ISO-9001-CERT-10717-2002-AQ-VEN-SINCERT-9-en-US-20240402-20240402132938-FERRETTO-SPA.pdf\" target=\"_blank\">CERTIFICATO (CERTIFICATE) - ISO 9001<\/a><\/li><li><a href=\"https:\/\/ferretto.com\/wp-content\/uploads\/2025\/11\/ISO_14001-ENG-78614-2010-AE-ITA-SINCERT-8-20250417.pdf\" target=\"_blank\">CERTIFICATO (CERTIFICATE) - ISO 14001<\/a><\/li><\/ul><\/div> <\/div>\n\t\t\t\t\t\t<\/div>\n\t\t\t\t<\/div>\n\t\t\t\t<\/div>\n\t\t<div class=\"elementor-element elementor-element-cd6cc62 e-con-full e-flex e-con e-child\" data-id=\"cd6cc62\" data-element_type=\"container\" data-e-type=\"container\" data-settings=\"{&quot;background_background&quot;:&quot;classic&quot;}\">\n\t\t<div class=\"elementor-element elementor-element-e586d55 e-con-full e-flex e-con e-child\" data-id=\"e586d55\" data-element_type=\"container\" data-e-type=\"container\" data-settings=\"{&quot;background_background&quot;:&quot;classic&quot;}\">\n\t\t\t\t<div class=\"elementor-element elementor-element-bd57f52 elementor-widget elementor-widget-image\" data-id=\"bd57f52\" data-element_type=\"widget\" data-e-type=\"widget\" data-widget_type=\"image.default\">\n\t\t\t\t<div class=\"elementor-widget-container\">\n\t\t\t\t\t\t\t\t\t\t\t\t\t\t\t<img fetchpriority=\"high\" decoding=\"async\" width=\"1024\" height=\"768\" src=\"https:\/\/ferretto.com\/wp-content\/uploads\/2024\/03\/core-values.jpg\" class=\"attachment-large size-large wp-image-5309\" alt=\"\" srcset=\"https:\/\/ferretto.com\/wp-content\/uploads\/2024\/03\/core-values.jpg 1024w, https:\/\/ferretto.com\/wp-content\/uploads\/2024\/03\/core-values-300x225.jpg 300w, https:\/\/ferretto.com\/wp-content\/uploads\/2024\/03\/core-values-768x576.jpg 768w\" sizes=\"(max-width: 1024px) 100vw, 1024px\" \/>\t\t\t\t\t\t\t\t\t\t\t\t\t\t\t<\/div>\n\t\t\t\t<\/div>\n\t\t\t\t<\/div>\n\t\t\t\t<\/div>\n\t\t\t\t<\/div>\n\t\t\t\t\t<\/div>\n\t\t\t\t<\/div>\n\t\t<div class=\"elementor-element elementor-element-f7c9c85 e-flex e-con-boxed e-con e-parent\" data-id=\"f7c9c85\" data-element_type=\"container\" data-e-type=\"container\">\n\t\t\t\t\t<div class=\"e-con-inner\">\n\t\t\t\t\t<\/div>\n\t\t\t\t<\/div>\n\t\t\t\t<\/div>\n\t\t","protected":false},"excerpt":{"rendered":"<p>Valores i compromisos que no cambian Hoy como ayer, Ferretto Spa contin\u00faa escribiendo nuevas p\u00e1ginas de innovaci\u00f3n. Lo hace manteniendo bien firmes los valores que han marcado su historia. Y que no dejan de indicar el rumbo para el futuro. Las personas en el centro. Valoramos mucho el bienestar de quienes trabajan con nosotros. Promovemos [&hellip;]<\/p>\n","protected":false},"author":1,"featured_media":0,"parent":4709,"menu_order":0,"comment_status":"closed","ping_status":"closed","template":"","meta":{"_acf_changed":false,"footnotes":""},"class_list":["post-4711","page","type-page","status-publish","hentry"],"acf":[],"yoast_head":"<!-- This site is optimized with the Yoast SEO plugin v27.0 - https:\/\/yoast.com\/product\/yoast-seo-wordpress\/ -->\n<title>Valores i compromisos - Ferretto SpA<\/title>\n<meta name=\"description\" content=\"Hoy como ayer, Ferretto Spa mantiene bien firmes valores y compromisos que han marcado su historia.\" \/>\n<meta name=\"robots\" content=\"index, follow, max-snippet:-1, max-image-preview:large, max-video-preview:-1\" \/>\n<link rel=\"canonical\" href=\"https:\/\/ferretto.com\/es\/quien-somos\/valores-i-compromisos\/\" \/>\n<meta property=\"og:locale\" content=\"es_ES\" \/>\n<meta property=\"og:type\" content=\"article\" \/>\n<meta property=\"og:title\" content=\"Valores i compromisos - Ferretto SpA\" \/>\n<meta property=\"og:description\" content=\"Hoy como ayer, Ferretto Spa mantiene bien firmes valores y compromisos que han marcado su historia.\" \/>\n<meta property=\"og:url\" content=\"https:\/\/ferretto.com\/es\/quien-somos\/valores-i-compromisos\/\" \/>\n<meta property=\"og:site_name\" content=\"Ferretto SpA\" \/>\n<meta property=\"article:modified_time\" content=\"2025-11-25T10:42:08+00:00\" \/>\n<meta property=\"og:image\" content=\"https:\/\/ferretto.com\/wp-content\/uploads\/2024\/03\/core-values.jpg\" \/>\n<meta name=\"twitter:card\" content=\"summary_large_image\" \/>\n<meta name=\"twitter:label1\" content=\"Tiempo de lectura\" \/>\n\t<meta name=\"twitter:data1\" content=\"2 minutos\" \/>\n<script type=\"application\/ld+json\" class=\"yoast-schema-graph\">{\"@context\":\"https:\/\/schema.org\",\"@graph\":[{\"@type\":\"WebPage\",\"@id\":\"https:\/\/ferretto.com\/es\/quien-somos\/valores-i-compromisos\/\",\"url\":\"https:\/\/ferretto.com\/es\/quien-somos\/valores-i-compromisos\/\",\"name\":\"Valores i compromisos - Ferretto SpA\",\"isPartOf\":{\"@id\":\"https:\/\/ferretto.com\/#website\"},\"primaryImageOfPage\":{\"@id\":\"https:\/\/ferretto.com\/es\/quien-somos\/valores-i-compromisos\/#primaryimage\"},\"image\":{\"@id\":\"https:\/\/ferretto.com\/es\/quien-somos\/valores-i-compromisos\/#primaryimage\"},\"thumbnailUrl\":\"https:\/\/ferretto.com\/wp-content\/uploads\/2024\/03\/core-values.jpg\",\"datePublished\":\"2024-03-01T21:40:56+00:00\",\"dateModified\":\"2025-11-25T10:42:08+00:00\",\"description\":\"Hoy como ayer, Ferretto Spa mantiene bien firmes valores y compromisos que han marcado su historia.\",\"breadcrumb\":{\"@id\":\"https:\/\/ferretto.com\/es\/quien-somos\/valores-i-compromisos\/#breadcrumb\"},\"inLanguage\":\"es\",\"potentialAction\":[{\"@type\":\"ReadAction\",\"target\":[\"https:\/\/ferretto.com\/es\/quien-somos\/valores-i-compromisos\/\"]}]},{\"@type\":\"ImageObject\",\"inLanguage\":\"es\",\"@id\":\"https:\/\/ferretto.com\/es\/quien-somos\/valores-i-compromisos\/#primaryimage\",\"url\":\"https:\/\/ferretto.com\/wp-content\/uploads\/2024\/03\/core-values.jpg\",\"contentUrl\":\"https:\/\/ferretto.com\/wp-content\/uploads\/2024\/03\/core-values.jpg\"},{\"@type\":\"BreadcrumbList\",\"@id\":\"https:\/\/ferretto.com\/es\/quien-somos\/valores-i-compromisos\/#breadcrumb\",\"itemListElement\":[{\"@type\":\"ListItem\",\"position\":1,\"name\":\"Home\",\"item\":\"https:\/\/ferretto.com\/\"},{\"@type\":\"ListItem\",\"position\":2,\"name\":\"Empresa\",\"item\":\"https:\/\/ferretto.com\/es\/quien-somos\/\"},{\"@type\":\"ListItem\",\"position\":3,\"name\":\"Valores i compromisos\"}]},{\"@type\":\"WebSite\",\"@id\":\"https:\/\/ferretto.com\/#website\",\"url\":\"https:\/\/ferretto.com\/\",\"name\":\"Ferretto SPA\",\"description\":\"\",\"publisher\":{\"@id\":\"https:\/\/ferretto.com\/#organization\"},\"potentialAction\":[{\"@type\":\"SearchAction\",\"target\":{\"@type\":\"EntryPoint\",\"urlTemplate\":\"https:\/\/ferretto.com\/?s={search_term_string}\"},\"query-input\":{\"@type\":\"PropertyValueSpecification\",\"valueRequired\":true,\"valueName\":\"search_term_string\"}}],\"inLanguage\":\"es\"},{\"@type\":\"Organization\",\"@id\":\"https:\/\/ferretto.com\/#organization\",\"name\":\"Ferretto SPA\",\"url\":\"https:\/\/ferretto.com\/\",\"logo\":{\"@type\":\"ImageObject\",\"inLanguage\":\"es\",\"@id\":\"https:\/\/ferretto.com\/#\/schema\/logo\/image\/\",\"url\":\"https:\/\/ferretto.com\/wp-content\/uploads\/2024\/02\/FERRETTO-logo-orizz-con-payoff-col.png\",\"contentUrl\":\"https:\/\/ferretto.com\/wp-content\/uploads\/2024\/02\/FERRETTO-logo-orizz-con-payoff-col.png\",\"width\":3190,\"height\":598,\"caption\":\"Ferretto SPA\"},\"image\":{\"@id\":\"https:\/\/ferretto.com\/#\/schema\/logo\/image\/\"}}]}<\/script>\n<!-- \/ Yoast SEO plugin. -->","yoast_head_json":{"title":"Valores i compromisos - Ferretto SpA","description":"Hoy como ayer, Ferretto Spa mantiene bien firmes valores y compromisos que han marcado su historia.","robots":{"index":"index","follow":"follow","max-snippet":"max-snippet:-1","max-image-preview":"max-image-preview:large","max-video-preview":"max-video-preview:-1"},"canonical":"https:\/\/ferretto.com\/es\/quien-somos\/valores-i-compromisos\/","og_locale":"es_ES","og_type":"article","og_title":"Valores i compromisos - Ferretto SpA","og_description":"Hoy como ayer, Ferretto Spa mantiene bien firmes valores y compromisos que han marcado su historia.","og_url":"https:\/\/ferretto.com\/es\/quien-somos\/valores-i-compromisos\/","og_site_name":"Ferretto SpA","article_modified_time":"2025-11-25T10:42:08+00:00","og_image":[{"url":"https:\/\/ferretto.com\/wp-content\/uploads\/2024\/03\/core-values.jpg","type":"","width":"","height":""}],"twitter_card":"summary_large_image","twitter_misc":{"Tiempo de lectura":"2 minutos"},"schema":{"@context":"https:\/\/schema.org","@graph":[{"@type":"WebPage","@id":"https:\/\/ferretto.com\/es\/quien-somos\/valores-i-compromisos\/","url":"https:\/\/ferretto.com\/es\/quien-somos\/valores-i-compromisos\/","name":"Valores i compromisos - Ferretto SpA","isPartOf":{"@id":"https:\/\/ferretto.com\/#website"},"primaryImageOfPage":{"@id":"https:\/\/ferretto.com\/es\/quien-somos\/valores-i-compromisos\/#primaryimage"},"image":{"@id":"https:\/\/ferretto.com\/es\/quien-somos\/valores-i-compromisos\/#primaryimage"},"thumbnailUrl":"https:\/\/ferretto.com\/wp-content\/uploads\/2024\/03\/core-values.jpg","datePublished":"2024-03-01T21:40:56+00:00","dateModified":"2025-11-25T10:42:08+00:00","description":"Hoy como ayer, Ferretto Spa mantiene bien firmes valores y compromisos que han marcado su historia.","breadcrumb":{"@id":"https:\/\/ferretto.com\/es\/quien-somos\/valores-i-compromisos\/#breadcrumb"},"inLanguage":"es","potentialAction":[{"@type":"ReadAction","target":["https:\/\/ferretto.com\/es\/quien-somos\/valores-i-compromisos\/"]}]},{"@type":"ImageObject","inLanguage":"es","@id":"https:\/\/ferretto.com\/es\/quien-somos\/valores-i-compromisos\/#primaryimage","url":"https:\/\/ferretto.com\/wp-content\/uploads\/2024\/03\/core-values.jpg","contentUrl":"https:\/\/ferretto.com\/wp-content\/uploads\/2024\/03\/core-values.jpg"},{"@type":"BreadcrumbList","@id":"https:\/\/ferretto.com\/es\/quien-somos\/valores-i-compromisos\/#breadcrumb","itemListElement":[{"@type":"ListItem","position":1,"name":"Home","item":"https:\/\/ferretto.com\/"},{"@type":"ListItem","position":2,"name":"Empresa","item":"https:\/\/ferretto.com\/es\/quien-somos\/"},{"@type":"ListItem","position":3,"name":"Valores i compromisos"}]},{"@type":"WebSite","@id":"https:\/\/ferretto.com\/#website","url":"https:\/\/ferretto.com\/","name":"Ferretto SPA","description":"","publisher":{"@id":"https:\/\/ferretto.com\/#organization"},"potentialAction":[{"@type":"SearchAction","target":{"@type":"EntryPoint","urlTemplate":"https:\/\/ferretto.com\/?s={search_term_string}"},"query-input":{"@type":"PropertyValueSpecification","valueRequired":true,"valueName":"search_term_string"}}],"inLanguage":"es"},{"@type":"Organization","@id":"https:\/\/ferretto.com\/#organization","name":"Ferretto SPA","url":"https:\/\/ferretto.com\/","logo":{"@type":"ImageObject","inLanguage":"es","@id":"https:\/\/ferretto.com\/#\/schema\/logo\/image\/","url":"https:\/\/ferretto.com\/wp-content\/uploads\/2024\/02\/FERRETTO-logo-orizz-con-payoff-col.png","contentUrl":"https:\/\/ferretto.com\/wp-content\/uploads\/2024\/02\/FERRETTO-logo-orizz-con-payoff-col.png","width":3190,"height":598,"caption":"Ferretto SPA"},"image":{"@id":"https:\/\/ferretto.com\/#\/schema\/logo\/image\/"}}]}},"_links":{"self":[{"href":"https:\/\/ferretto.com\/es\/wp-json\/wp\/v2\/pages\/4711","targetHints":{"allow":["GET"]}}],"collection":[{"href":"https:\/\/ferretto.com\/es\/wp-json\/wp\/v2\/pages"}],"about":[{"href":"https:\/\/ferretto.com\/es\/wp-json\/wp\/v2\/types\/page"}],"author":[{"embeddable":true,"href":"https:\/\/ferretto.com\/es\/wp-json\/wp\/v2\/users\/1"}],"replies":[{"embeddable":true,"href":"https:\/\/ferretto.com\/es\/wp-json\/wp\/v2\/comments?post=4711"}],"version-history":[{"count":42,"href":"https:\/\/ferretto.com\/es\/wp-json\/wp\/v2\/pages\/4711\/revisions"}],"predecessor-version":[{"id":13199,"href":"https:\/\/ferretto.com\/es\/wp-json\/wp\/v2\/pages\/4711\/revisions\/13199"}],"up":[{"embeddable":true,"href":"https:\/\/ferretto.com\/es\/wp-json\/wp\/v2\/pages\/4709"}],"wp:attachment":[{"href":"https:\/\/ferretto.com\/es\/wp-json\/wp\/v2\/media?parent=4711"}],"curies":[{"name":"wp","href":"https:\/\/api.w.org\/{rel}","templated":true}]}}